{"id":7734,"date":"2026-04-14T14:23:16","date_gmt":"2026-04-14T14:23:16","guid":{"rendered":"https:\/\/logofficina.it\/?post_type=product&#038;p=7734"},"modified":"2026-04-14T15:05:47","modified_gmt":"2026-04-14T15:05:47","slug":"vw-volkswagen-transporter-t7-multivan-california-caravelle-coppia-stemma-logo-anteriore-posteriore-nero-lucido-copia","status":"publish","type":"product","link":"https:\/\/logofficina.it\/de\/produkt\/vw-volkswagen-transporter-t7-multivan-california-caravelle-coppia-stemma-logo-anteriore-posteriore-nero-lucido-copia\/","title":{"rendered":"VW Volkswagen Transporter T7 Multivan California Caravelle &#8211; Coppia Stemma Logo Anteriore Posteriore &#8211; Nero Lucido (Copia)"},"content":{"rendered":"<h3 dir=\"ltr\">Logo Set Vorne + Hinten Schwarz Gl\u00e4nzend<\/h3>\n<p dir=\"ltr\"><strong>VW T7 Multivan, California, Transporter, Caravelle<\/strong><\/p>\n<p><strong>2024 2025 2026<\/strong><\/p>\n<p>Bitte vor dem Kauf die in den Bildern angegebenen Ma\u00dfe \u00fcberpr\u00fcfen.<\/p>\n<p>Plug &amp; Play &#8211; sostituisce il logo originale, corrispondenza perfetta, logo posteriore con biadesivo<\/p>\n<p>Dimensione Anteriore: 156mm<\/p>\n<p>Dimensione Posteriore: 129mm<\/p>\n<p>Es handelt sich um ein hochwertiges Aftermarket Produkt<\/p>\n<p>Codice OEM Logo Anteriore: 3CN 853 601 D<\/p>\n<p dir=\"ltr\">F\u00fcr jeden verkauften Artikel auf unserer Seite, wird ein Baum gepflanzt!\nSomit wollen wir unseren CO2 Fu\u00dfabdruck kompensieren.<\/p>","protected":false},"excerpt":{"rendered":"<p>Kit Logo Anteriore + Posteriore Nero Lucido VW T7 Multivan, California, Transporter, Caravelle 2024 2025 2026 Prima dell&#8217;acquisto controllare dimensioni riportate nelle immagini. Plug &amp; Play &#8211; sostituisce il logo [&hellip;]<\/p>\n","protected":false},"featured_media":7735,"comment_status":"open","ping_status":"closed","template":"","meta":{"advanced_seo_description":"","jetpack_seo_html_title":"","jetpack_seo_noindex":false},"product_brand":[334],"product_cat":[59,268],"product_tag":[110,105,233,112,107,119,115,113,114],"class_list":{"0":"post-7734","1":"product","2":"type-product","3":"status-publish","4":"has-post-thumbnail","6":"product_brand-volkswagen-vw","7":"product_cat-stemma-volkswagen","8":"product_cat-volkswagen","9":"product_tag-badge","10":"product_tag-bagagliaio","11":"product_tag-calandra","12":"product_tag-distintivo","13":"product_tag-emblema","14":"product_tag-facelift","15":"product_tag-fregio","16":"product_tag-griglia","17":"product_tag-mascherina","19":"first","20":"instock","21":"taxable","22":"shipping-taxable","23":"product-type-simple"},"jetpack-related-posts":[{"id":651,"url":"https:\/\/logofficina.it\/de\/produkt\/coppia-stemma-anteriore-posteriore-vw-volkswagen-transporter-t6-nero-lucido\/","url_meta":{"origin":7734,"position":0},"title":"VW Volkswagen Transporter T6, T6.1 \u2013 Logo Set \u2013 Vorne und Hinten \u2013 Schwarz Gl\u00e4nzend","author":"wp_14398142","date":"Januar 15, 2023","format":false,"excerpt":"Kit Logo Anteriore + Posteriore Nero Lucido VW Transporter T6, T6.1 2015 2016 2017 2018 2019 2020 2021 2022 2023 2024 Prima dell'acquisto controllare dimensioni riportate nelle immagini. Plug & Play - sostituisce il logo originale, corrispondenza perfetta Prodotto aftermarket di ottima qualit\u00e0 Link ai Tutorial: https:\/\/youtu.be\/CcDJLqbYBDk?t=15 https:\/\/youtu.be\/IcM7Hb6xcDY?t=33 Per ogni\u2026","rel":"","context":"Mit 1 Kommentar","block_context":{"text":"Mit 1 Kommentar","link":"https:\/\/logofficina.it\/de\/produkt\/coppia-stemma-anteriore-posteriore-vw-volkswagen-transporter-t6-nero-lucido\/#comments"},"img":{"alt_text":"","src":"https:\/\/i0.wp.com\/logofficina.it\/wp-content\/uploads\/2023\/01\/1-6.jpg?fit=1200%2C679&ssl=1&resize=350%2C200","width":350,"height":200,"srcset":"https:\/\/i0.wp.com\/logofficina.it\/wp-content\/uploads\/2023\/01\/1-6.jpg?fit=1200%2C679&ssl=1&resize=350%2C200 1x, https:\/\/i0.wp.com\/logofficina.it\/wp-content\/uploads\/2023\/01\/1-6.jpg?fit=1200%2C679&ssl=1&resize=525%2C300 1.5x, https:\/\/i0.wp.com\/logofficina.it\/wp-content\/uploads\/2023\/01\/1-6.jpg?fit=1200%2C679&ssl=1&resize=700%2C400 2x, https:\/\/i0.wp.com\/logofficina.it\/wp-content\/uploads\/2023\/01\/1-6.jpg?fit=1200%2C679&ssl=1&resize=1050%2C600 3x"},"classes":[]},{"id":656,"url":"https:\/\/logofficina.it\/de\/produkt\/coppia-stemma-anteriore-posteriore-vw-volkswagen-transporter-t5-nero-lucido\/","url_meta":{"origin":7734,"position":1},"title":"VW Volkswagen Transporter T5.1 \u2013 Logo Set \u2013 Vorne und Hinten \u2013 Schwarz gl\u00e4nzend","author":"wp_14398142","date":"Januar 15, 2023","format":false,"excerpt":"\u00a0","rel":"","context":"Mit 1 Kommentar","block_context":{"text":"Mit 1 Kommentar","link":"https:\/\/logofficina.it\/de\/produkt\/coppia-stemma-anteriore-posteriore-vw-volkswagen-transporter-t5-nero-lucido\/#comments"},"img":{"alt_text":"","src":"https:\/\/i0.wp.com\/logofficina.it\/wp-content\/uploads\/2023\/03\/1000007588.jpg?fit=1200%2C827&ssl=1&resize=350%2C200","width":350,"height":200,"srcset":"https:\/\/i0.wp.com\/logofficina.it\/wp-content\/uploads\/2023\/03\/1000007588.jpg?fit=1200%2C827&ssl=1&resize=350%2C200 1x, https:\/\/i0.wp.com\/logofficina.it\/wp-content\/uploads\/2023\/03\/1000007588.jpg?fit=1200%2C827&ssl=1&resize=525%2C300 1.5x, https:\/\/i0.wp.com\/logofficina.it\/wp-content\/uploads\/2023\/03\/1000007588.jpg?fit=1200%2C827&ssl=1&resize=700%2C400 2x, https:\/\/i0.wp.com\/logofficina.it\/wp-content\/uploads\/2023\/03\/1000007588.jpg?fit=1200%2C827&ssl=1&resize=1050%2C600 3x"},"classes":[]},{"id":639,"url":"https:\/\/logofficina.it\/de\/produkt\/coppia-stemma-logo-anteriore-posteriore-vw-t-roc-2017-2020-nero-lucido\/","url_meta":{"origin":7734,"position":2},"title":"VW T-Roc 2017-2020 \u2013 Logo Set \u2013 Vorne und Hinten \u2013 Schwarz Gl\u00e4nzend","author":"wp_14398142","date":"Januar 15, 2023","format":false,"excerpt":"GTI, GTD, R, R-Line","rel":"","context":"\u00c4hnlicher Beitrag","block_context":{"text":"\u00c4hnlicher Beitrag","link":""},"img":{"alt_text":"","src":"https:\/\/i0.wp.com\/logofficina.it\/wp-content\/uploads\/2023\/07\/1000014317.jpg?fit=1080%2C1073&ssl=1&resize=350%2C200","width":350,"height":200,"srcset":"https:\/\/i0.wp.com\/logofficina.it\/wp-content\/uploads\/2023\/07\/1000014317.jpg?fit=1080%2C1073&ssl=1&resize=350%2C200 1x, https:\/\/i0.wp.com\/logofficina.it\/wp-content\/uploads\/2023\/07\/1000014317.jpg?fit=1080%2C1073&ssl=1&resize=525%2C300 1.5x, https:\/\/i0.wp.com\/logofficina.it\/wp-content\/uploads\/2023\/07\/1000014317.jpg?fit=1080%2C1073&ssl=1&resize=700%2C400 2x, https:\/\/i0.wp.com\/logofficina.it\/wp-content\/uploads\/2023\/07\/1000014317.jpg?fit=1080%2C1073&ssl=1&resize=1050%2C600 3x"},"classes":[]},{"id":552,"url":"https:\/\/logofficina.it\/de\/produkt\/coppia-stemma-logo-anteriore-posteriore-volkswagen-vw-golf-6-mk6-nero-lucido\/","url_meta":{"origin":7734,"position":3},"title":"Volkswagen VW Golf 6 MK6 \u2013 Logo Set \u2013 Vorne und Hinten \u2013 Schwarz Gl\u00e4nzend","author":"wp_14398142","date":"Januar 14, 2023","format":false,"excerpt":"GTI, GTD, R, R-Line","rel":"","context":"Mit 6 Kommentaren","block_context":{"text":"Mit 6 Kommentaren","link":"https:\/\/logofficina.it\/de\/produkt\/coppia-stemma-logo-anteriore-posteriore-volkswagen-vw-golf-6-mk6-nero-lucido\/#comments"},"img":{"alt_text":"","src":"https:\/\/i0.wp.com\/logofficina.it\/wp-content\/uploads\/2023\/01\/IMG_20240102_115737-scaled-e1704193920137.jpg?fit=1200%2C788&ssl=1&resize=350%2C200","width":350,"height":200,"srcset":"https:\/\/i0.wp.com\/logofficina.it\/wp-content\/uploads\/2023\/01\/IMG_20240102_115737-scaled-e1704193920137.jpg?fit=1200%2C788&ssl=1&resize=350%2C200 1x, https:\/\/i0.wp.com\/logofficina.it\/wp-content\/uploads\/2023\/01\/IMG_20240102_115737-scaled-e1704193920137.jpg?fit=1200%2C788&ssl=1&resize=525%2C300 1.5x, https:\/\/i0.wp.com\/logofficina.it\/wp-content\/uploads\/2023\/01\/IMG_20240102_115737-scaled-e1704193920137.jpg?fit=1200%2C788&ssl=1&resize=700%2C400 2x, https:\/\/i0.wp.com\/logofficina.it\/wp-content\/uploads\/2023\/01\/IMG_20240102_115737-scaled-e1704193920137.jpg?fit=1200%2C788&ssl=1&resize=1050%2C600 3x"},"classes":[]},{"id":659,"url":"https:\/\/logofficina.it\/de\/produkt\/coppia-stemma-logo-anteriore-posteriore-volkswagen-vw-golf-5-mk5-nero\/","url_meta":{"origin":7734,"position":4},"title":"VW Golf 5 MK5 \u2013 Logo Set \u2013 Vorne und Hinten \u2013 Schwarz Gl\u00e4nzend","author":"wp_14398142","date":"Januar 15, 2023","format":false,"excerpt":"GTI, GTD, R, R-Line","rel":"","context":"Mit 1 Kommentar","block_context":{"text":"Mit 1 Kommentar","link":"https:\/\/logofficina.it\/de\/produkt\/coppia-stemma-logo-anteriore-posteriore-volkswagen-vw-golf-5-mk5-nero\/#comments"},"img":{"alt_text":"","src":"https:\/\/i0.wp.com\/logofficina.it\/wp-content\/uploads\/2024\/01\/IMG_20240102_155657-scaled-e1704207878702.jpg?fit=1200%2C824&ssl=1&resize=350%2C200","width":350,"height":200,"srcset":"https:\/\/i0.wp.com\/logofficina.it\/wp-content\/uploads\/2024\/01\/IMG_20240102_155657-scaled-e1704207878702.jpg?fit=1200%2C824&ssl=1&resize=350%2C200 1x, https:\/\/i0.wp.com\/logofficina.it\/wp-content\/uploads\/2024\/01\/IMG_20240102_155657-scaled-e1704207878702.jpg?fit=1200%2C824&ssl=1&resize=525%2C300 1.5x, https:\/\/i0.wp.com\/logofficina.it\/wp-content\/uploads\/2024\/01\/IMG_20240102_155657-scaled-e1704207878702.jpg?fit=1200%2C824&ssl=1&resize=700%2C400 2x, https:\/\/i0.wp.com\/logofficina.it\/wp-content\/uploads\/2024\/01\/IMG_20240102_155657-scaled-e1704207878702.jpg?fit=1200%2C824&ssl=1&resize=1050%2C600 3x"},"classes":[]},{"id":718,"url":"https:\/\/logofficina.it\/de\/produkt\/vw-polo-5-6r-nero-lucido\/","url_meta":{"origin":7734,"position":5},"title":"VW Polo 5 (6R) 2009-2013 \u2013 Logo Set Vorne und Hinten \u2013 Schwarz Gl\u00e4nzend","author":"wp_14398142","date":"Januar 15, 2023","format":false,"excerpt":"GTI, GTD, R, R-Line","rel":"","context":"Mit 1 Kommentar","block_context":{"text":"Mit 1 Kommentar","link":"https:\/\/logofficina.it\/de\/produkt\/vw-polo-5-6r-nero-lucido\/#comments"},"img":{"alt_text":"","src":"https:\/\/i0.wp.com\/logofficina.it\/wp-content\/uploads\/2023\/03\/57-6.jpg?fit=1200%2C1200&ssl=1&resize=350%2C200","width":350,"height":200,"srcset":"https:\/\/i0.wp.com\/logofficina.it\/wp-content\/uploads\/2023\/03\/57-6.jpg?fit=1200%2C1200&ssl=1&resize=350%2C200 1x, https:\/\/i0.wp.com\/logofficina.it\/wp-content\/uploads\/2023\/03\/57-6.jpg?fit=1200%2C1200&ssl=1&resize=525%2C300 1.5x, https:\/\/i0.wp.com\/logofficina.it\/wp-content\/uploads\/2023\/03\/57-6.jpg?fit=1200%2C1200&ssl=1&resize=700%2C400 2x, https:\/\/i0.wp.com\/logofficina.it\/wp-content\/uploads\/2023\/03\/57-6.jpg?fit=1200%2C1200&ssl=1&resize=1050%2C600 3x"},"classes":[]}],"_links":{"self":[{"href":"https:\/\/logofficina.it\/de\/wp-json\/wp\/v2\/product\/7734","targetHints":{"allow":["GET"]}}],"collection":[{"href":"https:\/\/logofficina.it\/de\/wp-json\/wp\/v2\/product"}],"about":[{"href":"https:\/\/logofficina.it\/de\/wp-json\/wp\/v2\/types\/product"}],"replies":[{"embeddable":true,"href":"https:\/\/logofficina.it\/de\/wp-json\/wp\/v2\/comments?post=7734"}],"wp:featuredmedia":[{"embeddable":true,"href":"https:\/\/logofficina.it\/de\/wp-json\/wp\/v2\/media\/7735"}],"wp:attachment":[{"href":"https:\/\/logofficina.it\/de\/wp-json\/wp\/v2\/media?parent=7734"}],"wp:term":[{"taxonomy":"product_brand","embeddable":true,"href":"https:\/\/logofficina.it\/de\/wp-json\/wp\/v2\/product_brand?post=7734"},{"taxonomy":"product_cat","embeddable":true,"href":"https:\/\/logofficina.it\/de\/wp-json\/wp\/v2\/product_cat?post=7734"},{"taxonomy":"product_tag","embeddable":true,"href":"https:\/\/logofficina.it\/de\/wp-json\/wp\/v2\/product_tag?post=7734"}],"curies":[{"name":"wp","href":"https:\/\/api.w.org\/{rel}","templated":true}]}}