{"id":7679,"date":"2026-04-06T13:50:40","date_gmt":"2026-04-06T13:50:40","guid":{"rendered":"https:\/\/logofficina.it\/?post_type=product&#038;p=7679"},"modified":"2026-04-06T16:41:22","modified_gmt":"2026-04-06T16:41:22","slug":"scritta-stemma-lettere-audi-2-0-2-5-3-0-4-0-30-35-40-45-50-55-tdi-30-35-40-45-50-55-tfsi-2-0-3-0-t-2-4-3-2-3-6-4-2-nero-lucido","status":"publish","type":"product","link":"https:\/\/logofficina.it\/de\/produkt\/scritta-stemma-lettere-audi-2-0-2-5-3-0-4-0-30-35-40-45-50-55-tdi-30-35-40-45-50-55-tfsi-2-0-3-0-t-2-4-3-2-3-6-4-2-nero-lucido\/","title":{"rendered":"Scritta Stemma Targhetta &#8211; Audi 2.0 2.5 3.0 4.0 30 35 40 45 50 55 TDI, 30 35 40 45 50 55 TFSI, 2.0 3.0 T, 2.4 3.2 3.6 4.2- Nero Lucido"},"content":{"rendered":"<h3 dir=\"ltr\">Schriftzug Schwarz Gl\u00e4nzend Audi<\/h3>\n<ul>\n<li dir=\"ltr\"><strong>Material<\/strong>: ABS<\/li>\n<li dir=\"ltr\"><strong>Farbe<\/strong>: Schwarz Gl\u00e4nzend<\/li>\n<\/ul>\n<p>&nbsp;<\/p>\n<p>Vor dem Anbringen der selbstklebenden Plakette die Fl\u00e4che gr\u00fcndlich s\u00e4ubern.<\/p>\n<p>Es handelt sich um ein hochwertiges Aftermarket Produkt<\/p>\n<p dir=\"ltr\">F\u00fcr jeden verkauften Artikel auf unserer Seite, wird ein Baum gepflanzt!\nSomit wollen wir unseren CO2 Fu\u00dfabdruck kompensieren.<\/p>","protected":false},"excerpt":{"rendered":"<p>RS, S<\/p>","protected":false},"featured_media":7691,"comment_status":"open","ping_status":"closed","template":"","meta":{"advanced_seo_description":"","jetpack_seo_html_title":"","jetpack_seo_noindex":false},"product_brand":[332],"product_cat":[267,61],"product_tag":[110,105,230,231,112,107,119,228,108,109,232,106,120],"class_list":{"0":"post-7679","1":"product","2":"type-product","3":"status-publish","4":"has-post-thumbnail","6":"product_brand-audi","7":"product_cat-audi","8":"product_cat-stemma-audi","9":"product_tag-badge","10":"product_tag-bagagliaio","11":"product_tag-black-edition","12":"product_tag-blackline","13":"product_tag-distintivo","14":"product_tag-emblema","15":"product_tag-facelift","16":"product_tag-lettere","17":"product_tag-rs","18":"product_tag-s","19":"product_tag-scritta","20":"product_tag-stemma","21":"product_tag-tuning","23":"first","24":"instock","25":"taxable","26":"shipping-taxable","27":"product-type-variable"},"jetpack-related-posts":[{"id":2070,"url":"https:\/\/logofficina.it\/de\/produkt\/scritta-stemma-targhetta-audi-a3-a4-a5-a6-q2-q3-q5-q7-nero-lucido\/","url_meta":{"origin":7679,"position":0},"title":"Schriftzug - Audi A1 A3 A4 A5 A6 A7 Q2 Q3 Q5 Q7 \u2013 Schwarz Gl\u00e4nzend","author":"wp_14398142","date":"Mai 6, 2023","format":false,"excerpt":"RS, S","rel":"","context":"Mit 4 Kommentaren","block_context":{"text":"Mit 4 Kommentaren","link":"https:\/\/logofficina.it\/de\/produkt\/scritta-stemma-targhetta-audi-a3-a4-a5-a6-q2-q3-q5-q7-nero-lucido\/#comments"},"img":{"alt_text":"","src":"https:\/\/i0.wp.com\/logofficina.it\/wp-content\/uploads\/2023\/05\/Hff17e2e701fe4742833c9a1190e3292eC.jpg?fit=1200%2C900&ssl=1&resize=350%2C200","width":350,"height":200,"srcset":"https:\/\/i0.wp.com\/logofficina.it\/wp-content\/uploads\/2023\/05\/Hff17e2e701fe4742833c9a1190e3292eC.jpg?fit=1200%2C900&ssl=1&resize=350%2C200 1x, https:\/\/i0.wp.com\/logofficina.it\/wp-content\/uploads\/2023\/05\/Hff17e2e701fe4742833c9a1190e3292eC.jpg?fit=1200%2C900&ssl=1&resize=525%2C300 1.5x, https:\/\/i0.wp.com\/logofficina.it\/wp-content\/uploads\/2023\/05\/Hff17e2e701fe4742833c9a1190e3292eC.jpg?fit=1200%2C900&ssl=1&resize=700%2C400 2x, https:\/\/i0.wp.com\/logofficina.it\/wp-content\/uploads\/2023\/05\/Hff17e2e701fe4742833c9a1190e3292eC.jpg?fit=1200%2C900&ssl=1&resize=1050%2C600 3x"},"classes":[]},{"id":7113,"url":"https:\/\/logofficina.it\/de\/produkt\/200mm-stemma-logo-posteriore-audi-a5-nero-lucido-audi-a3-a4-a6-q2-q3-q5-q7-q8-nero-lucido-copia\/","url_meta":{"origin":7679,"position":1},"title":"200mm \u2013 Emblem Logo Hinten Heckklappe \u2013 Audi A5 B10 \u2013 Schwarz Gl\u00e4nzend","author":"logofficina","date":"Dezember 14, 2025","format":false,"excerpt":"RS, S","rel":"","context":"\u00c4hnlicher Beitrag","block_context":{"text":"\u00c4hnlicher Beitrag","link":""},"img":{"alt_text":"","src":"https:\/\/i0.wp.com\/logofficina.it\/wp-content\/uploads\/2025\/12\/s-l1600.jpg?fit=1200%2C458&ssl=1&resize=350%2C200","width":350,"height":200,"srcset":"https:\/\/i0.wp.com\/logofficina.it\/wp-content\/uploads\/2025\/12\/s-l1600.jpg?fit=1200%2C458&ssl=1&resize=350%2C200 1x, https:\/\/i0.wp.com\/logofficina.it\/wp-content\/uploads\/2025\/12\/s-l1600.jpg?fit=1200%2C458&ssl=1&resize=525%2C300 1.5x, https:\/\/i0.wp.com\/logofficina.it\/wp-content\/uploads\/2025\/12\/s-l1600.jpg?fit=1200%2C458&ssl=1&resize=700%2C400 2x, https:\/\/i0.wp.com\/logofficina.it\/wp-content\/uploads\/2025\/12\/s-l1600.jpg?fit=1200%2C458&ssl=1&resize=1050%2C600 3x"},"classes":[]},{"id":2334,"url":"https:\/\/logofficina.it\/de\/produkt\/230mm-stemma-logo-posteriore-audi-q7-nero-lucido\/","url_meta":{"origin":7679,"position":2},"title":"230mm \u2013 Logo Emblem Hinten \u2013 Audi Q7 \u2013 Schwarz Gl\u00e4nzend","author":"logofficina","date":"Juni 30, 2023","format":false,"excerpt":"RS, S","rel":"","context":"\u00c4hnlicher Beitrag","block_context":{"text":"\u00c4hnlicher Beitrag","link":""},"img":{"alt_text":"","src":"https:\/\/i0.wp.com\/logofficina.it\/wp-content\/uploads\/2023\/01\/1.png?fit=886%2C427&ssl=1&resize=350%2C200","width":350,"height":200,"srcset":"https:\/\/i0.wp.com\/logofficina.it\/wp-content\/uploads\/2023\/01\/1.png?fit=886%2C427&ssl=1&resize=350%2C200 1x, https:\/\/i0.wp.com\/logofficina.it\/wp-content\/uploads\/2023\/01\/1.png?fit=886%2C427&ssl=1&resize=525%2C300 1.5x, https:\/\/i0.wp.com\/logofficina.it\/wp-content\/uploads\/2023\/01\/1.png?fit=886%2C427&ssl=1&resize=700%2C400 2x"},"classes":[]},{"id":3115,"url":"https:\/\/logofficina.it\/de\/produkt\/192mm-curvo-stemma-logo-posteriore-bagagliaio-audi-a5-nero-lucido\/","url_meta":{"origin":7679,"position":3},"title":"192mm Konkav\u2013 Logo Emblem Hinten \u2013 Audi A5 \u2013 Schwarz Gl\u00e4nzend","author":"logofficina","date":"Januar 30, 2024","format":false,"excerpt":"RS, S","rel":"","context":"\u00c4hnlicher Beitrag","block_context":{"text":"\u00c4hnlicher Beitrag","link":""},"img":{"alt_text":"","src":"https:\/\/i0.wp.com\/logofficina.it\/wp-content\/uploads\/2023\/01\/1-4.png?fit=500%2C241&ssl=1&resize=350%2C200","width":350,"height":200},"classes":[]},{"id":1287,"url":"https:\/\/logofficina.it\/de\/produkt\/stemma-logo-anteriore-cofano-audi-a1-a3-a5-249mm-nero-lucido\/","url_meta":{"origin":7679,"position":4},"title":"249mm \u2013 Logo Emblem Vorne \u2013 Audi A1 A3 A4 A5 TT \u2013 Schwarz Gl\u00e4nzend","author":"wp_14398142","date":"Februar 7, 2023","format":false,"excerpt":"RS, S","rel":"","context":"Mit 4 Kommentaren","block_context":{"text":"Mit 4 Kommentaren","link":"https:\/\/logofficina.it\/de\/produkt\/stemma-logo-anteriore-cofano-audi-a1-a3-a5-249mm-nero-lucido\/#comments"},"img":{"alt_text":"","src":"https:\/\/i0.wp.com\/logofficina.it\/wp-content\/uploads\/2023\/01\/4-1.png?fit=500%2C333&ssl=1&resize=350%2C200","width":350,"height":200},"classes":[]},{"id":569,"url":"https:\/\/logofficina.it\/de\/produkt\/stemma-logo-anteriore-cofano-audi-a6-q2-q3-q5-285mm-nero-lucido\/","url_meta":{"origin":7679,"position":5},"title":"285mm \u2013 Logo Emblem Vorne \u2013 Audi A6 Q3 Q5 Q7 \u2013 Schwarz Gl\u00e4nzend","author":"wp_14398142","date":"Januar 14, 2023","format":false,"excerpt":"RS, S","rel":"","context":"Mit 5 Kommentaren","block_context":{"text":"Mit 5 Kommentaren","link":"https:\/\/logofficina.it\/de\/produkt\/stemma-logo-anteriore-cofano-audi-a6-q2-q3-q5-285mm-nero-lucido\/#comments"},"img":{"alt_text":"","src":"https:\/\/i0.wp.com\/logofficina.it\/wp-content\/uploads\/2023\/01\/4-1.png?fit=500%2C333&ssl=1&resize=350%2C200","width":350,"height":200},"classes":[]}],"_links":{"self":[{"href":"https:\/\/logofficina.it\/de\/wp-json\/wp\/v2\/product\/7679","targetHints":{"allow":["GET"]}}],"collection":[{"href":"https:\/\/logofficina.it\/de\/wp-json\/wp\/v2\/product"}],"about":[{"href":"https:\/\/logofficina.it\/de\/wp-json\/wp\/v2\/types\/product"}],"replies":[{"embeddable":true,"href":"https:\/\/logofficina.it\/de\/wp-json\/wp\/v2\/comments?post=7679"}],"wp:featuredmedia":[{"embeddable":true,"href":"https:\/\/logofficina.it\/de\/wp-json\/wp\/v2\/media\/7691"}],"wp:attachment":[{"href":"https:\/\/logofficina.it\/de\/wp-json\/wp\/v2\/media?parent=7679"}],"wp:term":[{"taxonomy":"product_brand","embeddable":true,"href":"https:\/\/logofficina.it\/de\/wp-json\/wp\/v2\/product_brand?post=7679"},{"taxonomy":"product_cat","embeddable":true,"href":"https:\/\/logofficina.it\/de\/wp-json\/wp\/v2\/product_cat?post=7679"},{"taxonomy":"product_tag","embeddable":true,"href":"https:\/\/logofficina.it\/de\/wp-json\/wp\/v2\/product_tag?post=7679"}],"curies":[{"name":"wp","href":"https:\/\/api.w.org\/{rel}","templated":true}]}}