{"id":7139,"date":"2025-12-14T12:06:34","date_gmt":"2025-12-14T12:06:34","guid":{"rendered":"https:\/\/logofficina.it\/?post_type=product&#038;p=7139"},"modified":"2026-01-15T15:55:23","modified_gmt":"2026-01-15T15:55:23","slug":"vw-volkswagen-coppia-copertura-specchio-golf-8-nero-lucido","status":"publish","type":"product","link":"https:\/\/logofficina.it\/de\/produkt\/vw-volkswagen-coppia-copertura-specchio-golf-8-nero-lucido\/","title":{"rendered":"VW Volkswagen \u2013 2 Stk. Au\u00dfenspiegelabdeckungen Golf 8 VIII MK8\u2013 Schwarz Gl\u00e4nzend"},"content":{"rendered":"<h3 dir=\"ltr\">Set Au\u00dfenspiegelabdeckungen links + rechts - Schwarz Gl\u00e4nzend<\/h3>\n<ul>\n<li dir=\"ltr\"><strong>VW Volkswagen Golf 8 VIII<\/strong> 2020-<\/li>\n<li dir=\"ltr\"><strong>VW ID 3<\/strong> 2020-<\/li>\n<\/ul>\n<p>Passend f\u00fcr alle Modelle \u2013 mit oder ohne Spurhalteassistent<\/p>\n<p>Plug &amp; Play \u2013 ersetzt die Originalabdeckung, perfekte Passform, f\u00fcr linke und rechte Seite<\/p>\n<p>Es handelt sich um ein hochwertiges Aftermarket Produkt<\/p>\n<p>OEM Nummer: 5H0 857 538 ; 5H0 857 537 ; 5H0857537D GRU \u2013 links; 5H0857538D GRU \u2013 rechts<\/p>\n<p><strong>Vor dem Kauf bitte pr\u00fcfen, ob der auf dem Originalspiegel aufgedruckte OEM-Code mit dem im Angebot angegebenen Code \u00fcbereinstimmt.<\/strong><\/p>\n<p dir=\"ltr\">F\u00fcr jeden verkauften Artikel auf unserer Seite, wird ein Baum gepflanzt!\nSomit wollen wir unseren CO2 Fu\u00dfabdruck kompensieren.<\/p>","protected":false},"excerpt":{"rendered":"<p>Coppia Copertura per specchietto retrovisore sinistro + destro &#8211; Nero Lucido VW Volkswagen Golf 8 VIII 2020- VW ID 3 2020- Disponibile per modello con e senza lane assist Plug [&hellip;]<\/p>\n","protected":false},"featured_media":7143,"comment_status":"open","ping_status":"closed","template":"","meta":{"advanced_seo_description":"","jetpack_seo_html_title":"","jetpack_seo_noindex":false},"product_brand":[334],"product_cat":[268],"product_tag":[230,341,119,114,340],"class_list":{"0":"post-7139","1":"product","2":"type-product","3":"status-publish","4":"has-post-thumbnail","6":"product_brand-volkswagen-vw","7":"product_cat-volkswagen","8":"product_tag-black-edition","9":"product_tag-cover","10":"product_tag-facelift","11":"product_tag-mascherina","12":"product_tag-specchio","14":"first","15":"instock","16":"taxable","17":"shipping-taxable","18":"purchasable","19":"product-type-variable"},"jetpack-related-posts":[{"id":6733,"url":"https:\/\/logofficina.it\/de\/produkt\/emblema-anteriore-stemma-logo-per-front-assist-volkswagen-vw-5h0-853-601-h-dpj\/","url_meta":{"origin":7139,"position":0},"title":"Logo Vorne \u2013 Emblem geeignet f\u00fcr Front Assist \u2013 Volkswagen VW \u2013 5H0 853 601 H DPJ","author":"logofficina","date":"November 14, 2025","format":false,"excerpt":"Copertura Logo VW compatibile con modelli con front assist (ACC) GTI, GTD, R, R-Line","rel":"","context":"\u00c4hnlicher Beitrag","block_context":{"text":"\u00c4hnlicher Beitrag","link":""},"img":{"alt_text":"","src":"https:\/\/i0.wp.com\/logofficina.it\/wp-content\/uploads\/2025\/11\/Screenshot-2025-11-20-at-18-28-32-Original-VW-Emblem-vorn-Kuhlergrill-Zeichen-Logo-chrom-5H0853601HDPJ-ahw-shop-VW-AUDI-Original-Ersatzteile-und-Zubehor.png?fit=430%2C430&ssl=1&resize=350%2C200","width":350,"height":200},"classes":[]},{"id":7432,"url":"https:\/\/logofficina.it\/de\/produkt\/volkswagen-vw-golf-8-mk8-8-5-mk8-5-stemma-logo-anteriore-nero-lucido\/","url_meta":{"origin":7139,"position":1},"title":"Volkswagen VW Golf 8 MK8 8.5 MK8.5 &#8211; Stemma Logo Anteriore &#8211; Nero Lucido","author":"logofficina","date":"Januar 8, 2026","format":false,"excerpt":"GTI, GTD, R, R-Line","rel":"","context":"\u00c4hnlicher Beitrag","block_context":{"text":"\u00c4hnlicher Beitrag","link":""},"img":{"alt_text":"","src":"https:\/\/i0.wp.com\/logofficina.it\/wp-content\/uploads\/2026\/01\/a9d8b3b1c172aaa9b45bebc49836d84b-vw-golf-8-2019-predni-znak-logo-cerna-leskla.jpg?fit=699%2C500&ssl=1&resize=350%2C200","width":350,"height":200,"srcset":"https:\/\/i0.wp.com\/logofficina.it\/wp-content\/uploads\/2026\/01\/a9d8b3b1c172aaa9b45bebc49836d84b-vw-golf-8-2019-predni-znak-logo-cerna-leskla.jpg?fit=699%2C500&ssl=1&resize=350%2C200 1x, https:\/\/i0.wp.com\/logofficina.it\/wp-content\/uploads\/2026\/01\/a9d8b3b1c172aaa9b45bebc49836d84b-vw-golf-8-2019-predni-znak-logo-cerna-leskla.jpg?fit=699%2C500&ssl=1&resize=525%2C300 1.5x"},"classes":[]},{"id":3481,"url":"https:\/\/logofficina.it\/de\/produkt\/volkswagen-vw-golf-8-mk8-stemma-logo-posteriore-bagagliaio-nero-lucido\/","url_meta":{"origin":7139,"position":2},"title":"Volkswagen VW Golf 8 MK8 8.5 MK8.5 \u2013 Logo Emblem Hinten \u2013 Schwarz Gl\u00e4nzend","author":"logofficina","date":"April 4, 2024","format":false,"excerpt":"GTI, GTD, R, R-Line","rel":"","context":"\u00c4hnlicher Beitrag","block_context":{"text":"\u00c4hnlicher Beitrag","link":""},"img":{"alt_text":"","src":"https:\/\/i0.wp.com\/logofficina.it\/wp-content\/uploads\/2025\/11\/IMG_20251123_140433.webp?fit=900%2C1200&ssl=1&resize=350%2C200","width":350,"height":200,"srcset":"https:\/\/i0.wp.com\/logofficina.it\/wp-content\/uploads\/2025\/11\/IMG_20251123_140433.webp?fit=900%2C1200&ssl=1&resize=350%2C200 1x, https:\/\/i0.wp.com\/logofficina.it\/wp-content\/uploads\/2025\/11\/IMG_20251123_140433.webp?fit=900%2C1200&ssl=1&resize=525%2C300 1.5x, https:\/\/i0.wp.com\/logofficina.it\/wp-content\/uploads\/2025\/11\/IMG_20251123_140433.webp?fit=900%2C1200&ssl=1&resize=700%2C400 2x"},"classes":[]},{"id":552,"url":"https:\/\/logofficina.it\/de\/produkt\/coppia-stemma-logo-anteriore-posteriore-volkswagen-vw-golf-6-mk6-nero-lucido\/","url_meta":{"origin":7139,"position":3},"title":"Volkswagen VW Golf 6 MK6 \u2013 Logo Set \u2013 Vorne und Hinten \u2013 Schwarz Gl\u00e4nzend","author":"wp_14398142","date":"Januar 14, 2023","format":false,"excerpt":"GTI, GTD, R, R-Line","rel":"","context":"Mit 6 Kommentaren","block_context":{"text":"Mit 6 Kommentaren","link":"https:\/\/logofficina.it\/de\/produkt\/coppia-stemma-logo-anteriore-posteriore-volkswagen-vw-golf-6-mk6-nero-lucido\/#comments"},"img":{"alt_text":"","src":"https:\/\/i0.wp.com\/logofficina.it\/wp-content\/uploads\/2023\/01\/IMG_20240102_115737-scaled-e1704193920137.jpg?fit=1200%2C788&ssl=1&resize=350%2C200","width":350,"height":200,"srcset":"https:\/\/i0.wp.com\/logofficina.it\/wp-content\/uploads\/2023\/01\/IMG_20240102_115737-scaled-e1704193920137.jpg?fit=1200%2C788&ssl=1&resize=350%2C200 1x, https:\/\/i0.wp.com\/logofficina.it\/wp-content\/uploads\/2023\/01\/IMG_20240102_115737-scaled-e1704193920137.jpg?fit=1200%2C788&ssl=1&resize=525%2C300 1.5x, https:\/\/i0.wp.com\/logofficina.it\/wp-content\/uploads\/2023\/01\/IMG_20240102_115737-scaled-e1704193920137.jpg?fit=1200%2C788&ssl=1&resize=700%2C400 2x, https:\/\/i0.wp.com\/logofficina.it\/wp-content\/uploads\/2023\/01\/IMG_20240102_115737-scaled-e1704193920137.jpg?fit=1200%2C788&ssl=1&resize=1050%2C600 3x"},"classes":[]},{"id":670,"url":"https:\/\/logofficina.it\/de\/produkt\/vw-golf-7-mk7-nero-lucido\/","url_meta":{"origin":7139,"position":4},"title":"VW Volkswagen Golf 7 VII MK7 \u2013 Logo Set \u2013 Vorne K\u00fchlergrill Hinten Heckklappe \u2013 Schwarz Gl\u00e4nzend","author":"wp_14398142","date":"Januar 15, 2023","format":false,"excerpt":"GTI, GTD, R, R-Line","rel":"","context":"Mit 2 Kommentaren","block_context":{"text":"Mit 2 Kommentaren","link":"https:\/\/logofficina.it\/de\/produkt\/vw-golf-7-mk7-nero-lucido\/#comments"},"img":{"alt_text":"","src":"https:\/\/i0.wp.com\/logofficina.it\/wp-content\/uploads\/2023\/01\/5-5.jpg?fit=1200%2C1200&ssl=1&resize=350%2C200","width":350,"height":200,"srcset":"https:\/\/i0.wp.com\/logofficina.it\/wp-content\/uploads\/2023\/01\/5-5.jpg?fit=1200%2C1200&ssl=1&resize=350%2C200 1x, https:\/\/i0.wp.com\/logofficina.it\/wp-content\/uploads\/2023\/01\/5-5.jpg?fit=1200%2C1200&ssl=1&resize=525%2C300 1.5x, https:\/\/i0.wp.com\/logofficina.it\/wp-content\/uploads\/2023\/01\/5-5.jpg?fit=1200%2C1200&ssl=1&resize=700%2C400 2x, https:\/\/i0.wp.com\/logofficina.it\/wp-content\/uploads\/2023\/01\/5-5.jpg?fit=1200%2C1200&ssl=1&resize=1050%2C600 3x"},"classes":[]},{"id":663,"url":"https:\/\/logofficina.it\/de\/produkt\/vw-golf-mk7-5-7-facelift-nero-lucido\/","url_meta":{"origin":7139,"position":5},"title":"VW Golf MK7.5 (7 Facelift) \u2013 Logo Set \u2013 Vorne und Hinten \u2013 Schwarz Gl\u00e4nzend","author":"wp_14398142","date":"Januar 15, 2023","format":false,"excerpt":"GTI, GTD, R, R-Line","rel":"","context":"Mit 2 Kommentaren","block_context":{"text":"Mit 2 Kommentaren","link":"https:\/\/logofficina.it\/de\/produkt\/vw-golf-mk7-5-7-facelift-nero-lucido\/#comments"},"img":{"alt_text":"","src":"https:\/\/i0.wp.com\/logofficina.it\/wp-content\/uploads\/2023\/01\/1-9.jpg?fit=1200%2C1200&ssl=1&resize=350%2C200","width":350,"height":200,"srcset":"https:\/\/i0.wp.com\/logofficina.it\/wp-content\/uploads\/2023\/01\/1-9.jpg?fit=1200%2C1200&ssl=1&resize=350%2C200 1x, https:\/\/i0.wp.com\/logofficina.it\/wp-content\/uploads\/2023\/01\/1-9.jpg?fit=1200%2C1200&ssl=1&resize=525%2C300 1.5x, https:\/\/i0.wp.com\/logofficina.it\/wp-content\/uploads\/2023\/01\/1-9.jpg?fit=1200%2C1200&ssl=1&resize=700%2C400 2x, https:\/\/i0.wp.com\/logofficina.it\/wp-content\/uploads\/2023\/01\/1-9.jpg?fit=1200%2C1200&ssl=1&resize=1050%2C600 3x"},"classes":[]}],"_links":{"self":[{"href":"https:\/\/logofficina.it\/de\/wp-json\/wp\/v2\/product\/7139","targetHints":{"allow":["GET"]}}],"collection":[{"href":"https:\/\/logofficina.it\/de\/wp-json\/wp\/v2\/product"}],"about":[{"href":"https:\/\/logofficina.it\/de\/wp-json\/wp\/v2\/types\/product"}],"replies":[{"embeddable":true,"href":"https:\/\/logofficina.it\/de\/wp-json\/wp\/v2\/comments?post=7139"}],"wp:featuredmedia":[{"embeddable":true,"href":"https:\/\/logofficina.it\/de\/wp-json\/wp\/v2\/media\/7143"}],"wp:attachment":[{"href":"https:\/\/logofficina.it\/de\/wp-json\/wp\/v2\/media?parent=7139"}],"wp:term":[{"taxonomy":"product_brand","embeddable":true,"href":"https:\/\/logofficina.it\/de\/wp-json\/wp\/v2\/product_brand?post=7139"},{"taxonomy":"product_cat","embeddable":true,"href":"https:\/\/logofficina.it\/de\/wp-json\/wp\/v2\/product_cat?post=7139"},{"taxonomy":"product_tag","embeddable":true,"href":"https:\/\/logofficina.it\/de\/wp-json\/wp\/v2\/product_tag?post=7139"}],"curies":[{"name":"wp","href":"https:\/\/api.w.org\/{rel}","templated":true}]}}