{"id":651,"date":"2023-01-15T09:18:02","date_gmt":"2023-01-15T09:18:02","guid":{"rendered":"https:\/\/logofficina-1f9gtl7c4z.live-website.com\/?post_type=product&#038;p=651"},"modified":"2026-05-12T21:02:16","modified_gmt":"2026-05-12T21:02:16","slug":"coppia-stemma-anteriore-posteriore-vw-volkswagen-transporter-t6-nero-lucido","status":"publish","type":"product","link":"https:\/\/logofficina.it\/de\/produkt\/coppia-stemma-anteriore-posteriore-vw-volkswagen-transporter-t6-nero-lucido\/","title":{"rendered":"VW Volkswagen Transporter T6, T6.1 \u2013 Logo Set \u2013 Vorne und Hinten \u2013 Schwarz Gl\u00e4nzend"},"content":{"rendered":"<h3 dir=\"ltr\">Logo Set Vorne + Hinten Schwarz Gl\u00e4nzend<\/h3>\n<p dir=\"ltr\"><strong>VW Transporter T6, T6.1<\/strong><\/p>\n<p><strong>2015 2016 2017 2018 2019 2020 2021 2022 2023 2024<\/strong><\/p>\n<p>Bitte vor dem Kauf die in den Bildern angegebenen Ma\u00dfe \u00fcberpr\u00fcfen.<\/p>\n<p>Plug &amp; Play \u2013 ersetzt das Original, 100% passgenau<\/p>\n<p>Es handelt sich um ein hochwertiges Aftermarket Produkt<\/p>\n<p dir=\"ltr\">Link zum Tutorial<\/p>\n<p dir=\"ltr\">\n<div class=\"jetpack-video-wrapper\"><span class=\"embed-youtube\" style=\"text-align:center; display: block;\"><iframe loading=\"lazy\" class=\"youtube-player\" width=\"1140\" height=\"642\" src=\"https:\/\/www.youtube.com\/embed\/CcDJLqbYBDk?version=3&#038;rel=1&#038;showsearch=0&#038;showinfo=1&#038;iv_load_policy=1&#038;fs=1&#038;hl=de-DE&#038;autohide=2&#038;start=15&#038;wmode=transparent\" allowfullscreen=\"true\" style=\"border:0;\" sandbox=\"allow-scripts allow-same-origin allow-popups allow-presentation allow-popups-to-escape-sandbox\"><\/iframe><\/span><\/div>\n<\/p>\n<p dir=\"ltr\">\n<div class=\"jetpack-video-wrapper\"><span class=\"embed-youtube\" style=\"text-align:center; display: block;\"><iframe loading=\"lazy\" class=\"youtube-player\" width=\"1140\" height=\"642\" src=\"https:\/\/www.youtube.com\/embed\/IcM7Hb6xcDY?version=3&#038;rel=1&#038;showsearch=0&#038;showinfo=1&#038;iv_load_policy=1&#038;fs=1&#038;hl=de-DE&#038;autohide=2&#038;start=33&#038;wmode=transparent\" allowfullscreen=\"true\" style=\"border:0;\" sandbox=\"allow-scripts allow-same-origin allow-popups allow-presentation allow-popups-to-escape-sandbox\"><\/iframe><\/span><\/div>\n<\/p>\n<p dir=\"ltr\">F\u00fcr jeden verkauften Artikel auf unserer Seite, wird ein Baum gepflanzt!\nSomit wollen wir unseren CO2 Fu\u00dfabdruck kompensieren.<\/p>\n<p><script src=\"moz-extension:\/\/61c9c9c4-7081-4f91-8561-959389e170a2\/iFrame.js\" type=\"text\/javascript\"><\/script><\/p>","protected":false},"excerpt":{"rendered":"<p>Kit Logo Anteriore + Posteriore Nero Lucido VW Transporter T6, T6.1 2015 2016 2017 2018 2019 2020 2021 2022 2023 2024 Prima dell&#8217;acquisto controllare dimensioni riportate nelle immagini. Plug &amp; [&hellip;]<\/p>\n","protected":false},"featured_media":652,"comment_status":"open","ping_status":"closed","template":"","meta":{"advanced_seo_description":"","jetpack_seo_html_title":"","jetpack_seo_noindex":false},"product_brand":[334],"product_cat":[59],"product_tag":[110,105,233,112,107,119,115,113,114],"class_list":{"0":"post-651","1":"product","2":"type-product","3":"status-publish","4":"has-post-thumbnail","6":"product_brand-volkswagen-vw","7":"product_cat-stemma-volkswagen","8":"product_tag-badge","9":"product_tag-bagagliaio","10":"product_tag-calandra","11":"product_tag-distintivo","12":"product_tag-emblema","13":"product_tag-facelift","14":"product_tag-fregio","15":"product_tag-griglia","16":"product_tag-mascherina","18":"first","19":"instock","20":"taxable","21":"shipping-taxable","22":"purchasable","23":"product-type-simple"},"jetpack-related-posts":[{"id":656,"url":"https:\/\/logofficina.it\/de\/produkt\/coppia-stemma-anteriore-posteriore-vw-volkswagen-transporter-t5-nero-lucido\/","url_meta":{"origin":651,"position":0},"title":"VW Volkswagen Transporter T5.1 \u2013 Logo Set \u2013 Vorne und Hinten \u2013 Schwarz gl\u00e4nzend","author":"wp_14398142","date":"Januar 15, 2023","format":false,"excerpt":"\u00a0","rel":"","context":"Mit 1 Kommentar","block_context":{"text":"Mit 1 Kommentar","link":"https:\/\/logofficina.it\/de\/produkt\/coppia-stemma-anteriore-posteriore-vw-volkswagen-transporter-t5-nero-lucido\/#comments"},"img":{"alt_text":"","src":"https:\/\/i0.wp.com\/logofficina.it\/wp-content\/uploads\/2023\/03\/1000007588.jpg?fit=1200%2C827&ssl=1&resize=350%2C200","width":350,"height":200,"srcset":"https:\/\/i0.wp.com\/logofficina.it\/wp-content\/uploads\/2023\/03\/1000007588.jpg?fit=1200%2C827&ssl=1&resize=350%2C200 1x, https:\/\/i0.wp.com\/logofficina.it\/wp-content\/uploads\/2023\/03\/1000007588.jpg?fit=1200%2C827&ssl=1&resize=525%2C300 1.5x, https:\/\/i0.wp.com\/logofficina.it\/wp-content\/uploads\/2023\/03\/1000007588.jpg?fit=1200%2C827&ssl=1&resize=700%2C400 2x, https:\/\/i0.wp.com\/logofficina.it\/wp-content\/uploads\/2023\/03\/1000007588.jpg?fit=1200%2C827&ssl=1&resize=1050%2C600 3x"},"classes":[]},{"id":639,"url":"https:\/\/logofficina.it\/de\/produkt\/coppia-stemma-logo-anteriore-posteriore-vw-t-roc-2017-2020-nero-lucido\/","url_meta":{"origin":651,"position":1},"title":"VW T-Roc 2017-2020 \u2013 Logo Set \u2013 Vorne und Hinten \u2013 Schwarz Gl\u00e4nzend","author":"wp_14398142","date":"Januar 15, 2023","format":false,"excerpt":"GTI, GTD, R, R-Line","rel":"","context":"\u00c4hnlicher Beitrag","block_context":{"text":"\u00c4hnlicher Beitrag","link":""},"img":{"alt_text":"","src":"https:\/\/i0.wp.com\/logofficina.it\/wp-content\/uploads\/2023\/07\/1000014317.jpg?fit=1080%2C1073&ssl=1&resize=350%2C200","width":350,"height":200,"srcset":"https:\/\/i0.wp.com\/logofficina.it\/wp-content\/uploads\/2023\/07\/1000014317.jpg?fit=1080%2C1073&ssl=1&resize=350%2C200 1x, https:\/\/i0.wp.com\/logofficina.it\/wp-content\/uploads\/2023\/07\/1000014317.jpg?fit=1080%2C1073&ssl=1&resize=525%2C300 1.5x, https:\/\/i0.wp.com\/logofficina.it\/wp-content\/uploads\/2023\/07\/1000014317.jpg?fit=1080%2C1073&ssl=1&resize=700%2C400 2x, https:\/\/i0.wp.com\/logofficina.it\/wp-content\/uploads\/2023\/07\/1000014317.jpg?fit=1080%2C1073&ssl=1&resize=1050%2C600 3x"},"classes":[]},{"id":7734,"url":"https:\/\/logofficina.it\/de\/produkt\/vw-volkswagen-transporter-t7-multivan-california-caravelle-coppia-stemma-logo-anteriore-posteriore-nero-lucido-copia\/","url_meta":{"origin":651,"position":2},"title":"VW Volkswagen Transporter T7 Multivan California Caravelle &#8211; Coppia Stemma Logo Anteriore Posteriore &#8211; Nero Lucido (Copia)","author":"logofficina","date":"April 14, 2026","format":false,"excerpt":"Kit Logo Anteriore + Posteriore Nero Lucido VW T7 Multivan, California, Transporter, Caravelle 2024 2025 2026 Prima dell'acquisto controllare dimensioni riportate nelle immagini. Plug & Play - sostituisce il logo originale, corrispondenza perfetta, logo posteriore con biadesivo Dimensione Anteriore: 156mm Dimensione Posteriore: 129mm Prodotto aftermarket di ottima qualit\u00e0 Codice OEM\u2026","rel":"","context":"\u00c4hnlicher Beitrag","block_context":{"text":"\u00c4hnlicher Beitrag","link":""},"img":{"alt_text":"","src":"https:\/\/i0.wp.com\/logofficina.it\/wp-content\/uploads\/2026\/04\/Capture.jpg?fit=510%2C413&ssl=1&resize=350%2C200","width":350,"height":200},"classes":[]},{"id":552,"url":"https:\/\/logofficina.it\/de\/produkt\/coppia-stemma-logo-anteriore-posteriore-volkswagen-vw-golf-6-mk6-nero-lucido\/","url_meta":{"origin":651,"position":3},"title":"Volkswagen VW Golf 6 MK6 \u2013 Logo Set \u2013 Vorne und Hinten \u2013 Schwarz Gl\u00e4nzend","author":"wp_14398142","date":"Januar 14, 2023","format":false,"excerpt":"GTI, GTD, R, R-Line","rel":"","context":"Mit 6 Kommentaren","block_context":{"text":"Mit 6 Kommentaren","link":"https:\/\/logofficina.it\/de\/produkt\/coppia-stemma-logo-anteriore-posteriore-volkswagen-vw-golf-6-mk6-nero-lucido\/#comments"},"img":{"alt_text":"","src":"https:\/\/i0.wp.com\/logofficina.it\/wp-content\/uploads\/2023\/01\/IMG_20240102_115737-scaled-e1704193920137.jpg?fit=1200%2C788&ssl=1&resize=350%2C200","width":350,"height":200,"srcset":"https:\/\/i0.wp.com\/logofficina.it\/wp-content\/uploads\/2023\/01\/IMG_20240102_115737-scaled-e1704193920137.jpg?fit=1200%2C788&ssl=1&resize=350%2C200 1x, https:\/\/i0.wp.com\/logofficina.it\/wp-content\/uploads\/2023\/01\/IMG_20240102_115737-scaled-e1704193920137.jpg?fit=1200%2C788&ssl=1&resize=525%2C300 1.5x, https:\/\/i0.wp.com\/logofficina.it\/wp-content\/uploads\/2023\/01\/IMG_20240102_115737-scaled-e1704193920137.jpg?fit=1200%2C788&ssl=1&resize=700%2C400 2x, https:\/\/i0.wp.com\/logofficina.it\/wp-content\/uploads\/2023\/01\/IMG_20240102_115737-scaled-e1704193920137.jpg?fit=1200%2C788&ssl=1&resize=1050%2C600 3x"},"classes":[]},{"id":718,"url":"https:\/\/logofficina.it\/de\/produkt\/vw-polo-5-6r-nero-lucido\/","url_meta":{"origin":651,"position":4},"title":"VW Polo 5 (6R) 2009-2013 \u2013 Logo Set Vorne und Hinten \u2013 Schwarz Gl\u00e4nzend","author":"wp_14398142","date":"Januar 15, 2023","format":false,"excerpt":"GTI, GTD, R, R-Line","rel":"","context":"Mit 1 Kommentar","block_context":{"text":"Mit 1 Kommentar","link":"https:\/\/logofficina.it\/de\/produkt\/vw-polo-5-6r-nero-lucido\/#comments"},"img":{"alt_text":"","src":"https:\/\/i0.wp.com\/logofficina.it\/wp-content\/uploads\/2023\/03\/57-6.jpg?fit=1200%2C1200&ssl=1&resize=350%2C200","width":350,"height":200,"srcset":"https:\/\/i0.wp.com\/logofficina.it\/wp-content\/uploads\/2023\/03\/57-6.jpg?fit=1200%2C1200&ssl=1&resize=350%2C200 1x, https:\/\/i0.wp.com\/logofficina.it\/wp-content\/uploads\/2023\/03\/57-6.jpg?fit=1200%2C1200&ssl=1&resize=525%2C300 1.5x, https:\/\/i0.wp.com\/logofficina.it\/wp-content\/uploads\/2023\/03\/57-6.jpg?fit=1200%2C1200&ssl=1&resize=700%2C400 2x, https:\/\/i0.wp.com\/logofficina.it\/wp-content\/uploads\/2023\/03\/57-6.jpg?fit=1200%2C1200&ssl=1&resize=1050%2C600 3x"},"classes":[]},{"id":677,"url":"https:\/\/logofficina.it\/de\/produkt\/vw-polo-5-6c-nero-lucido\/","url_meta":{"origin":651,"position":5},"title":"VW Polo 5 (6C) 2014-17 \u2013 Logo Set \u2013 Vorne und Hinten \u2013 Schwarz gl\u00e4nzend","author":"wp_14398142","date":"Januar 15, 2023","format":false,"excerpt":"GTI, GTD, R, R-Line","rel":"","context":"Mit 2 Kommentaren","block_context":{"text":"Mit 2 Kommentaren","link":"https:\/\/logofficina.it\/de\/produkt\/vw-polo-5-6c-nero-lucido\/#comments"},"img":{"alt_text":"","src":"https:\/\/i0.wp.com\/logofficina.it\/wp-content\/uploads\/2023\/01\/1-11.jpg?fit=1200%2C1200&ssl=1&resize=350%2C200","width":350,"height":200,"srcset":"https:\/\/i0.wp.com\/logofficina.it\/wp-content\/uploads\/2023\/01\/1-11.jpg?fit=1200%2C1200&ssl=1&resize=350%2C200 1x, https:\/\/i0.wp.com\/logofficina.it\/wp-content\/uploads\/2023\/01\/1-11.jpg?fit=1200%2C1200&ssl=1&resize=525%2C300 1.5x, https:\/\/i0.wp.com\/logofficina.it\/wp-content\/uploads\/2023\/01\/1-11.jpg?fit=1200%2C1200&ssl=1&resize=700%2C400 2x, https:\/\/i0.wp.com\/logofficina.it\/wp-content\/uploads\/2023\/01\/1-11.jpg?fit=1200%2C1200&ssl=1&resize=1050%2C600 3x"},"classes":[]}],"_links":{"self":[{"href":"https:\/\/logofficina.it\/de\/wp-json\/wp\/v2\/product\/651","targetHints":{"allow":["GET"]}}],"collection":[{"href":"https:\/\/logofficina.it\/de\/wp-json\/wp\/v2\/product"}],"about":[{"href":"https:\/\/logofficina.it\/de\/wp-json\/wp\/v2\/types\/product"}],"replies":[{"embeddable":true,"href":"https:\/\/logofficina.it\/de\/wp-json\/wp\/v2\/comments?post=651"}],"wp:featuredmedia":[{"embeddable":true,"href":"https:\/\/logofficina.it\/de\/wp-json\/wp\/v2\/media\/652"}],"wp:attachment":[{"href":"https:\/\/logofficina.it\/de\/wp-json\/wp\/v2\/media?parent=651"}],"wp:term":[{"taxonomy":"product_brand","embeddable":true,"href":"https:\/\/logofficina.it\/de\/wp-json\/wp\/v2\/product_brand?post=651"},{"taxonomy":"product_cat","embeddable":true,"href":"https:\/\/logofficina.it\/de\/wp-json\/wp\/v2\/product_cat?post=651"},{"taxonomy":"product_tag","embeddable":true,"href":"https:\/\/logofficina.it\/de\/wp-json\/wp\/v2\/product_tag?post=651"}],"curies":[{"name":"wp","href":"https:\/\/api.w.org\/{rel}","templated":true}]}}