{"id":620,"date":"2023-01-14T20:05:22","date_gmt":"2023-01-14T20:05:22","guid":{"rendered":"https:\/\/logofficina-1f9gtl7c4z.live-website.com\/?post_type=product&#038;p=620"},"modified":"2026-04-11T06:18:10","modified_gmt":"2026-04-11T06:18:10","slug":"coppia-stemma-anteriore-posteriore-vw-volkswagen","status":"publish","type":"product","link":"https:\/\/logofficina.it\/de\/produkt\/coppia-stemma-anteriore-posteriore-vw-volkswagen\/","title":{"rendered":"Abdeckungen ACC - Logo Emblem Schwarz - Volkswagen VW - Golf 7 7.5 8 Polo 6 Tiguan 2.5 3 T-Roc T-Cross"},"content":{"rendered":"<h3 dir=\"ltr\">Abdeckung Embleme (Vorne + Hinten)<\/h3>\n<h3 dir=\"ltr\">Schwarz Halbdurchsichtig<\/h3>\n<p dir=\"ltr\">Kompatibel mit Fahrzeugen mit Frontkamera- und Radarsystemen: <strong>Front Assist \u2013 Adaptive Cruise Control (ACC) \u2013 Notbremsassistent<\/strong><\/p>\n<ul>\n<li>VW Volkswagen <b>Golf 7 VII MK7 (Siebte Generation) <\/b>2012 2013 2014 2015 2016<\/li>\n<li>VW Volkswagen <b>Golf 7.5 MK7.5 (Siebte Generation Facelift) <\/b>2016 2017 2018<\/li>\n<li>VW Volkswagen <b>Golf 8 VIII MK8 (Achte Generation) <\/b>2019 2020 2021 2022 2023 2024 + <b>Golf 8.5 MK8.5 (Achte <\/b>Generation Facelift) 2025 2026<\/li>\n<li>VW Volkswagen <b>Polo 6 VI AW1 (Sechste Generation) <\/b>2018 2019 2020 2021<\/li>\n<li>VW Volkswagen <b>Polo 6 VI F (Sechste Generation Restyling \u2013 Facelift) <\/b>2021 2022 2023 2023 2024 2025<\/li>\n<li>VW Volkswagen <strong>T-Roc (Erste Generation) <\/strong>2018 2019 2020<\/li>\n<li>VW Volkswagen <strong>T-Roc <\/strong><strong>(Erste Generation Restyling)<\/strong> 2021 2022 2023 2024 2025<\/li>\n<li>VW Volkswagen <strong>T-Cross <\/strong><strong>(Erste Generation Restyling) <\/strong>2024 2025<\/li>\n<li>VW Volkswagen <strong>Tiguan 2.5 MK2.5 (Zweite Generation Restyling)<\/strong> 2020 2021 2022 2023 2024<\/li>\n<li>VW Volkswagen <strong>Tiguan 3 MK3 III<\/strong> <strong>(Dritte Generation)<\/strong> 2024 2025 2026<\/li>\n<\/ul>\n<p>Emblemabdeckungen speziell entwickelt f\u00fcr Modelle, wo die Kamera\/Radar hinter das vordere Logo positioniert ist.<\/p>\n<p>Abdeckungen der Logos auf dem K\u00fchlergrill und Heckklappe werden auf den originalen Logos mittels sehr starkem Doppelkleber mit optimalen Halt angemacht. Vorher sicherstellen, dass die originalen Logos perfekt sauber sind.<\/p>\n<p dir=\"ltr\">F\u00fcr jeden verkauften Artikel auf unserer Seite, wird ein Baum gepflanzt!\nSomit wollen wir unseren CO2 Fu\u00dfabdruck kompensieren.<\/p>","protected":false},"excerpt":{"rendered":"<p>Copertura Emblema Logo VW compatibile con modelli con front assist (ACC)<\/p>\n<p>GTI, GTD, R, R-Line<\/p>","protected":false},"featured_media":612,"comment_status":"open","ping_status":"closed","template":"","meta":{"advanced_seo_description":"","jetpack_seo_html_title":"","jetpack_seo_noindex":false},"product_brand":[334],"product_cat":[59,268],"product_tag":[121,124,110,105,233,104,112,107,119,115,113,117,116,114,118,122,106,123,120],"class_list":{"0":"post-620","1":"product","2":"type-product","3":"status-publish","4":"has-post-thumbnail","6":"product_brand-volkswagen-vw","7":"product_cat-stemma-volkswagen","8":"product_cat-volkswagen","9":"product_tag-acc","10":"product_tag-adaptive-cruise-control","11":"product_tag-badge","12":"product_tag-bagagliaio","13":"product_tag-calandra","14":"product_tag-cofano","15":"product_tag-distintivo","16":"product_tag-emblema","17":"product_tag-facelift","18":"product_tag-fregio","19":"product_tag-griglia","20":"product_tag-gtd","21":"product_tag-gti","22":"product_tag-mascherina","23":"product_tag-r-line","24":"product_tag-radar","25":"product_tag-stemma","26":"product_tag-telecamera","27":"product_tag-tuning","29":"first","30":"instock","31":"taxable","32":"shipping-taxable","33":"product-type-variable"},"jetpack-related-posts":[{"id":5505,"url":"https:\/\/logofficina.it\/de\/produkt\/emblema-anteriore-stemma-logo-per-front-assist-volkswagen-vw-2gm-853-601-e\/","url_meta":{"origin":620,"position":0},"title":"Logo Vorne \u2013 Emblem f\u00fcr Front Assist \u2013 Volkswagen VW \u2013 2GM 853 601 DPJ E","author":"logofficina","date":"April 8, 2025","format":false,"excerpt":"Copertura Logo VW compatibile con modelli con front assist (ACC) GTI, GTD, R, R-Line","rel":"","context":"\u00c4hnlicher Beitrag","block_context":{"text":"\u00c4hnlicher Beitrag","link":""},"img":{"alt_text":"","src":"https:\/\/i0.wp.com\/logofficina.it\/wp-content\/uploads\/2025\/04\/Screenshot-2025-11-20-at-17-58-49-Original-VW-POLO-TOURAN-T-CROSS-T-ROC-VW-Zeichen-Emblem-Logo-VORN-2GM853601E-DPJ-eBay.de_.png?fit=561%2C499&ssl=1&resize=350%2C200","width":350,"height":200,"srcset":"https:\/\/i0.wp.com\/logofficina.it\/wp-content\/uploads\/2025\/04\/Screenshot-2025-11-20-at-17-58-49-Original-VW-POLO-TOURAN-T-CROSS-T-ROC-VW-Zeichen-Emblem-Logo-VORN-2GM853601E-DPJ-eBay.de_.png?fit=561%2C499&ssl=1&resize=350%2C200 1x, https:\/\/i0.wp.com\/logofficina.it\/wp-content\/uploads\/2025\/04\/Screenshot-2025-11-20-at-17-58-49-Original-VW-POLO-TOURAN-T-CROSS-T-ROC-VW-Zeichen-Emblem-Logo-VORN-2GM853601E-DPJ-eBay.de_.png?fit=561%2C499&ssl=1&resize=525%2C300 1.5x"},"classes":[]},{"id":6733,"url":"https:\/\/logofficina.it\/de\/produkt\/emblema-anteriore-stemma-logo-per-front-assist-volkswagen-vw-5h0-853-601-h-dpj\/","url_meta":{"origin":620,"position":1},"title":"Logo Vorne \u2013 Emblem geeignet f\u00fcr Front Assist \u2013 Volkswagen VW \u2013 5H0 853 601 H DPJ","author":"logofficina","date":"November 14, 2025","format":false,"excerpt":"Copertura Logo VW compatibile con modelli con front assist (ACC) GTI, GTD, R, R-Line","rel":"","context":"\u00c4hnlicher Beitrag","block_context":{"text":"\u00c4hnlicher Beitrag","link":""},"img":{"alt_text":"","src":"https:\/\/i0.wp.com\/logofficina.it\/wp-content\/uploads\/2025\/11\/Screenshot-2025-11-20-at-18-28-32-Original-VW-Emblem-vorn-Kuhlergrill-Zeichen-Logo-chrom-5H0853601HDPJ-ahw-shop-VW-AUDI-Original-Ersatzteile-und-Zubehor.png?fit=430%2C430&ssl=1&resize=350%2C200","width":350,"height":200},"classes":[]},{"id":663,"url":"https:\/\/logofficina.it\/de\/produkt\/vw-golf-mk7-5-7-facelift-nero-lucido\/","url_meta":{"origin":620,"position":2},"title":"VW Golf MK7.5 (7 Facelift) \u2013 Logo Set \u2013 Vorne und Hinten \u2013 Schwarz Gl\u00e4nzend","author":"wp_14398142","date":"Januar 15, 2023","format":false,"excerpt":"GTI, GTD, R, R-Line","rel":"","context":"Mit 2 Kommentaren","block_context":{"text":"Mit 2 Kommentaren","link":"https:\/\/logofficina.it\/de\/produkt\/vw-golf-mk7-5-7-facelift-nero-lucido\/#comments"},"img":{"alt_text":"","src":"https:\/\/i0.wp.com\/logofficina.it\/wp-content\/uploads\/2023\/01\/1-9.jpg?fit=1200%2C1200&ssl=1&resize=350%2C200","width":350,"height":200,"srcset":"https:\/\/i0.wp.com\/logofficina.it\/wp-content\/uploads\/2023\/01\/1-9.jpg?fit=1200%2C1200&ssl=1&resize=350%2C200 1x, https:\/\/i0.wp.com\/logofficina.it\/wp-content\/uploads\/2023\/01\/1-9.jpg?fit=1200%2C1200&ssl=1&resize=525%2C300 1.5x, https:\/\/i0.wp.com\/logofficina.it\/wp-content\/uploads\/2023\/01\/1-9.jpg?fit=1200%2C1200&ssl=1&resize=700%2C400 2x, https:\/\/i0.wp.com\/logofficina.it\/wp-content\/uploads\/2023\/01\/1-9.jpg?fit=1200%2C1200&ssl=1&resize=1050%2C600 3x"},"classes":[]},{"id":3481,"url":"https:\/\/logofficina.it\/de\/produkt\/volkswagen-vw-golf-8-mk8-stemma-logo-posteriore-bagagliaio-nero-lucido\/","url_meta":{"origin":620,"position":3},"title":"Volkswagen VW Golf 8 MK8 8.5 MK8.5 \u2013 Logo Emblem Hinten \u2013 Schwarz Gl\u00e4nzend","author":"logofficina","date":"April 4, 2024","format":false,"excerpt":"GTI, GTD, R, R-Line","rel":"","context":"\u00c4hnlicher Beitrag","block_context":{"text":"\u00c4hnlicher Beitrag","link":""},"img":{"alt_text":"","src":"https:\/\/i0.wp.com\/logofficina.it\/wp-content\/uploads\/2025\/11\/IMG_20251123_140433.webp?fit=900%2C1200&ssl=1&resize=350%2C200","width":350,"height":200,"srcset":"https:\/\/i0.wp.com\/logofficina.it\/wp-content\/uploads\/2025\/11\/IMG_20251123_140433.webp?fit=900%2C1200&ssl=1&resize=350%2C200 1x, https:\/\/i0.wp.com\/logofficina.it\/wp-content\/uploads\/2025\/11\/IMG_20251123_140433.webp?fit=900%2C1200&ssl=1&resize=525%2C300 1.5x, https:\/\/i0.wp.com\/logofficina.it\/wp-content\/uploads\/2025\/11\/IMG_20251123_140433.webp?fit=900%2C1200&ssl=1&resize=700%2C400 2x"},"classes":[]},{"id":7432,"url":"https:\/\/logofficina.it\/de\/produkt\/volkswagen-vw-golf-8-mk8-8-5-mk8-5-stemma-logo-anteriore-nero-lucido\/","url_meta":{"origin":620,"position":4},"title":"Volkswagen VW Golf 8 MK8 8.5 MK8.5 &#8211; Stemma Logo Anteriore &#8211; Nero Lucido","author":"logofficina","date":"Januar 8, 2026","format":false,"excerpt":"GTI, GTD, R, R-Line","rel":"","context":"\u00c4hnlicher Beitrag","block_context":{"text":"\u00c4hnlicher Beitrag","link":""},"img":{"alt_text":"","src":"https:\/\/i0.wp.com\/logofficina.it\/wp-content\/uploads\/2026\/01\/a9d8b3b1c172aaa9b45bebc49836d84b-vw-golf-8-2019-predni-znak-logo-cerna-leskla.jpg?fit=699%2C500&ssl=1&resize=350%2C200","width":350,"height":200,"srcset":"https:\/\/i0.wp.com\/logofficina.it\/wp-content\/uploads\/2026\/01\/a9d8b3b1c172aaa9b45bebc49836d84b-vw-golf-8-2019-predni-znak-logo-cerna-leskla.jpg?fit=699%2C500&ssl=1&resize=350%2C200 1x, https:\/\/i0.wp.com\/logofficina.it\/wp-content\/uploads\/2026\/01\/a9d8b3b1c172aaa9b45bebc49836d84b-vw-golf-8-2019-predni-znak-logo-cerna-leskla.jpg?fit=699%2C500&ssl=1&resize=525%2C300 1.5x"},"classes":[]},{"id":1669,"url":"https:\/\/logofficina.it\/de\/produkt\/golf-mk7-5-7-facelift-nero-opaco\/","url_meta":{"origin":620,"position":5},"title":"VW Golf MK7.5 (7 Facelift) \u2013 Logo Set \u2013 Vorne und Hinten \u2013 Schwarz Matt","author":"wp_14398142","date":"M\u00e4rz 20, 2023","format":false,"excerpt":"GTI, GTD, R, R-Line","rel":"","context":"Mit 1 Kommentar","block_context":{"text":"Mit 1 Kommentar","link":"https:\/\/logofficina.it\/de\/produkt\/golf-mk7-5-7-facelift-nero-opaco\/#comments"},"img":{"alt_text":"","src":"https:\/\/i0.wp.com\/logofficina.it\/wp-content\/uploads\/2023\/01\/1-12.jpg?fit=1200%2C1200&ssl=1&resize=350%2C200","width":350,"height":200,"srcset":"https:\/\/i0.wp.com\/logofficina.it\/wp-content\/uploads\/2023\/01\/1-12.jpg?fit=1200%2C1200&ssl=1&resize=350%2C200 1x, https:\/\/i0.wp.com\/logofficina.it\/wp-content\/uploads\/2023\/01\/1-12.jpg?fit=1200%2C1200&ssl=1&resize=525%2C300 1.5x, https:\/\/i0.wp.com\/logofficina.it\/wp-content\/uploads\/2023\/01\/1-12.jpg?fit=1200%2C1200&ssl=1&resize=700%2C400 2x, https:\/\/i0.wp.com\/logofficina.it\/wp-content\/uploads\/2023\/01\/1-12.jpg?fit=1200%2C1200&ssl=1&resize=1050%2C600 3x"},"classes":[]}],"_links":{"self":[{"href":"https:\/\/logofficina.it\/de\/wp-json\/wp\/v2\/product\/620","targetHints":{"allow":["GET"]}}],"collection":[{"href":"https:\/\/logofficina.it\/de\/wp-json\/wp\/v2\/product"}],"about":[{"href":"https:\/\/logofficina.it\/de\/wp-json\/wp\/v2\/types\/product"}],"replies":[{"embeddable":true,"href":"https:\/\/logofficina.it\/de\/wp-json\/wp\/v2\/comments?post=620"}],"wp:featuredmedia":[{"embeddable":true,"href":"https:\/\/logofficina.it\/de\/wp-json\/wp\/v2\/media\/612"}],"wp:attachment":[{"href":"https:\/\/logofficina.it\/de\/wp-json\/wp\/v2\/media?parent=620"}],"wp:term":[{"taxonomy":"product_brand","embeddable":true,"href":"https:\/\/logofficina.it\/de\/wp-json\/wp\/v2\/product_brand?post=620"},{"taxonomy":"product_cat","embeddable":true,"href":"https:\/\/logofficina.it\/de\/wp-json\/wp\/v2\/product_cat?post=620"},{"taxonomy":"product_tag","embeddable":true,"href":"https:\/\/logofficina.it\/de\/wp-json\/wp\/v2\/product_tag?post=620"}],"curies":[{"name":"wp","href":"https:\/\/api.w.org\/{rel}","templated":true}]}}