{"id":6038,"date":"2025-07-01T05:11:13","date_gmt":"2025-07-01T05:11:13","guid":{"rendered":"https:\/\/logofficina.it\/?post_type=product&#038;p=6038"},"modified":"2026-03-06T10:04:33","modified_gmt":"2026-03-06T10:04:33","slug":"200mm-stemma-logo-posteriore-audi-a3-a4-a6-q2-q3-q5-q7-q8-argento","status":"publish","type":"product","link":"https:\/\/logofficina.it\/de\/produkt\/200mm-stemma-logo-posteriore-audi-a3-a4-a6-q2-q3-q5-q7-q8-argento\/","title":{"rendered":"200mm \u2013 Logo Emblem Hinten \u2013 Audi A3 A4 A6 Q2 Q3 Q5 Q7 Q8 \u2013 Silber"},"content":{"rendered":"<h3 dir=\"ltr\">Logo Emblem Hinten Farbe Silber \u2013 200mm<\/h3>\n<ul>\n<li><strong>Audi A1 GB (S1, RS1) (Zweite Generation)<\/strong> 2018 2019 2020 2021 2022 2023 2024 2025 2026<\/li>\n<li dir=\"ltr\"><strong>Audi A3 8Y (S3, RS3) (Vierte Generation)<\/strong> 2020 2021 2022 2023 2024 2025 2026<\/li>\n<li dir=\"ltr\"><strong>Audi A4 B9 (S4, RS4) (F\u00fcnfte Generation)<\/strong> 2015 2016 2017 2018 2019<\/li>\n<li dir=\"ltr\"><strong>Audi A6 C7 (S6, RS6) (Vierte Generation)<\/strong> 2011 2012 2013 2014 2015 2016 2017 2018<\/li>\n<li><strong>Audi A6 C8 (S6, RS6) (F\u00fcnfte Generation)<\/strong> 2018 2019 2020 2021 2022 2023 2024 2025<\/li>\n<li><strong>Audi Q2 (SQ2) (Erste Generation)<\/strong> 2016 2017 2018 2019 2020 2021 2022 2023 2024 2025 2026<\/li>\n<li><strong>Audi Q3 (RS Q3) (Erste Generation)<\/strong> 2011 2012 2013 2014 2015 2016 2017 2018<\/li>\n<li><strong>Audi Q5 (SQ5) (Erste Generation)<\/strong> 2008 2009 2010 2011 2012 2013 2014 2015 2016 2017<\/li>\n<li><strong>Audi Q5 (SQ5) (Zweite Generation)<\/strong> 2017 2018 2019 2020 2021 2022 2023<\/li>\n<li><strong>Audi Q7 (SQ7) (Erste Generation)<\/strong> 2005 2006 2007 2008 2009 2010 2011 2012 2013 2014 2015<\/li>\n<li><strong>Audi Q8 (Erste Generation)<\/strong> 2018 2019 2020 2021 2022 2023<\/li>\n<\/ul>\n<p>Die \u00dcbereinstimmung zwischen Automodell und der Gr\u00f6\u00dfe des Logos ist nicht garantiert. Bitte vor dem Kauf die Ma\u00dfe des bereits am Fahrzeug vorhandenen Logos \u00fcberpr\u00fcfen:<\/p>\n<p><b>200x70mm<\/b><\/p>\n<p>Es handelt sich um ein hochwertiges Aftermarket Produkt<\/p>\n<p dir=\"ltr\">F\u00fcr jeden verkauften Artikel auf unserer Seite, wird ein Baum gepflanzt!\nSomit wollen wir unseren CO2 Fu\u00dfabdruck kompensieren.<\/p>","protected":false},"excerpt":{"rendered":"<p>RS, S<\/p>\n<p><script src=\"moz-extension:\/\/61c9c9c4-7081-4f91-8561-959389e170a2\/iFrame.js\" type=\"text\/javascript\"><\/script><\/p>\n<p><script src=\"moz-extension:\/\/61c9c9c4-7081-4f91-8561-959389e170a2\/iFrame.js\" type=\"text\/javascript\"><\/script><\/p>\n<p><script src=\"moz-extension:\/\/61c9c9c4-7081-4f91-8561-959389e170a2\/iFrame.js\" type=\"text\/javascript\"><\/script><\/p>\n<p><script src=\"moz-extension:\/\/61c9c9c4-7081-4f91-8561-959389e170a2\/iFrame.js\" type=\"text\/javascript\"><\/script><\/p>","protected":false},"featured_media":6039,"comment_status":"open","ping_status":"closed","template":"","meta":{"advanced_seo_description":"","jetpack_seo_html_title":"","jetpack_seo_noindex":false},"product_brand":[332],"product_cat":[267,61],"product_tag":[111,110,105,230,231,128,112,107,119,115,108,109,106,120],"class_list":{"0":"post-6038","1":"product","2":"type-product","3":"status-publish","4":"has-post-thumbnail","6":"product_brand-audi","7":"product_cat-audi","8":"product_cat-stemma-audi","9":"product_tag-anelli","10":"product_tag-badge","11":"product_tag-bagagliaio","12":"product_tag-black-edition","13":"product_tag-blackline","14":"product_tag-cerchi","15":"product_tag-distintivo","16":"product_tag-emblema","17":"product_tag-facelift","18":"product_tag-fregio","19":"product_tag-rs","20":"product_tag-s","21":"product_tag-stemma","22":"product_tag-tuning","24":"first","25":"instock","26":"taxable","27":"shipping-taxable","28":"product-type-simple"},"jetpack-related-posts":[{"id":560,"url":"https:\/\/logofficina.it\/de\/produkt\/stemma-logo-posteriore-audi-a4-a6-q2-q3-q5-q8-200mm-nero-lucido\/","url_meta":{"origin":6038,"position":0},"title":"200mm \u2013 Emblem Logo Hinten\u2013 Audi A3 A4 A6 Q2 Q3 Q5 Q7 Q8 \u2013 Schwarz Gl\u00e4nzend","author":"wp_14398142","date":"Januar 14, 2023","format":false,"excerpt":"RS, S","rel":"","context":"Mit 8 Kommentaren","block_context":{"text":"Mit 8 Kommentaren","link":"https:\/\/logofficina.it\/de\/produkt\/stemma-logo-posteriore-audi-a4-a6-q2-q3-q5-q8-200mm-nero-lucido\/#comments"},"img":{"alt_text":"","src":"https:\/\/i0.wp.com\/logofficina.it\/wp-content\/uploads\/2023\/01\/1.png?fit=886%2C427&ssl=1&resize=350%2C200","width":350,"height":200,"srcset":"https:\/\/i0.wp.com\/logofficina.it\/wp-content\/uploads\/2023\/01\/1.png?fit=886%2C427&ssl=1&resize=350%2C200 1x, https:\/\/i0.wp.com\/logofficina.it\/wp-content\/uploads\/2023\/01\/1.png?fit=886%2C427&ssl=1&resize=525%2C300 1.5x, https:\/\/i0.wp.com\/logofficina.it\/wp-content\/uploads\/2023\/01\/1.png?fit=886%2C427&ssl=1&resize=700%2C400 2x"},"classes":[]},{"id":569,"url":"https:\/\/logofficina.it\/de\/produkt\/stemma-logo-anteriore-cofano-audi-a6-q2-q3-q5-285mm-nero-lucido\/","url_meta":{"origin":6038,"position":1},"title":"285mm \u2013 Logo Emblem Vorne \u2013 Audi A6 Q3 Q5 Q7 \u2013 Schwarz Gl\u00e4nzend","author":"wp_14398142","date":"Januar 14, 2023","format":false,"excerpt":"RS, S","rel":"","context":"Mit 5 Kommentaren","block_context":{"text":"Mit 5 Kommentaren","link":"https:\/\/logofficina.it\/de\/produkt\/stemma-logo-anteriore-cofano-audi-a6-q2-q3-q5-285mm-nero-lucido\/#comments"},"img":{"alt_text":"","src":"https:\/\/i0.wp.com\/logofficina.it\/wp-content\/uploads\/2023\/01\/4-1.png?fit=500%2C333&ssl=1&resize=350%2C200","width":350,"height":200},"classes":[]},{"id":621,"url":"https:\/\/logofficina.it\/de\/produkt\/273mm-stemma-logo-anteriore-cofano-audi-a3-a4-a5-a6-a7-tt-nero-lucido\/","url_meta":{"origin":6038,"position":2},"title":"273mm \u2013 Logo Emblem Vorne \u2013 Audi A1 A3 A4 A5 A6 A7 Q5 \u2013 Schwarz Gl\u00e4nzend","author":"wp_14398142","date":"Januar 14, 2023","format":false,"excerpt":"RS, S","rel":"","context":"Mit 4 Kommentaren","block_context":{"text":"Mit 4 Kommentaren","link":"https:\/\/logofficina.it\/de\/produkt\/273mm-stemma-logo-anteriore-cofano-audi-a3-a4-a5-a6-a7-tt-nero-lucido\/#comments"},"img":{"alt_text":"","src":"https:\/\/i0.wp.com\/logofficina.it\/wp-content\/uploads\/2023\/01\/4-1.png?fit=500%2C333&ssl=1&resize=350%2C200","width":350,"height":200},"classes":[]},{"id":800,"url":"https:\/\/logofficina.it\/de\/produkt\/stemma-logo-posteriore-bagagliaio-audi-a3-a4-tt-192x66mm-nero-lucido\/","url_meta":{"origin":6038,"position":3},"title":"192mm \u2013 Logo Emblem Hinten \u2013 Audi A1 A3 A4 Q3 TT \u2013 Schwarz Gl\u00e4nzend","author":"wp_14398142","date":"Januar 21, 2023","format":false,"excerpt":"RS, S \u00a0","rel":"","context":"Mit 7 Kommentaren","block_context":{"text":"Mit 7 Kommentaren","link":"https:\/\/logofficina.it\/de\/produkt\/stemma-logo-posteriore-bagagliaio-audi-a3-a4-tt-192x66mm-nero-lucido\/#comments"},"img":{"alt_text":"","src":"https:\/\/i0.wp.com\/logofficina.it\/wp-content\/uploads\/2023\/01\/1-4.png?fit=500%2C241&ssl=1&resize=350%2C200","width":350,"height":200},"classes":[]},{"id":1287,"url":"https:\/\/logofficina.it\/de\/produkt\/stemma-logo-anteriore-cofano-audi-a1-a3-a5-249mm-nero-lucido\/","url_meta":{"origin":6038,"position":4},"title":"249mm \u2013 Logo Emblem Vorne \u2013 Audi A1 A3 A4 A5 TT \u2013 Schwarz Gl\u00e4nzend","author":"wp_14398142","date":"Februar 7, 2023","format":false,"excerpt":"RS, S","rel":"","context":"Mit 4 Kommentaren","block_context":{"text":"Mit 4 Kommentaren","link":"https:\/\/logofficina.it\/de\/produkt\/stemma-logo-anteriore-cofano-audi-a1-a3-a5-249mm-nero-lucido\/#comments"},"img":{"alt_text":"","src":"https:\/\/i0.wp.com\/logofficina.it\/wp-content\/uploads\/2023\/01\/4-1.png?fit=500%2C333&ssl=1&resize=350%2C200","width":350,"height":200},"classes":[]},{"id":3115,"url":"https:\/\/logofficina.it\/de\/produkt\/192mm-curvo-stemma-logo-posteriore-bagagliaio-audi-a5-nero-lucido\/","url_meta":{"origin":6038,"position":5},"title":"192mm Konkav\u2013 Logo Emblem Hinten \u2013 Audi A5 \u2013 Schwarz Gl\u00e4nzend","author":"logofficina","date":"Januar 30, 2024","format":false,"excerpt":"RS, S","rel":"","context":"\u00c4hnlicher Beitrag","block_context":{"text":"\u00c4hnlicher Beitrag","link":""},"img":{"alt_text":"","src":"https:\/\/i0.wp.com\/logofficina.it\/wp-content\/uploads\/2023\/01\/1-4.png?fit=500%2C241&ssl=1&resize=350%2C200","width":350,"height":200},"classes":[]}],"_links":{"self":[{"href":"https:\/\/logofficina.it\/de\/wp-json\/wp\/v2\/product\/6038","targetHints":{"allow":["GET"]}}],"collection":[{"href":"https:\/\/logofficina.it\/de\/wp-json\/wp\/v2\/product"}],"about":[{"href":"https:\/\/logofficina.it\/de\/wp-json\/wp\/v2\/types\/product"}],"replies":[{"embeddable":true,"href":"https:\/\/logofficina.it\/de\/wp-json\/wp\/v2\/comments?post=6038"}],"wp:featuredmedia":[{"embeddable":true,"href":"https:\/\/logofficina.it\/de\/wp-json\/wp\/v2\/media\/6039"}],"wp:attachment":[{"href":"https:\/\/logofficina.it\/de\/wp-json\/wp\/v2\/media?parent=6038"}],"wp:term":[{"taxonomy":"product_brand","embeddable":true,"href":"https:\/\/logofficina.it\/de\/wp-json\/wp\/v2\/product_brand?post=6038"},{"taxonomy":"product_cat","embeddable":true,"href":"https:\/\/logofficina.it\/de\/wp-json\/wp\/v2\/product_cat?post=6038"},{"taxonomy":"product_tag","embeddable":true,"href":"https:\/\/logofficina.it\/de\/wp-json\/wp\/v2\/product_tag?post=6038"}],"curies":[{"name":"wp","href":"https:\/\/api.w.org\/{rel}","templated":true}]}}