{"id":552,"date":"2023-01-14T18:26:29","date_gmt":"2023-01-14T18:26:29","guid":{"rendered":"https:\/\/logofficina-1f9gtl7c4z.live-website.com\/?post_type=product&#038;p=552"},"modified":"2026-04-04T14:17:26","modified_gmt":"2026-04-04T14:17:26","slug":"coppia-stemma-logo-anteriore-posteriore-volkswagen-vw-golf-6-mk6-nero-lucido","status":"publish","type":"product","link":"https:\/\/logofficina.it\/de\/produkt\/coppia-stemma-logo-anteriore-posteriore-volkswagen-vw-golf-6-mk6-nero-lucido\/","title":{"rendered":"Volkswagen VW Golf 6 MK6 \u2013 Logo Set \u2013 Vorne und Hinten \u2013 Schwarz Gl\u00e4nzend"},"content":{"rendered":"<h3 dir=\"ltr\">Set Logo Vorne + Hinten<\/h3>\n<p>Schwarz Gl\u00e4nzend<\/p>\n<p dir=\"ltr\"><strong>VW\u00a0<\/strong><b>Golf MK6 \u2013 Sechste Generation<br \/>\n<\/b><strong>2009 2010 2011 2012<\/strong><\/p>\n<p dir=\"ltr\">Vor dem Kauf bitte die Ma\u00dfe pr\u00fcfen:<br \/>\n<strong>135mm<\/strong> vorne und <strong>110mm<\/strong> hinten<br \/>\nEs handelt sich um ein hochwertiges Aftermarket Produkt<\/p>\n<p dir=\"ltr\">Link zum Tutorial<\/p>\n<p dir=\"ltr\">\n<div class=\"jetpack-video-wrapper\"><span class=\"embed-youtube\" style=\"text-align:center; display: block;\"><iframe loading=\"lazy\" class=\"youtube-player\" width=\"1140\" height=\"642\" src=\"https:\/\/www.youtube.com\/embed\/CcDJLqbYBDk?version=3&#038;rel=1&#038;showsearch=0&#038;showinfo=1&#038;iv_load_policy=1&#038;fs=1&#038;hl=de-DE&#038;autohide=2&#038;start=15&#038;wmode=transparent\" allowfullscreen=\"true\" style=\"border:0;\" sandbox=\"allow-scripts allow-same-origin allow-popups allow-presentation allow-popups-to-escape-sandbox\"><\/iframe><\/span><\/div>\n<\/p>\n<p dir=\"ltr\">\n<div class=\"jetpack-video-wrapper\"><span class=\"embed-youtube\" style=\"text-align:center; display: block;\"><iframe loading=\"lazy\" class=\"youtube-player\" width=\"1140\" height=\"642\" src=\"https:\/\/www.youtube.com\/embed\/IcM7Hb6xcDY?version=3&#038;rel=1&#038;showsearch=0&#038;showinfo=1&#038;iv_load_policy=1&#038;fs=1&#038;hl=de-DE&#038;autohide=2&#038;start=33&#038;wmode=transparent\" allowfullscreen=\"true\" style=\"border:0;\" sandbox=\"allow-scripts allow-same-origin allow-popups allow-presentation allow-popups-to-escape-sandbox\"><\/iframe><\/span><\/div>\n<\/p>\n<p dir=\"ltr\">OEM Logo vorne: 5K0 853 601<br \/>\nOEM Logo hinten: 5K0 853 630<\/p>\n<p dir=\"ltr\">F\u00fcr jeden verkauften Artikel auf unserer Seite, wird ein Baum gepflanzt!\nSomit wollen wir unseren CO2 Fu\u00dfabdruck kompensieren.<\/p>","protected":false},"excerpt":{"rendered":"<p>GTI, GTD, R, R-Line<\/p>","protected":false},"featured_media":2970,"comment_status":"open","ping_status":"closed","template":"","meta":{"advanced_seo_description":"","jetpack_seo_html_title":"","jetpack_seo_noindex":false},"product_brand":[334],"product_cat":[59],"product_tag":[110,105,233,104,112,107,119,115,113,117,114,118,106,120],"class_list":{"0":"post-552","1":"product","2":"type-product","3":"status-publish","4":"has-post-thumbnail","6":"product_brand-volkswagen-vw","7":"product_cat-stemma-volkswagen","8":"product_tag-badge","9":"product_tag-bagagliaio","10":"product_tag-calandra","11":"product_tag-cofano","12":"product_tag-distintivo","13":"product_tag-emblema","14":"product_tag-facelift","15":"product_tag-fregio","16":"product_tag-griglia","17":"product_tag-gtd","18":"product_tag-mascherina","19":"product_tag-r-line","20":"product_tag-stemma","21":"product_tag-tuning","23":"first","24":"instock","25":"taxable","26":"shipping-taxable","27":"product-type-simple"},"jetpack-related-posts":[{"id":2961,"url":"https:\/\/logofficina.it\/de\/produkt\/volkswagen-vw-golf-6-mk6-coppia-stemma-logo-anteriore-posteriore-nero-opaco\/","url_meta":{"origin":552,"position":0},"title":"Volkswagen VW Golf 6 MK6 \u2013 Logo Set \u2013 Vorne und Hinten \u2013 Schwarz Matt","author":"logofficina","date":"Januar 2, 2024","format":false,"excerpt":"GTI, GTD, R, R-Line","rel":"","context":"\u00c4hnlicher Beitrag","block_context":{"text":"\u00c4hnlicher Beitrag","link":""},"img":{"alt_text":"","src":"https:\/\/i0.wp.com\/logofficina.it\/wp-content\/uploads\/2024\/01\/IMG_20240102_114938-scaled-e1704193631345.jpg?fit=1200%2C766&ssl=1&resize=350%2C200","width":350,"height":200,"srcset":"https:\/\/i0.wp.com\/logofficina.it\/wp-content\/uploads\/2024\/01\/IMG_20240102_114938-scaled-e1704193631345.jpg?fit=1200%2C766&ssl=1&resize=350%2C200 1x, https:\/\/i0.wp.com\/logofficina.it\/wp-content\/uploads\/2024\/01\/IMG_20240102_114938-scaled-e1704193631345.jpg?fit=1200%2C766&ssl=1&resize=525%2C300 1.5x, https:\/\/i0.wp.com\/logofficina.it\/wp-content\/uploads\/2024\/01\/IMG_20240102_114938-scaled-e1704193631345.jpg?fit=1200%2C766&ssl=1&resize=700%2C400 2x, https:\/\/i0.wp.com\/logofficina.it\/wp-content\/uploads\/2024\/01\/IMG_20240102_114938-scaled-e1704193631345.jpg?fit=1200%2C766&ssl=1&resize=1050%2C600 3x"},"classes":[]},{"id":718,"url":"https:\/\/logofficina.it\/de\/produkt\/vw-polo-5-6r-nero-lucido\/","url_meta":{"origin":552,"position":1},"title":"VW Polo 5 (6R) 2009-2013 \u2013 Logo Set Vorne und Hinten \u2013 Schwarz Gl\u00e4nzend","author":"wp_14398142","date":"Januar 15, 2023","format":false,"excerpt":"GTI, GTD, R, R-Line","rel":"","context":"Mit 1 Kommentar","block_context":{"text":"Mit 1 Kommentar","link":"https:\/\/logofficina.it\/de\/produkt\/vw-polo-5-6r-nero-lucido\/#comments"},"img":{"alt_text":"","src":"https:\/\/i0.wp.com\/logofficina.it\/wp-content\/uploads\/2023\/03\/57-6.jpg?fit=1200%2C1200&ssl=1&resize=350%2C200","width":350,"height":200,"srcset":"https:\/\/i0.wp.com\/logofficina.it\/wp-content\/uploads\/2023\/03\/57-6.jpg?fit=1200%2C1200&ssl=1&resize=350%2C200 1x, https:\/\/i0.wp.com\/logofficina.it\/wp-content\/uploads\/2023\/03\/57-6.jpg?fit=1200%2C1200&ssl=1&resize=525%2C300 1.5x, https:\/\/i0.wp.com\/logofficina.it\/wp-content\/uploads\/2023\/03\/57-6.jpg?fit=1200%2C1200&ssl=1&resize=700%2C400 2x, https:\/\/i0.wp.com\/logofficina.it\/wp-content\/uploads\/2023\/03\/57-6.jpg?fit=1200%2C1200&ssl=1&resize=1050%2C600 3x"},"classes":[]},{"id":663,"url":"https:\/\/logofficina.it\/de\/produkt\/vw-golf-mk7-5-7-facelift-nero-lucido\/","url_meta":{"origin":552,"position":2},"title":"VW Golf MK7.5 (7 Facelift) \u2013 Logo Set \u2013 Vorne und Hinten \u2013 Schwarz Gl\u00e4nzend","author":"wp_14398142","date":"Januar 15, 2023","format":false,"excerpt":"GTI, GTD, R, R-Line","rel":"","context":"Mit 2 Kommentaren","block_context":{"text":"Mit 2 Kommentaren","link":"https:\/\/logofficina.it\/de\/produkt\/vw-golf-mk7-5-7-facelift-nero-lucido\/#comments"},"img":{"alt_text":"","src":"https:\/\/i0.wp.com\/logofficina.it\/wp-content\/uploads\/2023\/01\/1-9.jpg?fit=1200%2C1200&ssl=1&resize=350%2C200","width":350,"height":200,"srcset":"https:\/\/i0.wp.com\/logofficina.it\/wp-content\/uploads\/2023\/01\/1-9.jpg?fit=1200%2C1200&ssl=1&resize=350%2C200 1x, https:\/\/i0.wp.com\/logofficina.it\/wp-content\/uploads\/2023\/01\/1-9.jpg?fit=1200%2C1200&ssl=1&resize=525%2C300 1.5x, https:\/\/i0.wp.com\/logofficina.it\/wp-content\/uploads\/2023\/01\/1-9.jpg?fit=1200%2C1200&ssl=1&resize=700%2C400 2x, https:\/\/i0.wp.com\/logofficina.it\/wp-content\/uploads\/2023\/01\/1-9.jpg?fit=1200%2C1200&ssl=1&resize=1050%2C600 3x"},"classes":[]},{"id":670,"url":"https:\/\/logofficina.it\/de\/produkt\/vw-golf-7-mk7-nero-lucido\/","url_meta":{"origin":552,"position":3},"title":"VW Volkswagen Golf 7 VII MK7 \u2013 Logo Set \u2013 Vorne K\u00fchlergrill Hinten Heckklappe \u2013 Schwarz Gl\u00e4nzend","author":"wp_14398142","date":"Januar 15, 2023","format":false,"excerpt":"GTI, GTD, R, R-Line","rel":"","context":"Mit 2 Kommentaren","block_context":{"text":"Mit 2 Kommentaren","link":"https:\/\/logofficina.it\/de\/produkt\/vw-golf-7-mk7-nero-lucido\/#comments"},"img":{"alt_text":"","src":"https:\/\/i0.wp.com\/logofficina.it\/wp-content\/uploads\/2023\/01\/5-5.jpg?fit=1200%2C1200&ssl=1&resize=350%2C200","width":350,"height":200,"srcset":"https:\/\/i0.wp.com\/logofficina.it\/wp-content\/uploads\/2023\/01\/5-5.jpg?fit=1200%2C1200&ssl=1&resize=350%2C200 1x, https:\/\/i0.wp.com\/logofficina.it\/wp-content\/uploads\/2023\/01\/5-5.jpg?fit=1200%2C1200&ssl=1&resize=525%2C300 1.5x, https:\/\/i0.wp.com\/logofficina.it\/wp-content\/uploads\/2023\/01\/5-5.jpg?fit=1200%2C1200&ssl=1&resize=700%2C400 2x, https:\/\/i0.wp.com\/logofficina.it\/wp-content\/uploads\/2023\/01\/5-5.jpg?fit=1200%2C1200&ssl=1&resize=1050%2C600 3x"},"classes":[]},{"id":1655,"url":"https:\/\/logofficina.it\/de\/produkt\/vw-polo-5-6r-nero-opaco\/","url_meta":{"origin":552,"position":4},"title":"VW Polo 5 (6R) 2009-2013 \u2013 Logo Set Vorne und Hinten \u2013 Schwarz Matt","author":"wp_14398142","date":"M\u00e4rz 20, 2023","format":false,"excerpt":"GTI, GTD, R, R-Line","rel":"","context":"\u00c4hnlicher Beitrag","block_context":{"text":"\u00c4hnlicher Beitrag","link":""},"img":{"alt_text":"","src":"https:\/\/i0.wp.com\/logofficina.it\/wp-content\/uploads\/2023\/01\/1-14.jpg?fit=1200%2C1200&ssl=1&resize=350%2C200","width":350,"height":200,"srcset":"https:\/\/i0.wp.com\/logofficina.it\/wp-content\/uploads\/2023\/01\/1-14.jpg?fit=1200%2C1200&ssl=1&resize=350%2C200 1x, https:\/\/i0.wp.com\/logofficina.it\/wp-content\/uploads\/2023\/01\/1-14.jpg?fit=1200%2C1200&ssl=1&resize=525%2C300 1.5x, https:\/\/i0.wp.com\/logofficina.it\/wp-content\/uploads\/2023\/01\/1-14.jpg?fit=1200%2C1200&ssl=1&resize=700%2C400 2x, https:\/\/i0.wp.com\/logofficina.it\/wp-content\/uploads\/2023\/01\/1-14.jpg?fit=1200%2C1200&ssl=1&resize=1050%2C600 3x"},"classes":[]},{"id":639,"url":"https:\/\/logofficina.it\/de\/produkt\/coppia-stemma-logo-anteriore-posteriore-vw-t-roc-2017-2020-nero-lucido\/","url_meta":{"origin":552,"position":5},"title":"VW T-Roc 2017-2020 \u2013 Logo Set \u2013 Vorne und Hinten \u2013 Schwarz Gl\u00e4nzend","author":"wp_14398142","date":"Januar 15, 2023","format":false,"excerpt":"GTI, GTD, R, R-Line","rel":"","context":"\u00c4hnlicher Beitrag","block_context":{"text":"\u00c4hnlicher Beitrag","link":""},"img":{"alt_text":"","src":"https:\/\/i0.wp.com\/logofficina.it\/wp-content\/uploads\/2023\/07\/1000014317.jpg?fit=1080%2C1073&ssl=1&resize=350%2C200","width":350,"height":200,"srcset":"https:\/\/i0.wp.com\/logofficina.it\/wp-content\/uploads\/2023\/07\/1000014317.jpg?fit=1080%2C1073&ssl=1&resize=350%2C200 1x, https:\/\/i0.wp.com\/logofficina.it\/wp-content\/uploads\/2023\/07\/1000014317.jpg?fit=1080%2C1073&ssl=1&resize=525%2C300 1.5x, https:\/\/i0.wp.com\/logofficina.it\/wp-content\/uploads\/2023\/07\/1000014317.jpg?fit=1080%2C1073&ssl=1&resize=700%2C400 2x, https:\/\/i0.wp.com\/logofficina.it\/wp-content\/uploads\/2023\/07\/1000014317.jpg?fit=1080%2C1073&ssl=1&resize=1050%2C600 3x"},"classes":[]}],"_links":{"self":[{"href":"https:\/\/logofficina.it\/de\/wp-json\/wp\/v2\/product\/552","targetHints":{"allow":["GET"]}}],"collection":[{"href":"https:\/\/logofficina.it\/de\/wp-json\/wp\/v2\/product"}],"about":[{"href":"https:\/\/logofficina.it\/de\/wp-json\/wp\/v2\/types\/product"}],"replies":[{"embeddable":true,"href":"https:\/\/logofficina.it\/de\/wp-json\/wp\/v2\/comments?post=552"}],"wp:featuredmedia":[{"embeddable":true,"href":"https:\/\/logofficina.it\/de\/wp-json\/wp\/v2\/media\/2970"}],"wp:attachment":[{"href":"https:\/\/logofficina.it\/de\/wp-json\/wp\/v2\/media?parent=552"}],"wp:term":[{"taxonomy":"product_brand","embeddable":true,"href":"https:\/\/logofficina.it\/de\/wp-json\/wp\/v2\/product_brand?post=552"},{"taxonomy":"product_cat","embeddable":true,"href":"https:\/\/logofficina.it\/de\/wp-json\/wp\/v2\/product_cat?post=552"},{"taxonomy":"product_tag","embeddable":true,"href":"https:\/\/logofficina.it\/de\/wp-json\/wp\/v2\/product_tag?post=552"}],"curies":[{"name":"wp","href":"https:\/\/api.w.org\/{rel}","templated":true}]}}