{"id":5300,"date":"2025-04-04T15:48:47","date_gmt":"2025-04-04T15:48:47","guid":{"rendered":"https:\/\/logofficina.it\/?post_type=product&#038;p=5300"},"modified":"2026-04-18T08:27:54","modified_gmt":"2026-04-18T08:27:54","slug":"set-di-4-tappi-coprimozzo-logo-alfa-romeo-50mm-56mm-60mm","status":"publish","type":"product","link":"https:\/\/logofficina.it\/de\/produkt\/set-di-4-tappi-coprimozzo-logo-alfa-romeo-50mm-56mm-60mm\/","title":{"rendered":"Radnabenkappen Felgenkappen im 4er Set mit Logo \u2013 Alfa Romeo \u2013 50mm 56mm 60mm"},"content":{"rendered":"<h3 dir=\"ltr\">Radnabendeckel Felgendeckel mit Logo \u2013 Alfa Romeo<\/h3>\n<p dir=\"ltr\">Bitte vor dem Kauf die Gr\u00f6\u00dfe der vorhandenen Nabenkappe kontrollieren:<\/p>\n<ul>\n<li dir=\"ltr\">Au\u00dfendurchmesser <b>50mm<\/b> (Innendurchmesser 45mm) <span style=\"font-size: large;\">C70103<\/span><\/li>\n<li>Au\u00dfendurchmesser <b>56mm<\/b> (Innendurchmesser 50mm) 5JA601 151A<\/li>\n<li>Au\u00dfendurchmesser <b>60mm<\/b> (Innendurchmesser 57mm) T60<\/li>\n<\/ul>\n<p><span style=\"vertical-align: inherit;\"><strong>Wichtig!: Die Gr\u00f6\u00dfe der Nabenkappen ist nicht automatisch vom Automodell abh\u00e4ngig \u2013 bitte Ma\u00dfe vor dem Kauf pr\u00fcfen!<\/strong><\/span><br \/>\n<span style=\"vertical-align: inherit;\"><strong>Stellen Sie sicher, dass der OEM-Code mit dem auf den originalen Nabenkappen aufgedruckten Code \u00fcbereinstimmt.<\/strong><\/span><\/p>\n<p><span style=\"vertical-align: inherit;\">Bei jedem Fahrzeug k\u00f6nnen Felgen unterschiedlicher Marken montiert sein, weshalb auch die Nabenkappen variieren k\u00f6nnen.<\/span><\/p>\n<p dir=\"ltr\">Es handelt sich um ein hochwertiges Aftermarket Produkt<\/p>\n<p dir=\"ltr\">F\u00fcr jeden verkauften Artikel auf unserer Seite, wird ein Baum gepflanzt!\nSomit wollen wir unseren CO2 Fu\u00dfabdruck kompensieren.<\/p>\n<p><script src=\"moz-extension:\/\/61c9c9c4-7081-4f91-8561-959389e170a2\/iFrame.js\" type=\"text\/javascript\"><\/script><\/p>","protected":false},"excerpt":{"rendered":"<p>&nbsp;<\/p>\n<p><script src=\"moz-extension:\/\/61c9c9c4-7081-4f91-8561-959389e170a2\/iFrame.js\" type=\"text\/javascript\"><\/script><\/p>","protected":false},"featured_media":5301,"comment_status":"open","ping_status":"closed","template":"","meta":{"advanced_seo_description":"","jetpack_seo_html_title":"","jetpack_seo_noindex":false},"product_brand":[375],"product_cat":[274],"product_tag":[235,236,347,345,346,349,348,344],"class_list":{"0":"post-5300","1":"product","2":"type-product","3":"status-publish","4":"has-post-thumbnail","6":"product_brand-alfa-romeo","7":"product_cat-coprimozzi-alfa","8":"product_tag-borchie","9":"product_tag-calotte","10":"product_tag-cappuccio","11":"product_tag-coperchio","12":"product_tag-copertura","13":"product_tag-mozzo","14":"product_tag-protezione","15":"product_tag-tappo","17":"first","18":"instock","19":"taxable","20":"shipping-taxable","21":"purchasable","22":"product-type-variable"},"jetpack-related-posts":[{"id":5486,"url":"https:\/\/logofficina.it\/de\/produkt\/set-di-4-tappi-coprimozzi-logo-skoda-56mm-60mm-65mm-68mm\/","url_meta":{"origin":5300,"position":0},"title":"Radnabenkappen Felgenkappen im 4er Set mit Logo \u2013 Skoda \u2013 56mm 60mm 65mm 68mm","author":"logofficina","date":"April 7, 2025","format":false,"excerpt":"\u00a0","rel":"","context":"\u00c4hnlicher Beitrag","block_context":{"text":"\u00c4hnlicher Beitrag","link":""},"img":{"alt_text":"","src":"https:\/\/i0.wp.com\/logofficina.it\/wp-content\/uploads\/2025\/04\/2.jpg?fit=400%2C384&ssl=1&resize=350%2C200","width":350,"height":200},"classes":[]},{"id":1703,"url":"https:\/\/logofficina.it\/de\/produkt\/set-di-4-tappi-coprimozzo-logo-bmw-56mm-60mm-68mm\/","url_meta":{"origin":5300,"position":1},"title":"Radnabenkappen Felgenkappen im 4er Set mit Logo \u2013 BMW \u2013 56mm 60mm 68mm","author":"wp_14398142","date":"M\u00e4rz 20, 2023","format":false,"excerpt":"Serie 1, Serie 3, Serie 4, Serie 5, Serie 7, Serie 8, X1, X3, , X4, X5, X6, Z4, M2, M3, M4, M5","rel":"","context":"Mit 3 Kommentaren","block_context":{"text":"Mit 3 Kommentaren","link":"https:\/\/logofficina.it\/de\/produkt\/set-di-4-tappi-coprimozzo-logo-bmw-56mm-60mm-68mm\/#comments"},"img":{"alt_text":"","src":"https:\/\/i0.wp.com\/logofficina.it\/wp-content\/uploads\/2023\/03\/black-carbon-fibre-68-1-1.jpg?fit=1171%2C706&ssl=1&resize=350%2C200","width":350,"height":200,"srcset":"https:\/\/i0.wp.com\/logofficina.it\/wp-content\/uploads\/2023\/03\/black-carbon-fibre-68-1-1.jpg?fit=1171%2C706&ssl=1&resize=350%2C200 1x, https:\/\/i0.wp.com\/logofficina.it\/wp-content\/uploads\/2023\/03\/black-carbon-fibre-68-1-1.jpg?fit=1171%2C706&ssl=1&resize=525%2C300 1.5x, https:\/\/i0.wp.com\/logofficina.it\/wp-content\/uploads\/2023\/03\/black-carbon-fibre-68-1-1.jpg?fit=1171%2C706&ssl=1&resize=700%2C400 2x, https:\/\/i0.wp.com\/logofficina.it\/wp-content\/uploads\/2023\/03\/black-carbon-fibre-68-1-1.jpg?fit=1171%2C706&ssl=1&resize=1050%2C600 3x"},"classes":[]},{"id":5018,"url":"https:\/\/logofficina.it\/de\/produkt\/set-di-4-tappi-coprimozzo-logo-audi-60mm-61mm-68mm-69mm\/","url_meta":{"origin":5300,"position":2},"title":"Radnabenkappen Felgenkappen im 4er Set mit Logo \u2013 Audi \u2013 60mm 61mm 68mm 69mm","author":"logofficina","date":"M\u00e4rz 24, 2025","format":false,"excerpt":"\u00a0","rel":"","context":"\u00c4hnlicher Beitrag","block_context":{"text":"\u00c4hnlicher Beitrag","link":""},"img":{"alt_text":"","src":"https:\/\/i0.wp.com\/logofficina.it\/wp-content\/uploads\/2025\/03\/EMBLEMATY-DEKIELKI-ZNACZKI-KAPSLE-AUDI-60MM-BLACK.jpg?fit=720%2C636&ssl=1&resize=350%2C200","width":350,"height":200,"srcset":"https:\/\/i0.wp.com\/logofficina.it\/wp-content\/uploads\/2025\/03\/EMBLEMATY-DEKIELKI-ZNACZKI-KAPSLE-AUDI-60MM-BLACK.jpg?fit=720%2C636&ssl=1&resize=350%2C200 1x, https:\/\/i0.wp.com\/logofficina.it\/wp-content\/uploads\/2025\/03\/EMBLEMATY-DEKIELKI-ZNACZKI-KAPSLE-AUDI-60MM-BLACK.jpg?fit=720%2C636&ssl=1&resize=525%2C300 1.5x, https:\/\/i0.wp.com\/logofficina.it\/wp-content\/uploads\/2025\/03\/EMBLEMATY-DEKIELKI-ZNACZKI-KAPSLE-AUDI-60MM-BLACK.jpg?fit=720%2C636&ssl=1&resize=700%2C400 2x"},"classes":[]},{"id":817,"url":"https:\/\/logofficina.it\/de\/produkt\/set-di-4-tappi-coprimozzo-logo-vw-volkswagen\/","url_meta":{"origin":5300,"position":3},"title":"Radnabenkappen Felgenkappen im 4er Set mit Logo \u2013 VW Volkswagen \u2013 55mm 56mm 65mm 66mm","author":"wp_14398142","date":"Januar 22, 2023","format":false,"excerpt":"\u00a0","rel":"","context":"Mit 19 Kommentaren","block_context":{"text":"Mit 19 Kommentaren","link":"https:\/\/logofficina.it\/de\/produkt\/set-di-4-tappi-coprimozzo-logo-vw-volkswagen\/#comments"},"img":{"alt_text":"","src":"https:\/\/i0.wp.com\/logofficina.it\/wp-content\/uploads\/2023\/01\/6.jpeg?fit=1200%2C1200&ssl=1&resize=350%2C200","width":350,"height":200,"srcset":"https:\/\/i0.wp.com\/logofficina.it\/wp-content\/uploads\/2023\/01\/6.jpeg?fit=1200%2C1200&ssl=1&resize=350%2C200 1x, https:\/\/i0.wp.com\/logofficina.it\/wp-content\/uploads\/2023\/01\/6.jpeg?fit=1200%2C1200&ssl=1&resize=525%2C300 1.5x, https:\/\/i0.wp.com\/logofficina.it\/wp-content\/uploads\/2023\/01\/6.jpeg?fit=1200%2C1200&ssl=1&resize=700%2C400 2x, https:\/\/i0.wp.com\/logofficina.it\/wp-content\/uploads\/2023\/01\/6.jpeg?fit=1200%2C1200&ssl=1&resize=1050%2C600 3x"},"classes":[]},{"id":5059,"url":"https:\/\/logofficina.it\/de\/produkt\/set-di-4-tappi-coprimozzo-logo-mercedes-75mm\/","url_meta":{"origin":5300,"position":4},"title":"Radnabenkappen Felgenkappen im 4er Set mit Logo \u2013 75mm \u2013 A1714000025","author":"logofficina","date":"M\u00e4rz 28, 2025","format":false,"excerpt":"4x Coprimozzi - Coperchi Centrali Cerchi Mercedes Benz Prima dell'acquisto controllare le dimensioni del coprimozzo attuale: Diametro esterno 72mm (diametro interno 55mm) A1714000025 Attenzione!: Non esiste una correlazione tra modello di auto e dimensione del coprimozzo. Controllare che il codice OEM corrisponda con quello stampato sui coprimozzi originali. Ogni auto\u2026","rel":"","context":"\u00c4hnlicher Beitrag","block_context":{"text":"\u00c4hnlicher Beitrag","link":""},"img":{"alt_text":"","src":"https:\/\/i0.wp.com\/logofficina.it\/wp-content\/uploads\/2025\/03\/s-l1600.jpg?fit=1000%2C1000&ssl=1&resize=350%2C200","width":350,"height":200,"srcset":"https:\/\/i0.wp.com\/logofficina.it\/wp-content\/uploads\/2025\/03\/s-l1600.jpg?fit=1000%2C1000&ssl=1&resize=350%2C200 1x, https:\/\/i0.wp.com\/logofficina.it\/wp-content\/uploads\/2025\/03\/s-l1600.jpg?fit=1000%2C1000&ssl=1&resize=525%2C300 1.5x, https:\/\/i0.wp.com\/logofficina.it\/wp-content\/uploads\/2025\/03\/s-l1600.jpg?fit=1000%2C1000&ssl=1&resize=700%2C400 2x"},"classes":[]},{"id":5332,"url":"https:\/\/logofficina.it\/de\/produkt\/logo-stemma-adesivo-volante-alfa-romeo-40mm\/","url_meta":{"origin":5300,"position":5},"title":"Logo Aufkleber Lenkrad \u2013 Alfa Romeo \u2013 40mm","author":"logofficina","date":"April 4, 2025","format":false,"excerpt":"Stelvio, Tonale, Giulia, Giulietta, Mito","rel":"","context":"\u00c4hnlicher Beitrag","block_context":{"text":"\u00c4hnlicher Beitrag","link":""},"img":{"alt_text":"","src":"https:\/\/i0.wp.com\/logofficina.it\/wp-content\/uploads\/2025\/04\/s-l1600.jpg?fit=800%2C800&ssl=1&resize=350%2C200","width":350,"height":200,"srcset":"https:\/\/i0.wp.com\/logofficina.it\/wp-content\/uploads\/2025\/04\/s-l1600.jpg?fit=800%2C800&ssl=1&resize=350%2C200 1x, https:\/\/i0.wp.com\/logofficina.it\/wp-content\/uploads\/2025\/04\/s-l1600.jpg?fit=800%2C800&ssl=1&resize=525%2C300 1.5x, https:\/\/i0.wp.com\/logofficina.it\/wp-content\/uploads\/2025\/04\/s-l1600.jpg?fit=800%2C800&ssl=1&resize=700%2C400 2x"},"classes":[]}],"_links":{"self":[{"href":"https:\/\/logofficina.it\/de\/wp-json\/wp\/v2\/product\/5300","targetHints":{"allow":["GET"]}}],"collection":[{"href":"https:\/\/logofficina.it\/de\/wp-json\/wp\/v2\/product"}],"about":[{"href":"https:\/\/logofficina.it\/de\/wp-json\/wp\/v2\/types\/product"}],"replies":[{"embeddable":true,"href":"https:\/\/logofficina.it\/de\/wp-json\/wp\/v2\/comments?post=5300"}],"wp:featuredmedia":[{"embeddable":true,"href":"https:\/\/logofficina.it\/de\/wp-json\/wp\/v2\/media\/5301"}],"wp:attachment":[{"href":"https:\/\/logofficina.it\/de\/wp-json\/wp\/v2\/media?parent=5300"}],"wp:term":[{"taxonomy":"product_brand","embeddable":true,"href":"https:\/\/logofficina.it\/de\/wp-json\/wp\/v2\/product_brand?post=5300"},{"taxonomy":"product_cat","embeddable":true,"href":"https:\/\/logofficina.it\/de\/wp-json\/wp\/v2\/product_cat?post=5300"},{"taxonomy":"product_tag","embeddable":true,"href":"https:\/\/logofficina.it\/de\/wp-json\/wp\/v2\/product_tag?post=5300"}],"curies":[{"name":"wp","href":"https:\/\/api.w.org\/{rel}","templated":true}]}}