{"id":5059,"date":"2025-03-28T16:23:12","date_gmt":"2025-03-28T16:23:12","guid":{"rendered":"https:\/\/logofficina.it\/?post_type=product&#038;p=5059"},"modified":"2026-04-11T21:24:53","modified_gmt":"2026-04-11T21:24:53","slug":"set-di-4-tappi-coprimozzo-logo-mercedes-75mm","status":"publish","type":"product","link":"https:\/\/logofficina.it\/de\/produkt\/set-di-4-tappi-coprimozzo-logo-mercedes-75mm\/","title":{"rendered":"Radnabenkappen Felgenkappen im 4er Set mit Logo \u2013 75mm \u2013 A1714000025"},"content":{"rendered":"<h3 dir=\"ltr\">Radnabendeckel Felgendeckel mit Logo Mercedes Benz<\/h3>\n<p dir=\"ltr\">Bitte vor dem Kauf die Gr\u00f6\u00dfe der vorhandenen Nabenkappe kontrollieren:<\/p>\n<ul>\n<li dir=\"ltr\">Au\u00dfendurchmesser <b>72mm<\/b> (Innendurchmesser 55mm) <span style=\"font-size: large;\">A1714000025<\/span><\/li>\n<\/ul>\n<p><span style=\"vertical-align: inherit;\"><strong>Wichtig!: Die Gr\u00f6\u00dfe der Nabenkappen ist nicht automatisch vom Automodell abh\u00e4ngig \u2013 bitte Ma\u00dfe vor dem Kauf pr\u00fcfen!<\/strong><\/span><br \/>\n<span style=\"vertical-align: inherit;\"><strong>Stellen Sie sicher, dass der OEM-Code mit dem auf den originalen Nabenkappen aufgedruckten Code \u00fcbereinstimmt.<\/strong><\/span><\/p>\n<p><span style=\"vertical-align: inherit;\">Bei jedem Fahrzeug k\u00f6nnen Felgen unterschiedlicher Marken montiert sein, weshalb auch die Nabenkappen variieren k\u00f6nnen.<\/span><\/p>\n<p dir=\"ltr\">Es handelt sich um ein hochwertiges Aftermarket Produkt<\/p>\n<p dir=\"ltr\">F\u00fcr jeden verkauften Artikel auf unserer Seite, wird ein Baum gepflanzt!\nSomit wollen wir unseren CO2 Fu\u00dfabdruck kompensieren.<\/p>","protected":false},"excerpt":{"rendered":"<p>4x Coprimozzi &#8211; Coperchi Centrali Cerchi Mercedes Benz Prima dell&#8217;acquisto controllare le dimensioni del coprimozzo attuale: Diametro esterno 72mm (diametro interno 55mm) A1714000025 Attenzione!: Non esiste una correlazione tra modello [&hellip;]<\/p>\n","protected":false},"featured_media":5063,"comment_status":"open","ping_status":"closed","template":"","meta":{"advanced_seo_description":"","jetpack_seo_html_title":"","jetpack_seo_noindex":false},"product_brand":[373],"product_cat":[260],"product_tag":[235,236,254,350,351,352,353,345,346,255,256,355,354,349,344],"class_list":{"0":"post-5059","1":"product","2":"type-product","3":"status-publish","4":"has-post-thumbnail","6":"product_brand-mercedes-benz","7":"product_cat-coprimozzi-mercedes","8":"product_tag-borchie","9":"product_tag-calotte","10":"product_tag-cla","11":"product_tag-classe-a","12":"product_tag-classe-b","13":"product_tag-classe-c","14":"product_tag-classe-e","15":"product_tag-coperchio","16":"product_tag-copertura","17":"product_tag-gla","18":"product_tag-glc","19":"product_tag-glk","20":"product_tag-gls","21":"product_tag-mozzo","22":"product_tag-tappo","24":"first","25":"instock","26":"taxable","27":"shipping-taxable","28":"product-type-simple"},"jetpack-related-posts":[{"id":5300,"url":"https:\/\/logofficina.it\/de\/produkt\/set-di-4-tappi-coprimozzo-logo-alfa-romeo-50mm-56mm-60mm\/","url_meta":{"origin":5059,"position":0},"title":"Radnabenkappen Felgenkappen im 4er Set mit Logo \u2013 Alfa Romeo \u2013 50mm 56mm 60mm","author":"logofficina","date":"April 4, 2025","format":false,"excerpt":"\u00a0","rel":"","context":"\u00c4hnlicher Beitrag","block_context":{"text":"\u00c4hnlicher Beitrag","link":""},"img":{"alt_text":"","src":"https:\/\/i0.wp.com\/logofficina.it\/wp-content\/uploads\/2025\/04\/eaaaff012dc1d14ed62bb53e68b83225.jpg?fit=736%2C578&ssl=1&resize=350%2C200","width":350,"height":200,"srcset":"https:\/\/i0.wp.com\/logofficina.it\/wp-content\/uploads\/2025\/04\/eaaaff012dc1d14ed62bb53e68b83225.jpg?fit=736%2C578&ssl=1&resize=350%2C200 1x, https:\/\/i0.wp.com\/logofficina.it\/wp-content\/uploads\/2025\/04\/eaaaff012dc1d14ed62bb53e68b83225.jpg?fit=736%2C578&ssl=1&resize=525%2C300 1.5x, https:\/\/i0.wp.com\/logofficina.it\/wp-content\/uploads\/2025\/04\/eaaaff012dc1d14ed62bb53e68b83225.jpg?fit=736%2C578&ssl=1&resize=700%2C400 2x"},"classes":[]},{"id":5486,"url":"https:\/\/logofficina.it\/de\/produkt\/set-di-4-tappi-coprimozzi-logo-skoda-56mm-60mm-65mm-68mm\/","url_meta":{"origin":5059,"position":1},"title":"Radnabenkappen Felgenkappen im 4er Set mit Logo \u2013 Skoda \u2013 56mm 60mm 65mm 68mm","author":"logofficina","date":"April 7, 2025","format":false,"excerpt":"\u00a0","rel":"","context":"\u00c4hnlicher Beitrag","block_context":{"text":"\u00c4hnlicher Beitrag","link":""},"img":{"alt_text":"","src":"https:\/\/i0.wp.com\/logofficina.it\/wp-content\/uploads\/2025\/04\/2.jpg?fit=400%2C384&ssl=1&resize=350%2C200","width":350,"height":200},"classes":[]},{"id":817,"url":"https:\/\/logofficina.it\/de\/produkt\/set-di-4-tappi-coprimozzo-logo-vw-volkswagen\/","url_meta":{"origin":5059,"position":2},"title":"Radnabenkappen Felgenkappen im 4er Set mit Logo \u2013 VW Volkswagen \u2013 55mm 56mm 65mm 66mm","author":"wp_14398142","date":"Januar 22, 2023","format":false,"excerpt":"\u00a0","rel":"","context":"Mit 19 Kommentaren","block_context":{"text":"Mit 19 Kommentaren","link":"https:\/\/logofficina.it\/de\/produkt\/set-di-4-tappi-coprimozzo-logo-vw-volkswagen\/#comments"},"img":{"alt_text":"","src":"https:\/\/i0.wp.com\/logofficina.it\/wp-content\/uploads\/2023\/01\/6.jpeg?fit=1200%2C1200&ssl=1&resize=350%2C200","width":350,"height":200,"srcset":"https:\/\/i0.wp.com\/logofficina.it\/wp-content\/uploads\/2023\/01\/6.jpeg?fit=1200%2C1200&ssl=1&resize=350%2C200 1x, https:\/\/i0.wp.com\/logofficina.it\/wp-content\/uploads\/2023\/01\/6.jpeg?fit=1200%2C1200&ssl=1&resize=525%2C300 1.5x, https:\/\/i0.wp.com\/logofficina.it\/wp-content\/uploads\/2023\/01\/6.jpeg?fit=1200%2C1200&ssl=1&resize=700%2C400 2x, https:\/\/i0.wp.com\/logofficina.it\/wp-content\/uploads\/2023\/01\/6.jpeg?fit=1200%2C1200&ssl=1&resize=1050%2C600 3x"},"classes":[]},{"id":5018,"url":"https:\/\/logofficina.it\/de\/produkt\/set-di-4-tappi-coprimozzo-logo-audi-60mm-61mm-68mm-69mm\/","url_meta":{"origin":5059,"position":3},"title":"Radnabenkappen Felgenkappen im 4er Set mit Logo \u2013 Audi \u2013 60mm 61mm 68mm 69mm","author":"logofficina","date":"M\u00e4rz 24, 2025","format":false,"excerpt":"\u00a0","rel":"","context":"\u00c4hnlicher Beitrag","block_context":{"text":"\u00c4hnlicher Beitrag","link":""},"img":{"alt_text":"","src":"https:\/\/i0.wp.com\/logofficina.it\/wp-content\/uploads\/2025\/03\/EMBLEMATY-DEKIELKI-ZNACZKI-KAPSLE-AUDI-60MM-BLACK.jpg?fit=720%2C636&ssl=1&resize=350%2C200","width":350,"height":200,"srcset":"https:\/\/i0.wp.com\/logofficina.it\/wp-content\/uploads\/2025\/03\/EMBLEMATY-DEKIELKI-ZNACZKI-KAPSLE-AUDI-60MM-BLACK.jpg?fit=720%2C636&ssl=1&resize=350%2C200 1x, https:\/\/i0.wp.com\/logofficina.it\/wp-content\/uploads\/2025\/03\/EMBLEMATY-DEKIELKI-ZNACZKI-KAPSLE-AUDI-60MM-BLACK.jpg?fit=720%2C636&ssl=1&resize=525%2C300 1.5x, https:\/\/i0.wp.com\/logofficina.it\/wp-content\/uploads\/2025\/03\/EMBLEMATY-DEKIELKI-ZNACZKI-KAPSLE-AUDI-60MM-BLACK.jpg?fit=720%2C636&ssl=1&resize=700%2C400 2x"},"classes":[]},{"id":1703,"url":"https:\/\/logofficina.it\/de\/produkt\/set-di-4-tappi-coprimozzo-logo-bmw-56mm-60mm-68mm\/","url_meta":{"origin":5059,"position":4},"title":"Radnabenkappen Felgenkappen im 4er Set mit Logo \u2013 BMW \u2013 56mm 60mm 68mm","author":"wp_14398142","date":"M\u00e4rz 20, 2023","format":false,"excerpt":"Serie 1, Serie 3, Serie 4, Serie 5, Serie 7, Serie 8, X1, X3, , X4, X5, X6, Z4, M2, M3, M4, M5","rel":"","context":"Mit 3 Kommentaren","block_context":{"text":"Mit 3 Kommentaren","link":"https:\/\/logofficina.it\/de\/produkt\/set-di-4-tappi-coprimozzo-logo-bmw-56mm-60mm-68mm\/#comments"},"img":{"alt_text":"","src":"https:\/\/i0.wp.com\/logofficina.it\/wp-content\/uploads\/2023\/03\/black-carbon-fibre-68-1-1.jpg?fit=1171%2C706&ssl=1&resize=350%2C200","width":350,"height":200,"srcset":"https:\/\/i0.wp.com\/logofficina.it\/wp-content\/uploads\/2023\/03\/black-carbon-fibre-68-1-1.jpg?fit=1171%2C706&ssl=1&resize=350%2C200 1x, https:\/\/i0.wp.com\/logofficina.it\/wp-content\/uploads\/2023\/03\/black-carbon-fibre-68-1-1.jpg?fit=1171%2C706&ssl=1&resize=525%2C300 1.5x, https:\/\/i0.wp.com\/logofficina.it\/wp-content\/uploads\/2023\/03\/black-carbon-fibre-68-1-1.jpg?fit=1171%2C706&ssl=1&resize=700%2C400 2x, https:\/\/i0.wp.com\/logofficina.it\/wp-content\/uploads\/2023\/03\/black-carbon-fibre-68-1-1.jpg?fit=1171%2C706&ssl=1&resize=1050%2C600 3x"},"classes":[]},{"id":1350,"url":"https:\/\/logofficina.it\/de\/produkt\/stemma-logo-posteriore-mercedes-a-2047580058-80mm-nero-lucido\/","url_meta":{"origin":5059,"position":5},"title":"Logo Emblem Hinten\u2013 Mercedes C W204 \u2013 A 204 758 00 58 \u2013 80mm \u2013 Schwarz gl\u00e4nzend","author":"wp_14398142","date":"Februar 18, 2023","format":false,"excerpt":"AMG","rel":"","context":"\u00c4hnlicher Beitrag","block_context":{"text":"\u00c4hnlicher Beitrag","link":""},"img":{"alt_text":"","src":"https:\/\/i0.wp.com\/logofficina.it\/wp-content\/uploads\/2023\/02\/IMG_20230219_162539-scaled-e1676822933946.jpg?fit=1200%2C1200&ssl=1&resize=350%2C200","width":350,"height":200,"srcset":"https:\/\/i0.wp.com\/logofficina.it\/wp-content\/uploads\/2023\/02\/IMG_20230219_162539-scaled-e1676822933946.jpg?fit=1200%2C1200&ssl=1&resize=350%2C200 1x, https:\/\/i0.wp.com\/logofficina.it\/wp-content\/uploads\/2023\/02\/IMG_20230219_162539-scaled-e1676822933946.jpg?fit=1200%2C1200&ssl=1&resize=525%2C300 1.5x, https:\/\/i0.wp.com\/logofficina.it\/wp-content\/uploads\/2023\/02\/IMG_20230219_162539-scaled-e1676822933946.jpg?fit=1200%2C1200&ssl=1&resize=700%2C400 2x, https:\/\/i0.wp.com\/logofficina.it\/wp-content\/uploads\/2023\/02\/IMG_20230219_162539-scaled-e1676822933946.jpg?fit=1200%2C1200&ssl=1&resize=1050%2C600 3x"},"classes":[]}],"_links":{"self":[{"href":"https:\/\/logofficina.it\/de\/wp-json\/wp\/v2\/product\/5059","targetHints":{"allow":["GET"]}}],"collection":[{"href":"https:\/\/logofficina.it\/de\/wp-json\/wp\/v2\/product"}],"about":[{"href":"https:\/\/logofficina.it\/de\/wp-json\/wp\/v2\/types\/product"}],"replies":[{"embeddable":true,"href":"https:\/\/logofficina.it\/de\/wp-json\/wp\/v2\/comments?post=5059"}],"wp:featuredmedia":[{"embeddable":true,"href":"https:\/\/logofficina.it\/de\/wp-json\/wp\/v2\/media\/5063"}],"wp:attachment":[{"href":"https:\/\/logofficina.it\/de\/wp-json\/wp\/v2\/media?parent=5059"}],"wp:term":[{"taxonomy":"product_brand","embeddable":true,"href":"https:\/\/logofficina.it\/de\/wp-json\/wp\/v2\/product_brand?post=5059"},{"taxonomy":"product_cat","embeddable":true,"href":"https:\/\/logofficina.it\/de\/wp-json\/wp\/v2\/product_cat?post=5059"},{"taxonomy":"product_tag","embeddable":true,"href":"https:\/\/logofficina.it\/de\/wp-json\/wp\/v2\/product_tag?post=5059"}],"curies":[{"name":"wp","href":"https:\/\/api.w.org\/{rel}","templated":true}]}}