{"id":4965,"date":"2025-03-19T06:11:24","date_gmt":"2025-03-19T06:11:24","guid":{"rendered":"https:\/\/logofficina.it\/?post_type=product&#038;p=4965"},"modified":"2026-03-01T17:04:36","modified_gmt":"2026-03-01T17:04:36","slug":"logo-stemma-adesivo-volante-mercedes-52mm-nero-lucido","status":"publish","type":"product","link":"https:\/\/logofficina.it\/de\/produkt\/logo-stemma-adesivo-volante-mercedes-52mm-nero-lucido\/","title":{"rendered":"Logo Aufkleber Lenkrad \u2013 Mercedes \u2013 52mm  \u2013 Schwarz Gl\u00e4nzend"},"content":{"rendered":"<h3 dir=\"ltr\">Logo Aufkleber Lenkrad \u2013 Mercedes 52mm 57mm \u2013 Schwarz Gl\u00e4nzend<\/h3>\n<p dir=\"ltr\">Bitte vor dem Kauf die Gr\u00f6\u00dfe des originalen Logos kontrollieren.<\/p>\n<ul>\n<li dir=\"ltr\">Durchmesser <strong>52 <\/strong><b>mm<\/b><\/li>\n<li dir=\"ltr\">Durchmesser <strong>57 mm<\/strong><\/li>\n<li>Version mit doppelseitigem Kleber, ohne Clips<\/li>\n<\/ul>\n<p><strong><span style=\"vertical-align: inherit;\"><span style=\"vertical-align: inherit;\">Achtung! Es besteht kein Zusammenhang zwischen dem Automodell und der Gr\u00f6\u00dfe des Aufklebers.<\/span><\/span><br \/>\n<\/strong><span style=\"vertical-align: inherit;\"><span style=\"vertical-align: inherit;\">Bitte den Durchmesser des originalen Logos vor dem Kauf \u00fcberpr\u00fcfen.<\/span><\/span><\/p>\n<p dir=\"ltr\">Es handelt sich um ein hochwertiges Aftermarket Produkt<\/p>\n<p dir=\"ltr\">F\u00fcr jeden verkauften Artikel auf unserer Seite, wird ein Baum gepflanzt!\nSomit wollen wir unseren CO2 Fu\u00dfabdruck kompensieren.<\/p>\n<p><script src=\"moz-extension:\/\/61c9c9c4-7081-4f91-8561-959389e170a2\/iFrame.js\" type=\"text\/javascript\"><\/script><\/p>","protected":false},"excerpt":{"rendered":"<p>&nbsp;<\/p>\n<p><script src=\"moz-extension:\/\/61c9c9c4-7081-4f91-8561-959389e170a2\/iFrame.js\" type=\"text\/javascript\"><\/script><\/p>","protected":false},"featured_media":4967,"comment_status":"open","ping_status":"closed","template":"","meta":{"advanced_seo_description":"","jetpack_seo_html_title":"","jetpack_seo_noindex":false},"product_brand":[],"product_cat":[270,63],"product_tag":[249,250,128,254,252,253,255,256,129,251],"class_list":{"0":"post-4965","1":"product","2":"type-product","3":"status-publish","4":"has-post-thumbnail","6":"product_cat-mercedes","7":"product_cat-stemma-mercedes","8":"product_tag-amg","9":"product_tag-c-classe","10":"product_tag-cerchi","11":"product_tag-cla","12":"product_tag-e-classe","13":"product_tag-g-classe","14":"product_tag-gla","15":"product_tag-glc","16":"product_tag-ruote","17":"product_tag-s-classe","19":"first","20":"instock","21":"taxable","22":"shipping-taxable","23":"product-type-variable"},"jetpack-related-posts":[{"id":1717,"url":"https:\/\/logofficina.it\/de\/produkt\/adesivo-volante-bmw\/","url_meta":{"origin":4965,"position":0},"title":"Logo Aufkleber Lenkrad \u2013 BMW \u2013 45mm","author":"wp_14398142","date":"M\u00e4rz 20, 2023","format":false,"excerpt":"Serie 1, Serie 3, Serie 4, Serie 5, Serie 7, Serie 8, X1, X3, , X4, X5, X6, Z4, M2, M3, M4, M5","rel":"","context":"Mit 1 Kommentar","block_context":{"text":"Mit 1 Kommentar","link":"https:\/\/logofficina.it\/de\/produkt\/adesivo-volante-bmw\/#comments"},"img":{"alt_text":"","src":"https:\/\/i0.wp.com\/logofficina.it\/wp-content\/uploads\/2023\/03\/bmw-emblems-stickers-bmw-45mm-carbon-black-gray-wheel-emblem-sticker-5475447341127__49407-1.jpg?fit=1200%2C1200&ssl=1&resize=350%2C200","width":350,"height":200,"srcset":"https:\/\/i0.wp.com\/logofficina.it\/wp-content\/uploads\/2023\/03\/bmw-emblems-stickers-bmw-45mm-carbon-black-gray-wheel-emblem-sticker-5475447341127__49407-1.jpg?fit=1200%2C1200&ssl=1&resize=350%2C200 1x, https:\/\/i0.wp.com\/logofficina.it\/wp-content\/uploads\/2023\/03\/bmw-emblems-stickers-bmw-45mm-carbon-black-gray-wheel-emblem-sticker-5475447341127__49407-1.jpg?fit=1200%2C1200&ssl=1&resize=525%2C300 1.5x, https:\/\/i0.wp.com\/logofficina.it\/wp-content\/uploads\/2023\/03\/bmw-emblems-stickers-bmw-45mm-carbon-black-gray-wheel-emblem-sticker-5475447341127__49407-1.jpg?fit=1200%2C1200&ssl=1&resize=700%2C400 2x, https:\/\/i0.wp.com\/logofficina.it\/wp-content\/uploads\/2023\/03\/bmw-emblems-stickers-bmw-45mm-carbon-black-gray-wheel-emblem-sticker-5475447341127__49407-1.jpg?fit=1200%2C1200&ssl=1&resize=1050%2C600 3x"},"classes":[]},{"id":5332,"url":"https:\/\/logofficina.it\/de\/produkt\/logo-stemma-adesivo-volante-alfa-romeo-40mm\/","url_meta":{"origin":4965,"position":1},"title":"Logo Aufkleber Lenkrad \u2013 Alfa Romeo \u2013 40mm","author":"logofficina","date":"April 4, 2025","format":false,"excerpt":"Stelvio, Tonale, Giulia, Giulietta, Mito","rel":"","context":"\u00c4hnlicher Beitrag","block_context":{"text":"\u00c4hnlicher Beitrag","link":""},"img":{"alt_text":"","src":"https:\/\/i0.wp.com\/logofficina.it\/wp-content\/uploads\/2025\/04\/s-l1600.jpg?fit=800%2C800&ssl=1&resize=350%2C200","width":350,"height":200,"srcset":"https:\/\/i0.wp.com\/logofficina.it\/wp-content\/uploads\/2025\/04\/s-l1600.jpg?fit=800%2C800&ssl=1&resize=350%2C200 1x, https:\/\/i0.wp.com\/logofficina.it\/wp-content\/uploads\/2025\/04\/s-l1600.jpg?fit=800%2C800&ssl=1&resize=525%2C300 1.5x, https:\/\/i0.wp.com\/logofficina.it\/wp-content\/uploads\/2025\/04\/s-l1600.jpg?fit=800%2C800&ssl=1&resize=700%2C400 2x"},"classes":[]},{"id":1350,"url":"https:\/\/logofficina.it\/de\/produkt\/stemma-logo-posteriore-mercedes-a-2047580058-80mm-nero-lucido\/","url_meta":{"origin":4965,"position":2},"title":"Logo Emblem Hinten\u2013 Mercedes C W204 \u2013 A 204 758 00 58 \u2013 80mm \u2013 Schwarz gl\u00e4nzend","author":"wp_14398142","date":"Februar 18, 2023","format":false,"excerpt":"AMG","rel":"","context":"\u00c4hnlicher Beitrag","block_context":{"text":"\u00c4hnlicher Beitrag","link":""},"img":{"alt_text":"","src":"https:\/\/i0.wp.com\/logofficina.it\/wp-content\/uploads\/2023\/02\/IMG_20230219_162539-scaled-e1676822933946.jpg?fit=1200%2C1200&ssl=1&resize=350%2C200","width":350,"height":200,"srcset":"https:\/\/i0.wp.com\/logofficina.it\/wp-content\/uploads\/2023\/02\/IMG_20230219_162539-scaled-e1676822933946.jpg?fit=1200%2C1200&ssl=1&resize=350%2C200 1x, https:\/\/i0.wp.com\/logofficina.it\/wp-content\/uploads\/2023\/02\/IMG_20230219_162539-scaled-e1676822933946.jpg?fit=1200%2C1200&ssl=1&resize=525%2C300 1.5x, https:\/\/i0.wp.com\/logofficina.it\/wp-content\/uploads\/2023\/02\/IMG_20230219_162539-scaled-e1676822933946.jpg?fit=1200%2C1200&ssl=1&resize=700%2C400 2x, https:\/\/i0.wp.com\/logofficina.it\/wp-content\/uploads\/2023\/02\/IMG_20230219_162539-scaled-e1676822933946.jpg?fit=1200%2C1200&ssl=1&resize=1050%2C600 3x"},"classes":[]},{"id":2209,"url":"https:\/\/logofficina.it\/de\/produkt\/stemma-logo-posteriore-mercedes-a-w177-a-177-817-00-00-80mm-nero-lucido\/","url_meta":{"origin":4965,"position":3},"title":"Logo Emblem Hinten \u2013 Mercedes A W177 \u2013 A 177 817 00 00 \u2013 80mm \u2013 Schwarz Gl\u00e4nzend","author":"logofficina","date":"Juni 15, 2023","format":false,"excerpt":"AMG","rel":"","context":"Mit 1 Kommentar","block_context":{"text":"Mit 1 Kommentar","link":"https:\/\/logofficina.it\/de\/produkt\/stemma-logo-posteriore-mercedes-a-w177-a-177-817-00-00-80mm-nero-lucido\/#comments"},"img":{"alt_text":"","src":"https:\/\/i0.wp.com\/logofficina.it\/wp-content\/uploads\/2023\/02\/IMG_20230219_162315-scaled-e1676823558947.jpg?fit=1200%2C1200&ssl=1&resize=350%2C200","width":350,"height":200,"srcset":"https:\/\/i0.wp.com\/logofficina.it\/wp-content\/uploads\/2023\/02\/IMG_20230219_162315-scaled-e1676823558947.jpg?fit=1200%2C1200&ssl=1&resize=350%2C200 1x, https:\/\/i0.wp.com\/logofficina.it\/wp-content\/uploads\/2023\/02\/IMG_20230219_162315-scaled-e1676823558947.jpg?fit=1200%2C1200&ssl=1&resize=525%2C300 1.5x, https:\/\/i0.wp.com\/logofficina.it\/wp-content\/uploads\/2023\/02\/IMG_20230219_162315-scaled-e1676823558947.jpg?fit=1200%2C1200&ssl=1&resize=700%2C400 2x, https:\/\/i0.wp.com\/logofficina.it\/wp-content\/uploads\/2023\/02\/IMG_20230219_162315-scaled-e1676823558947.jpg?fit=1200%2C1200&ssl=1&resize=1050%2C600 3x"},"classes":[]},{"id":1386,"url":"https:\/\/logofficina.it\/de\/produkt\/stemma-logo-posteriore-mercedes-a-w176-a-176-817-00-16-80mm-nero-lucido\/","url_meta":{"origin":4965,"position":4},"title":"Logo Emblem Hinten \u2013 Mercedes A W176 \u2013 A 176 817 00 16 \u2013 80mm \u2013 Schwarz gl\u00e4nzend","author":"wp_14398142","date":"Februar 19, 2023","format":false,"excerpt":"AMG","rel":"","context":"Mit 1 Kommentar","block_context":{"text":"Mit 1 Kommentar","link":"https:\/\/logofficina.it\/de\/produkt\/stemma-logo-posteriore-mercedes-a-w176-a-176-817-00-16-80mm-nero-lucido\/#comments"},"img":{"alt_text":"","src":"https:\/\/i0.wp.com\/logofficina.it\/wp-content\/uploads\/2023\/02\/IMG_20230219_162315-scaled-e1676823558947.jpg?fit=1200%2C1200&ssl=1&resize=350%2C200","width":350,"height":200,"srcset":"https:\/\/i0.wp.com\/logofficina.it\/wp-content\/uploads\/2023\/02\/IMG_20230219_162315-scaled-e1676823558947.jpg?fit=1200%2C1200&ssl=1&resize=350%2C200 1x, https:\/\/i0.wp.com\/logofficina.it\/wp-content\/uploads\/2023\/02\/IMG_20230219_162315-scaled-e1676823558947.jpg?fit=1200%2C1200&ssl=1&resize=525%2C300 1.5x, https:\/\/i0.wp.com\/logofficina.it\/wp-content\/uploads\/2023\/02\/IMG_20230219_162315-scaled-e1676823558947.jpg?fit=1200%2C1200&ssl=1&resize=700%2C400 2x, https:\/\/i0.wp.com\/logofficina.it\/wp-content\/uploads\/2023\/02\/IMG_20230219_162315-scaled-e1676823558947.jpg?fit=1200%2C1200&ssl=1&resize=1050%2C600 3x"},"classes":[]},{"id":1371,"url":"https:\/\/logofficina.it\/de\/produkt\/stemma-logo-posteriore-mercedes-e-w212-a212-817-0016-90mm-nero-lucido\/","url_meta":{"origin":4965,"position":5},"title":"Logo Emblem Hinten \u2013 Mercedes E W212 \u2013 A 212 817 0016 \u2013 90mm \u2013 Schwarz Gl\u00e4nzend","author":"wp_14398142","date":"Februar 19, 2023","format":false,"excerpt":"AMG","rel":"","context":"\u00c4hnlicher Beitrag","block_context":{"text":"\u00c4hnlicher Beitrag","link":""},"img":{"alt_text":"","src":"https:\/\/i0.wp.com\/logofficina.it\/wp-content\/uploads\/2023\/02\/IMG_20230219_162455-scaled-e1676824232943.jpg?fit=1200%2C1200&ssl=1&resize=350%2C200","width":350,"height":200,"srcset":"https:\/\/i0.wp.com\/logofficina.it\/wp-content\/uploads\/2023\/02\/IMG_20230219_162455-scaled-e1676824232943.jpg?fit=1200%2C1200&ssl=1&resize=350%2C200 1x, https:\/\/i0.wp.com\/logofficina.it\/wp-content\/uploads\/2023\/02\/IMG_20230219_162455-scaled-e1676824232943.jpg?fit=1200%2C1200&ssl=1&resize=525%2C300 1.5x, https:\/\/i0.wp.com\/logofficina.it\/wp-content\/uploads\/2023\/02\/IMG_20230219_162455-scaled-e1676824232943.jpg?fit=1200%2C1200&ssl=1&resize=700%2C400 2x, https:\/\/i0.wp.com\/logofficina.it\/wp-content\/uploads\/2023\/02\/IMG_20230219_162455-scaled-e1676824232943.jpg?fit=1200%2C1200&ssl=1&resize=1050%2C600 3x"},"classes":[]}],"_links":{"self":[{"href":"https:\/\/logofficina.it\/de\/wp-json\/wp\/v2\/product\/4965","targetHints":{"allow":["GET"]}}],"collection":[{"href":"https:\/\/logofficina.it\/de\/wp-json\/wp\/v2\/product"}],"about":[{"href":"https:\/\/logofficina.it\/de\/wp-json\/wp\/v2\/types\/product"}],"replies":[{"embeddable":true,"href":"https:\/\/logofficina.it\/de\/wp-json\/wp\/v2\/comments?post=4965"}],"wp:featuredmedia":[{"embeddable":true,"href":"https:\/\/logofficina.it\/de\/wp-json\/wp\/v2\/media\/4967"}],"wp:attachment":[{"href":"https:\/\/logofficina.it\/de\/wp-json\/wp\/v2\/media?parent=4965"}],"wp:term":[{"taxonomy":"product_brand","embeddable":true,"href":"https:\/\/logofficina.it\/de\/wp-json\/wp\/v2\/product_brand?post=4965"},{"taxonomy":"product_cat","embeddable":true,"href":"https:\/\/logofficina.it\/de\/wp-json\/wp\/v2\/product_cat?post=4965"},{"taxonomy":"product_tag","embeddable":true,"href":"https:\/\/logofficina.it\/de\/wp-json\/wp\/v2\/product_tag?post=4965"}],"curies":[{"name":"wp","href":"https:\/\/api.w.org\/{rel}","templated":true}]}}