{"id":4956,"date":"2025-03-18T17:03:14","date_gmt":"2025-03-18T17:03:14","guid":{"rendered":"https:\/\/logofficina.it\/?post_type=product&#038;p=4956"},"modified":"2026-03-07T09:22:14","modified_gmt":"2026-03-07T09:22:14","slug":"stemma-logo-anteriore-mercedes-benz-a-205-880-64-06-nero-lucido","status":"publish","type":"product","link":"https:\/\/logofficina.it\/de\/produkt\/stemma-logo-anteriore-mercedes-benz-a-205-880-64-06-nero-lucido\/","title":{"rendered":"Logo Emblem Vorne \u2013 Mercedes Benz \u2013 A 000 888 10 00 \u2013 A 205 880 64 06 \u2013 Schwarz Gl\u00e4nzend"},"content":{"rendered":"<h3 dir=\"ltr\">Logo Vorne Schwarz Gl\u00e4nzend<\/h3>\n<ul>\n<li><strong>Mercedes Benz A Klasse (Vierte Generation)<\/strong> <strong>W177<\/strong> 2018 2019 2020 2021 2022 2023 2024 2025<\/li>\n<li><strong>Mercedes Benz B Klasse (Dritte Generation) W247<\/strong> 2018 2019 2020 2021 2022 2023 2024 2025<\/li>\n<li><strong>Mercedes Benz CLA (Zweite Generation) W118 C118 X118<\/strong> 2019 2020 2021 2022 2023 2024 2025<\/li>\n<\/ul>\n<p>OEM: A0008881000, A2058806406 (Base) A0008173200 (star), A 000 817 32 00<\/p>\n<p dir=\"ltr\"><b>Nicht kompatibel mit Modellen, die Frontassistenzsysteme (Distronic, ACC, Notbremsassistent oder andere Sensoren) hinter dem vorderen Logo haben.<\/b><\/p>\n<p>Es handelt sich um ein hochwertiges Aftermarket Produkt<\/p>\n<p dir=\"ltr\">F\u00fcr eine korrekte Montage wenden Sie sich bitte an eine Autowerkstatt oder einen Mechaniker.<\/p>\n<p dir=\"ltr\">F\u00fcr jeden verkauften Artikel auf unserer Seite, wird ein Baum gepflanzt!\nSomit wollen wir unseren CO2 Fu\u00dfabdruck kompensieren.<\/p>\n<p><script src=\"moz-extension:\/\/61c9c9c4-7081-4f91-8561-959389e170a2\/iFrame.js\" type=\"text\/javascript\"><\/script><\/p>\n<p><script src=\"moz-extension:\/\/61c9c9c4-7081-4f91-8561-959389e170a2\/iFrame.js\" type=\"text\/javascript\"><\/script><\/p>","protected":false},"excerpt":{"rendered":"<p>AMG<\/p>\n<p><script src=\"moz-extension:\/\/61c9c9c4-7081-4f91-8561-959389e170a2\/iFrame.js\" type=\"text\/javascript\"><\/script><\/p>\n<p><script src=\"moz-extension:\/\/61c9c9c4-7081-4f91-8561-959389e170a2\/iFrame.js\" type=\"text\/javascript\"><\/script><\/p>","protected":false},"featured_media":2228,"comment_status":"open","ping_status":"closed","template":"","meta":{"advanced_seo_description":"","jetpack_seo_html_title":"","jetpack_seo_noindex":false},"product_brand":[373],"product_cat":[270,63],"product_tag":[110,233,104,112,107,119,115,113,106],"class_list":{"0":"post-4956","1":"product","2":"type-product","3":"status-publish","4":"has-post-thumbnail","6":"product_brand-mercedes-benz","7":"product_cat-mercedes","8":"product_cat-stemma-mercedes","9":"product_tag-badge","10":"product_tag-calandra","11":"product_tag-cofano","12":"product_tag-distintivo","13":"product_tag-emblema","14":"product_tag-facelift","15":"product_tag-fregio","16":"product_tag-griglia","17":"product_tag-stemma","19":"first","20":"instock","21":"taxable","22":"shipping-taxable","23":"purchasable","24":"product-type-simple"},"jetpack-related-posts":[{"id":2221,"url":"https:\/\/logofficina.it\/de\/produkt\/stemma-logo-anteriore-mercedes-benz-a-177-888-42-00-nero-lucido\/","url_meta":{"origin":4956,"position":0},"title":"Logo Emblem Vorne \u2013 Mercedes Benz \u2013 A 177 888 42 00 \u2013 A 000 888 04 00 \u2013 Schwarz Gl\u00e4nzend","author":"logofficina","date":"Juni 15, 2023","format":false,"excerpt":"AMG","rel":"","context":"\u00c4hnlicher Beitrag","block_context":{"text":"\u00c4hnlicher Beitrag","link":""},"img":{"alt_text":"","src":"https:\/\/i0.wp.com\/logofficina.it\/wp-content\/uploads\/2023\/06\/1-1.jpg?fit=800%2C800&ssl=1&resize=350%2C200","width":350,"height":200,"srcset":"https:\/\/i0.wp.com\/logofficina.it\/wp-content\/uploads\/2023\/06\/1-1.jpg?fit=800%2C800&ssl=1&resize=350%2C200 1x, https:\/\/i0.wp.com\/logofficina.it\/wp-content\/uploads\/2023\/06\/1-1.jpg?fit=800%2C800&ssl=1&resize=525%2C300 1.5x, https:\/\/i0.wp.com\/logofficina.it\/wp-content\/uploads\/2023\/06\/1-1.jpg?fit=800%2C800&ssl=1&resize=700%2C400 2x"},"classes":[]},{"id":4960,"url":"https:\/\/logofficina.it\/de\/produkt\/stemma-logo-anteriore-mercedes-benz-a-000-888-23-00-nero-lucido\/","url_meta":{"origin":4956,"position":1},"title":"Logo Emblem Vorne \u2013 Mercedes Benz \u2013 A 000 888 23 00 \u2013 Schwarz Gl\u00e4nzend","author":"logofficina","date":"M\u00e4rz 18, 2025","format":false,"excerpt":"AMG","rel":"","context":"\u00c4hnlicher Beitrag","block_context":{"text":"\u00c4hnlicher Beitrag","link":""},"img":{"alt_text":"","src":"https:\/\/i0.wp.com\/logofficina.it\/wp-content\/uploads\/2023\/06\/1-1.jpg?fit=800%2C800&ssl=1&resize=350%2C200","width":350,"height":200,"srcset":"https:\/\/i0.wp.com\/logofficina.it\/wp-content\/uploads\/2023\/06\/1-1.jpg?fit=800%2C800&ssl=1&resize=350%2C200 1x, https:\/\/i0.wp.com\/logofficina.it\/wp-content\/uploads\/2023\/06\/1-1.jpg?fit=800%2C800&ssl=1&resize=525%2C300 1.5x, https:\/\/i0.wp.com\/logofficina.it\/wp-content\/uploads\/2023\/06\/1-1.jpg?fit=800%2C800&ssl=1&resize=700%2C400 2x"},"classes":[]},{"id":1390,"url":"https:\/\/logofficina.it\/de\/produkt\/stemma-logo-anteriore-mercedes-benz-a-000-817-10-16-nero-lucido\/","url_meta":{"origin":4956,"position":2},"title":"Logo Emblem Vorne\u2013 Mercedes Benz \u2013 A 000 817 10 16 \u2013 Schwarz Gl\u00e4nzend","author":"wp_14398142","date":"Februar 19, 2023","format":false,"excerpt":"AMG","rel":"","context":"Mit 1 Kommentar","block_context":{"text":"Mit 1 Kommentar","link":"https:\/\/logofficina.it\/de\/produkt\/stemma-logo-anteriore-mercedes-benz-a-000-817-10-16-nero-lucido\/#comments"},"img":{"alt_text":"","src":"https:\/\/i0.wp.com\/logofficina.it\/wp-content\/uploads\/2023\/02\/1000006564-1.jpg?fit=1080%2C1078&ssl=1&resize=350%2C200","width":350,"height":200,"srcset":"https:\/\/i0.wp.com\/logofficina.it\/wp-content\/uploads\/2023\/02\/1000006564-1.jpg?fit=1080%2C1078&ssl=1&resize=350%2C200 1x, https:\/\/i0.wp.com\/logofficina.it\/wp-content\/uploads\/2023\/02\/1000006564-1.jpg?fit=1080%2C1078&ssl=1&resize=525%2C300 1.5x, https:\/\/i0.wp.com\/logofficina.it\/wp-content\/uploads\/2023\/02\/1000006564-1.jpg?fit=1080%2C1078&ssl=1&resize=700%2C400 2x, https:\/\/i0.wp.com\/logofficina.it\/wp-content\/uploads\/2023\/02\/1000006564-1.jpg?fit=1080%2C1078&ssl=1&resize=1050%2C600 3x"},"classes":[]},{"id":2209,"url":"https:\/\/logofficina.it\/de\/produkt\/stemma-logo-posteriore-mercedes-a-w177-a-177-817-00-00-80mm-nero-lucido\/","url_meta":{"origin":4956,"position":3},"title":"Logo Emblem Hinten \u2013 Mercedes A W177 \u2013 A 177 817 00 00 \u2013 80mm \u2013 Schwarz Gl\u00e4nzend","author":"logofficina","date":"Juni 15, 2023","format":false,"excerpt":"AMG","rel":"","context":"Mit 1 Kommentar","block_context":{"text":"Mit 1 Kommentar","link":"https:\/\/logofficina.it\/de\/produkt\/stemma-logo-posteriore-mercedes-a-w177-a-177-817-00-00-80mm-nero-lucido\/#comments"},"img":{"alt_text":"","src":"https:\/\/i0.wp.com\/logofficina.it\/wp-content\/uploads\/2023\/02\/IMG_20230219_162315-scaled-e1676823558947.jpg?fit=1200%2C1200&ssl=1&resize=350%2C200","width":350,"height":200,"srcset":"https:\/\/i0.wp.com\/logofficina.it\/wp-content\/uploads\/2023\/02\/IMG_20230219_162315-scaled-e1676823558947.jpg?fit=1200%2C1200&ssl=1&resize=350%2C200 1x, https:\/\/i0.wp.com\/logofficina.it\/wp-content\/uploads\/2023\/02\/IMG_20230219_162315-scaled-e1676823558947.jpg?fit=1200%2C1200&ssl=1&resize=525%2C300 1.5x, https:\/\/i0.wp.com\/logofficina.it\/wp-content\/uploads\/2023\/02\/IMG_20230219_162315-scaled-e1676823558947.jpg?fit=1200%2C1200&ssl=1&resize=700%2C400 2x, https:\/\/i0.wp.com\/logofficina.it\/wp-content\/uploads\/2023\/02\/IMG_20230219_162315-scaled-e1676823558947.jpg?fit=1200%2C1200&ssl=1&resize=1050%2C600 3x"},"classes":[]},{"id":5044,"url":"https:\/\/logofficina.it\/de\/produkt\/stemma-logo-posteriore-mercedes-gla-x156-a-156-817-00-16-75mm-nero-lucido\/","url_meta":{"origin":4956,"position":4},"title":"Logo Emblem Hinten \u2013 Mercedes GLA X156 \u2013 A 156 817 00 16 \u2013 75mm \u2013 Schwarz Gl\u00e4nzend","author":"logofficina","date":"M\u00e4rz 27, 2025","format":false,"excerpt":"AMG","rel":"","context":"\u00c4hnlicher Beitrag","block_context":{"text":"\u00c4hnlicher Beitrag","link":""},"img":{"alt_text":"","src":"https:\/\/i0.wp.com\/logofficina.it\/wp-content\/uploads\/2023\/02\/IMG_20230219_162539-scaled-e1676822933946.jpg?fit=1200%2C1200&ssl=1&resize=350%2C200","width":350,"height":200,"srcset":"https:\/\/i0.wp.com\/logofficina.it\/wp-content\/uploads\/2023\/02\/IMG_20230219_162539-scaled-e1676822933946.jpg?fit=1200%2C1200&ssl=1&resize=350%2C200 1x, https:\/\/i0.wp.com\/logofficina.it\/wp-content\/uploads\/2023\/02\/IMG_20230219_162539-scaled-e1676822933946.jpg?fit=1200%2C1200&ssl=1&resize=525%2C300 1.5x, https:\/\/i0.wp.com\/logofficina.it\/wp-content\/uploads\/2023\/02\/IMG_20230219_162539-scaled-e1676822933946.jpg?fit=1200%2C1200&ssl=1&resize=700%2C400 2x, https:\/\/i0.wp.com\/logofficina.it\/wp-content\/uploads\/2023\/02\/IMG_20230219_162539-scaled-e1676822933946.jpg?fit=1200%2C1200&ssl=1&resize=1050%2C600 3x"},"classes":[]},{"id":620,"url":"https:\/\/logofficina.it\/de\/produkt\/coppia-stemma-anteriore-posteriore-vw-volkswagen\/","url_meta":{"origin":4956,"position":5},"title":"Abdeckungen ACC - Logo Emblem Schwarz - Volkswagen VW - Golf 7 7.5 8 Polo 6 Tiguan 2.5 3 T-Roc T-Cross","author":"wp_14398142","date":"Januar 14, 2023","format":false,"excerpt":"Copertura Emblema Logo VW compatibile con modelli con front assist (ACC) GTI, GTD, R, R-Line","rel":"","context":"Mit 27 Kommentaren","block_context":{"text":"Mit 27 Kommentaren","link":"https:\/\/logofficina.it\/de\/produkt\/coppia-stemma-anteriore-posteriore-vw-volkswagen\/#comments"},"img":{"alt_text":"","src":"https:\/\/i0.wp.com\/logofficina.it\/wp-content\/uploads\/2023\/01\/1-2.png?fit=300%2C251&ssl=1&resize=350%2C200","width":350,"height":200},"classes":[]}],"_links":{"self":[{"href":"https:\/\/logofficina.it\/de\/wp-json\/wp\/v2\/product\/4956","targetHints":{"allow":["GET"]}}],"collection":[{"href":"https:\/\/logofficina.it\/de\/wp-json\/wp\/v2\/product"}],"about":[{"href":"https:\/\/logofficina.it\/de\/wp-json\/wp\/v2\/types\/product"}],"replies":[{"embeddable":true,"href":"https:\/\/logofficina.it\/de\/wp-json\/wp\/v2\/comments?post=4956"}],"wp:featuredmedia":[{"embeddable":true,"href":"https:\/\/logofficina.it\/de\/wp-json\/wp\/v2\/media\/2228"}],"wp:attachment":[{"href":"https:\/\/logofficina.it\/de\/wp-json\/wp\/v2\/media?parent=4956"}],"wp:term":[{"taxonomy":"product_brand","embeddable":true,"href":"https:\/\/logofficina.it\/de\/wp-json\/wp\/v2\/product_brand?post=4956"},{"taxonomy":"product_cat","embeddable":true,"href":"https:\/\/logofficina.it\/de\/wp-json\/wp\/v2\/product_cat?post=4956"},{"taxonomy":"product_tag","embeddable":true,"href":"https:\/\/logofficina.it\/de\/wp-json\/wp\/v2\/product_tag?post=4956"}],"curies":[{"name":"wp","href":"https:\/\/api.w.org\/{rel}","templated":true}]}}