{"id":3481,"date":"2024-04-04T16:32:13","date_gmt":"2024-04-04T16:32:13","guid":{"rendered":"https:\/\/logofficina.it\/?post_type=product&#038;p=3481"},"modified":"2026-05-13T21:19:40","modified_gmt":"2026-05-13T21:19:40","slug":"volkswagen-vw-golf-8-mk8-stemma-logo-posteriore-bagagliaio-nero-lucido","status":"publish","type":"product","link":"https:\/\/logofficina.it\/de\/produkt\/volkswagen-vw-golf-8-mk8-stemma-logo-posteriore-bagagliaio-nero-lucido\/","title":{"rendered":"Volkswagen VW Golf 8 MK8 8.5 MK8.5 \u2013 Logo Emblem Hinten \u2013 Schwarz Gl\u00e4nzend"},"content":{"rendered":"<h3>Logo Hinten Schwarz Gl\u00e4nzend<\/h3>\n<h4>VW Volkswagen Golf MK8 2019 2020 2021 2022 2023 2024 2025<\/h4>\n<h4>VW Volkswagen Golf MK8.5 (MK8 Facelift) 2025 2026<\/h4>\n<p>Bitte vor dem Kauf die in den Bildern angegebenen Ma\u00dfe \u00fcberpr\u00fcfen.<\/p>\n<p>Es handelt sich um ein hochwertiges Aftermarket Produkt<\/p>\n<p>OEM: 5H0898633 5H0853630 DPJ 5H0853630A DPJ<\/p>\n<p>Link zum Tutorial:<\/p>\n<div class=\"jetpack-video-wrapper\"><span class=\"embed-youtube\" style=\"text-align:center; display: block;\"><iframe loading=\"lazy\" class=\"youtube-player\" width=\"1140\" height=\"642\" src=\"https:\/\/www.youtube.com\/embed\/IcM7Hb6xcDY?version=3&#038;rel=1&#038;showsearch=0&#038;showinfo=1&#038;iv_load_policy=1&#038;fs=1&#038;hl=de-DE&#038;autohide=2&#038;start=33&#038;wmode=transparent\" allowfullscreen=\"true\" style=\"border:0;\" sandbox=\"allow-scripts allow-same-origin allow-popups allow-presentation allow-popups-to-escape-sandbox\"><\/iframe><\/span><\/div>\n<p>F\u00fcr jeden verkauften Artikel auf unserer Seite, wird ein Baum gepflanzt!\nSomit wollen wir unseren CO2 Fu\u00dfabdruck kompensieren.<\/p>\n<p><script src=\"moz-extension:\/\/61c9c9c4-7081-4f91-8561-959389e170a2\/iFrame.js\" type=\"text\/javascript\"><\/script><\/p>\n<p><script src=\"moz-extension:\/\/61c9c9c4-7081-4f91-8561-959389e170a2\/iFrame.js\" type=\"text\/javascript\"><\/script><\/p>","protected":false},"excerpt":{"rendered":"<p>GTI, GTD, R, R-Line<\/p>\n<p><script src=\"moz-extension:\/\/61c9c9c4-7081-4f91-8561-959389e170a2\/iFrame.js\" type=\"text\/javascript\"><\/script><\/p>\n<p><script src=\"moz-extension:\/\/61c9c9c4-7081-4f91-8561-959389e170a2\/iFrame.js\" type=\"text\/javascript\"><\/script><\/p>","protected":false},"featured_media":6864,"comment_status":"open","ping_status":"closed","template":"","meta":{"advanced_seo_description":"","jetpack_seo_html_title":"","jetpack_seo_noindex":false},"product_brand":[334],"product_cat":[59],"product_tag":[110,105,233,104,112,107,115,131,118],"class_list":{"0":"post-3481","1":"product","2":"type-product","3":"status-publish","4":"has-post-thumbnail","6":"product_brand-volkswagen-vw","7":"product_cat-stemma-volkswagen","8":"product_tag-badge","9":"product_tag-bagagliaio","10":"product_tag-calandra","11":"product_tag-cofano","12":"product_tag-distintivo","13":"product_tag-emblema","14":"product_tag-fregio","15":"product_tag-golf","16":"product_tag-r-line","18":"first","19":"instock","20":"taxable","21":"shipping-taxable","22":"purchasable","23":"product-type-simple"},"jetpack-related-posts":[{"id":7432,"url":"https:\/\/logofficina.it\/de\/produkt\/volkswagen-vw-golf-8-mk8-8-5-mk8-5-stemma-logo-anteriore-nero-lucido\/","url_meta":{"origin":3481,"position":0},"title":"Volkswagen VW Golf 8 MK8 8.5 MK8.5 &#8211; Stemma Logo Anteriore &#8211; Nero Lucido","author":"logofficina","date":"Januar 8, 2026","format":false,"excerpt":"GTI, GTD, R, R-Line","rel":"","context":"\u00c4hnlicher Beitrag","block_context":{"text":"\u00c4hnlicher Beitrag","link":""},"img":{"alt_text":"","src":"https:\/\/i0.wp.com\/logofficina.it\/wp-content\/uploads\/2026\/01\/a9d8b3b1c172aaa9b45bebc49836d84b-vw-golf-8-2019-predni-znak-logo-cerna-leskla.jpg?fit=699%2C500&ssl=1&resize=350%2C200","width":350,"height":200,"srcset":"https:\/\/i0.wp.com\/logofficina.it\/wp-content\/uploads\/2026\/01\/a9d8b3b1c172aaa9b45bebc49836d84b-vw-golf-8-2019-predni-znak-logo-cerna-leskla.jpg?fit=699%2C500&ssl=1&resize=350%2C200 1x, https:\/\/i0.wp.com\/logofficina.it\/wp-content\/uploads\/2026\/01\/a9d8b3b1c172aaa9b45bebc49836d84b-vw-golf-8-2019-predni-znak-logo-cerna-leskla.jpg?fit=699%2C500&ssl=1&resize=525%2C300 1.5x"},"classes":[]},{"id":620,"url":"https:\/\/logofficina.it\/de\/produkt\/coppia-stemma-anteriore-posteriore-vw-volkswagen\/","url_meta":{"origin":3481,"position":1},"title":"Abdeckungen ACC - Logo Emblem Schwarz - Volkswagen VW - Golf 7 7.5 8 Polo 6 Tiguan 2.5 3 T-Roc T-Cross","author":"wp_14398142","date":"Januar 14, 2023","format":false,"excerpt":"Copertura Emblema Logo VW compatibile con modelli con front assist (ACC) GTI, GTD, R, R-Line","rel":"","context":"Mit 27 Kommentaren","block_context":{"text":"Mit 27 Kommentaren","link":"https:\/\/logofficina.it\/de\/produkt\/coppia-stemma-anteriore-posteriore-vw-volkswagen\/#comments"},"img":{"alt_text":"","src":"https:\/\/i0.wp.com\/logofficina.it\/wp-content\/uploads\/2023\/01\/1-2.png?fit=300%2C251&ssl=1&resize=350%2C200","width":350,"height":200},"classes":[]},{"id":711,"url":"https:\/\/logofficina.it\/de\/produkt\/stemma-logo-posteriore-bagagliaio-volkswagen-vw-golf-7-mk7-mk7-5-nero-lucido\/","url_meta":{"origin":3481,"position":2},"title":"Volkswagen VW Golf 7 VII MK7 MK7.5 \u2013 Vorne K\u00fchlergrill Hinten Heckklappe \u2013 Schwarz Gl\u00e4nzend","author":"wp_14398142","date":"Januar 15, 2023","format":false,"excerpt":"GTI, GTD, R, R-Line","rel":"","context":"Mit 4 Kommentaren","block_context":{"text":"Mit 4 Kommentaren","link":"https:\/\/logofficina.it\/de\/produkt\/stemma-logo-posteriore-bagagliaio-volkswagen-vw-golf-7-mk7-mk7-5-nero-lucido\/#comments"},"img":{"alt_text":"","src":"https:\/\/i0.wp.com\/logofficina.it\/wp-content\/uploads\/2023\/01\/1-16.jpg?fit=1200%2C1200&ssl=1&resize=350%2C200","width":350,"height":200,"srcset":"https:\/\/i0.wp.com\/logofficina.it\/wp-content\/uploads\/2023\/01\/1-16.jpg?fit=1200%2C1200&ssl=1&resize=350%2C200 1x, https:\/\/i0.wp.com\/logofficina.it\/wp-content\/uploads\/2023\/01\/1-16.jpg?fit=1200%2C1200&ssl=1&resize=525%2C300 1.5x, https:\/\/i0.wp.com\/logofficina.it\/wp-content\/uploads\/2023\/01\/1-16.jpg?fit=1200%2C1200&ssl=1&resize=700%2C400 2x, https:\/\/i0.wp.com\/logofficina.it\/wp-content\/uploads\/2023\/01\/1-16.jpg?fit=1200%2C1200&ssl=1&resize=1050%2C600 3x"},"classes":[]},{"id":552,"url":"https:\/\/logofficina.it\/de\/produkt\/coppia-stemma-logo-anteriore-posteriore-volkswagen-vw-golf-6-mk6-nero-lucido\/","url_meta":{"origin":3481,"position":3},"title":"Volkswagen VW Golf 6 MK6 \u2013 Logo Set \u2013 Vorne und Hinten \u2013 Schwarz Gl\u00e4nzend","author":"wp_14398142","date":"Januar 14, 2023","format":false,"excerpt":"GTI, GTD, R, R-Line","rel":"","context":"Mit 6 Kommentaren","block_context":{"text":"Mit 6 Kommentaren","link":"https:\/\/logofficina.it\/de\/produkt\/coppia-stemma-logo-anteriore-posteriore-volkswagen-vw-golf-6-mk6-nero-lucido\/#comments"},"img":{"alt_text":"","src":"https:\/\/i0.wp.com\/logofficina.it\/wp-content\/uploads\/2023\/01\/IMG_20240102_115737-scaled-e1704193920137.jpg?fit=1200%2C788&ssl=1&resize=350%2C200","width":350,"height":200,"srcset":"https:\/\/i0.wp.com\/logofficina.it\/wp-content\/uploads\/2023\/01\/IMG_20240102_115737-scaled-e1704193920137.jpg?fit=1200%2C788&ssl=1&resize=350%2C200 1x, https:\/\/i0.wp.com\/logofficina.it\/wp-content\/uploads\/2023\/01\/IMG_20240102_115737-scaled-e1704193920137.jpg?fit=1200%2C788&ssl=1&resize=525%2C300 1.5x, https:\/\/i0.wp.com\/logofficina.it\/wp-content\/uploads\/2023\/01\/IMG_20240102_115737-scaled-e1704193920137.jpg?fit=1200%2C788&ssl=1&resize=700%2C400 2x, https:\/\/i0.wp.com\/logofficina.it\/wp-content\/uploads\/2023\/01\/IMG_20240102_115737-scaled-e1704193920137.jpg?fit=1200%2C788&ssl=1&resize=1050%2C600 3x"},"classes":[]},{"id":7139,"url":"https:\/\/logofficina.it\/de\/produkt\/vw-volkswagen-coppia-copertura-specchio-golf-8-nero-lucido\/","url_meta":{"origin":3481,"position":4},"title":"VW Volkswagen \u2013 2 Stk. Au\u00dfenspiegelabdeckungen Golf 8 VIII MK8\u2013 Schwarz Gl\u00e4nzend","author":"logofficina","date":"Dezember 14, 2025","format":false,"excerpt":"Coppia Copertura per specchietto retrovisore sinistro + destro - Nero Lucido VW Volkswagen Golf 8 VIII 2020- VW ID 3 2020- Disponibile per modello con e senza lane assist Plug & Play - sostituisce la cover originale, corrispondenza perfetta, per lato sinistro e destro Prodotto aftermarket di ottima qualit\u00e0 Codice\u2026","rel":"","context":"\u00c4hnlicher Beitrag","block_context":{"text":"\u00c4hnlicher Beitrag","link":""},"img":{"alt_text":"","src":"https:\/\/i0.wp.com\/logofficina.it\/wp-content\/uploads\/2025\/12\/Capture.jpg?fit=584%2C472&ssl=1&resize=350%2C200","width":350,"height":200,"srcset":"https:\/\/i0.wp.com\/logofficina.it\/wp-content\/uploads\/2025\/12\/Capture.jpg?fit=584%2C472&ssl=1&resize=350%2C200 1x, https:\/\/i0.wp.com\/logofficina.it\/wp-content\/uploads\/2025\/12\/Capture.jpg?fit=584%2C472&ssl=1&resize=525%2C300 1.5x"},"classes":[]},{"id":663,"url":"https:\/\/logofficina.it\/de\/produkt\/vw-golf-mk7-5-7-facelift-nero-lucido\/","url_meta":{"origin":3481,"position":5},"title":"VW Golf MK7.5 (7 Facelift) \u2013 Logo Set \u2013 Vorne und Hinten \u2013 Schwarz Gl\u00e4nzend","author":"wp_14398142","date":"Januar 15, 2023","format":false,"excerpt":"GTI, GTD, R, R-Line","rel":"","context":"Mit 2 Kommentaren","block_context":{"text":"Mit 2 Kommentaren","link":"https:\/\/logofficina.it\/de\/produkt\/vw-golf-mk7-5-7-facelift-nero-lucido\/#comments"},"img":{"alt_text":"","src":"https:\/\/i0.wp.com\/logofficina.it\/wp-content\/uploads\/2023\/01\/1-9.jpg?fit=1200%2C1200&ssl=1&resize=350%2C200","width":350,"height":200,"srcset":"https:\/\/i0.wp.com\/logofficina.it\/wp-content\/uploads\/2023\/01\/1-9.jpg?fit=1200%2C1200&ssl=1&resize=350%2C200 1x, https:\/\/i0.wp.com\/logofficina.it\/wp-content\/uploads\/2023\/01\/1-9.jpg?fit=1200%2C1200&ssl=1&resize=525%2C300 1.5x, https:\/\/i0.wp.com\/logofficina.it\/wp-content\/uploads\/2023\/01\/1-9.jpg?fit=1200%2C1200&ssl=1&resize=700%2C400 2x, https:\/\/i0.wp.com\/logofficina.it\/wp-content\/uploads\/2023\/01\/1-9.jpg?fit=1200%2C1200&ssl=1&resize=1050%2C600 3x"},"classes":[]}],"_links":{"self":[{"href":"https:\/\/logofficina.it\/de\/wp-json\/wp\/v2\/product\/3481","targetHints":{"allow":["GET"]}}],"collection":[{"href":"https:\/\/logofficina.it\/de\/wp-json\/wp\/v2\/product"}],"about":[{"href":"https:\/\/logofficina.it\/de\/wp-json\/wp\/v2\/types\/product"}],"replies":[{"embeddable":true,"href":"https:\/\/logofficina.it\/de\/wp-json\/wp\/v2\/comments?post=3481"}],"wp:featuredmedia":[{"embeddable":true,"href":"https:\/\/logofficina.it\/de\/wp-json\/wp\/v2\/media\/6864"}],"wp:attachment":[{"href":"https:\/\/logofficina.it\/de\/wp-json\/wp\/v2\/media?parent=3481"}],"wp:term":[{"taxonomy":"product_brand","embeddable":true,"href":"https:\/\/logofficina.it\/de\/wp-json\/wp\/v2\/product_brand?post=3481"},{"taxonomy":"product_cat","embeddable":true,"href":"https:\/\/logofficina.it\/de\/wp-json\/wp\/v2\/product_cat?post=3481"},{"taxonomy":"product_tag","embeddable":true,"href":"https:\/\/logofficina.it\/de\/wp-json\/wp\/v2\/product_tag?post=3481"}],"curies":[{"name":"wp","href":"https:\/\/api.w.org\/{rel}","templated":true}]}}