{"id":1691,"date":"2023-03-20T17:19:45","date_gmt":"2023-03-20T17:19:45","guid":{"rendered":"https:\/\/logofficina.it\/?post_type=product&#038;p=1691"},"modified":"2026-04-26T13:56:18","modified_gmt":"2026-04-26T13:56:18","slug":"coppia-stemma-bmw-nero-bianco-carbonio","status":"publish","type":"product","link":"https:\/\/logofficina.it\/de\/produkt\/coppia-stemma-bmw-nero-bianco-carbonio\/","title":{"rendered":"Coppia Stemma Logo &#8211; Anteriore Posteriore &#8211; 82mm 78mm 72mm &#8211; BMW"},"content":{"rendered":"<h3 dir=\"ltr\">Logo Set Vorne + Hinten<\/h3>\n<p><strong>BMW<\/strong><\/p>\n<p>Farbe:<\/p>\n<ul>\n<li>Schwarz \/ Schwarz (Full Black)<\/li>\n<li>Schwarz \/ Wei\u00df (Carbon Effekt)<\/li>\n<li>Wei\u00df \/ Blau<\/li>\n<\/ul>\n<p>Kompatibel mit vielen BMW-Modellen.<\/p>\n<p>Bitte die Ma\u00dfe des originalen Logos vor dem Kauf \u00fcberpr\u00fcfen<\/p>\n<p><strong>Diametri stemmi: 82mm 78mm 72mm<\/strong><\/p>\n<p>Material: Metall und ABS<\/p>\n<p>OEM: 51 14-8132375<\/p>\n<p>Es handelt sich um ein hochwertiges Aftermarket Produkt<\/p>\n<p dir=\"ltr\">F\u00fcr jeden verkauften Artikel auf unserer Seite, wird ein Baum gepflanzt!\nSomit wollen wir unseren CO2 Fu\u00dfabdruck kompensieren.<\/p>","protected":false},"excerpt":{"rendered":"<p>Serie 1, Serie 3, Serie 4, Serie 5, Serie 7, Serie 8, X1, X3, , X4, X5, X6, Z4, M2, M3, M4, M5<\/p>","protected":false},"featured_media":1698,"comment_status":"open","ping_status":"closed","template":"","meta":{"advanced_seo_description":"","jetpack_seo_html_title":"","jetpack_seo_noindex":false},"product_brand":[374],"product_cat":[62],"product_tag":[110,105,233,180,179,107,119,115,113,176,177,178,120,181,182,183,184],"class_list":{"0":"post-1691","1":"product","2":"type-product","3":"status-publish","4":"has-post-thumbnail","6":"product_brand-bmw","7":"product_cat-stemma-bmw","8":"product_tag-badge","9":"product_tag-bagagliaio","10":"product_tag-calandra","11":"product_tag-e53","12":"product_tag-e83","13":"product_tag-emblema","14":"product_tag-facelift","15":"product_tag-fregio","16":"product_tag-griglia","17":"product_tag-serie-1","18":"product_tag-serie-3","19":"product_tag-serie-5","20":"product_tag-tuning","21":"product_tag-x5","22":"product_tag-x6","23":"product_tag-z3","24":"product_tag-z4","26":"first","27":"instock","28":"taxable","29":"shipping-taxable","30":"purchasable","31":"product-type-variable"},"jetpack-related-posts":[{"id":1717,"url":"https:\/\/logofficina.it\/de\/produkt\/adesivo-volante-bmw\/","url_meta":{"origin":1691,"position":0},"title":"Logo Aufkleber Lenkrad \u2013 BMW \u2013 45mm","author":"wp_14398142","date":"M\u00e4rz 20, 2023","format":false,"excerpt":"Serie 1, Serie 3, Serie 4, Serie 5, Serie 7, Serie 8, X1, X3, , X4, X5, X6, Z4, M2, M3, M4, M5","rel":"","context":"Mit 1 Kommentar","block_context":{"text":"Mit 1 Kommentar","link":"https:\/\/logofficina.it\/de\/produkt\/adesivo-volante-bmw\/#comments"},"img":{"alt_text":"","src":"https:\/\/i0.wp.com\/logofficina.it\/wp-content\/uploads\/2023\/03\/bmw-emblems-stickers-bmw-45mm-carbon-black-gray-wheel-emblem-sticker-5475447341127__49407-1.jpg?fit=1200%2C1200&ssl=1&resize=350%2C200","width":350,"height":200,"srcset":"https:\/\/i0.wp.com\/logofficina.it\/wp-content\/uploads\/2023\/03\/bmw-emblems-stickers-bmw-45mm-carbon-black-gray-wheel-emblem-sticker-5475447341127__49407-1.jpg?fit=1200%2C1200&ssl=1&resize=350%2C200 1x, https:\/\/i0.wp.com\/logofficina.it\/wp-content\/uploads\/2023\/03\/bmw-emblems-stickers-bmw-45mm-carbon-black-gray-wheel-emblem-sticker-5475447341127__49407-1.jpg?fit=1200%2C1200&ssl=1&resize=525%2C300 1.5x, https:\/\/i0.wp.com\/logofficina.it\/wp-content\/uploads\/2023\/03\/bmw-emblems-stickers-bmw-45mm-carbon-black-gray-wheel-emblem-sticker-5475447341127__49407-1.jpg?fit=1200%2C1200&ssl=1&resize=700%2C400 2x, https:\/\/i0.wp.com\/logofficina.it\/wp-content\/uploads\/2023\/03\/bmw-emblems-stickers-bmw-45mm-carbon-black-gray-wheel-emblem-sticker-5475447341127__49407-1.jpg?fit=1200%2C1200&ssl=1&resize=1050%2C600 3x"},"classes":[]},{"id":1703,"url":"https:\/\/logofficina.it\/de\/produkt\/set-di-4-tappi-coprimozzo-logo-bmw-56mm-60mm-68mm\/","url_meta":{"origin":1691,"position":1},"title":"Radnabenkappen Felgenkappen im 4er Set mit Logo \u2013 BMW \u2013 56mm 60mm 68mm","author":"wp_14398142","date":"M\u00e4rz 20, 2023","format":false,"excerpt":"Serie 1, Serie 3, Serie 4, Serie 5, Serie 7, Serie 8, X1, X3, , X4, X5, X6, Z4, M2, M3, M4, M5","rel":"","context":"Mit 3 Kommentaren","block_context":{"text":"Mit 3 Kommentaren","link":"https:\/\/logofficina.it\/de\/produkt\/set-di-4-tappi-coprimozzo-logo-bmw-56mm-60mm-68mm\/#comments"},"img":{"alt_text":"","src":"https:\/\/i0.wp.com\/logofficina.it\/wp-content\/uploads\/2023\/03\/black-carbon-fibre-68-1-1.jpg?fit=1171%2C706&ssl=1&resize=350%2C200","width":350,"height":200,"srcset":"https:\/\/i0.wp.com\/logofficina.it\/wp-content\/uploads\/2023\/03\/black-carbon-fibre-68-1-1.jpg?fit=1171%2C706&ssl=1&resize=350%2C200 1x, https:\/\/i0.wp.com\/logofficina.it\/wp-content\/uploads\/2023\/03\/black-carbon-fibre-68-1-1.jpg?fit=1171%2C706&ssl=1&resize=525%2C300 1.5x, https:\/\/i0.wp.com\/logofficina.it\/wp-content\/uploads\/2023\/03\/black-carbon-fibre-68-1-1.jpg?fit=1171%2C706&ssl=1&resize=700%2C400 2x, https:\/\/i0.wp.com\/logofficina.it\/wp-content\/uploads\/2023\/03\/black-carbon-fibre-68-1-1.jpg?fit=1171%2C706&ssl=1&resize=1050%2C600 3x"},"classes":[]},{"id":552,"url":"https:\/\/logofficina.it\/de\/produkt\/coppia-stemma-logo-anteriore-posteriore-volkswagen-vw-golf-6-mk6-nero-lucido\/","url_meta":{"origin":1691,"position":2},"title":"Volkswagen VW Golf 6 MK6 \u2013 Logo Set \u2013 Vorne und Hinten \u2013 Schwarz Gl\u00e4nzend","author":"wp_14398142","date":"Januar 14, 2023","format":false,"excerpt":"GTI, GTD, R, R-Line","rel":"","context":"Mit 6 Kommentaren","block_context":{"text":"Mit 6 Kommentaren","link":"https:\/\/logofficina.it\/de\/produkt\/coppia-stemma-logo-anteriore-posteriore-volkswagen-vw-golf-6-mk6-nero-lucido\/#comments"},"img":{"alt_text":"","src":"https:\/\/i0.wp.com\/logofficina.it\/wp-content\/uploads\/2023\/01\/IMG_20240102_115737-scaled-e1704193920137.jpg?fit=1200%2C788&ssl=1&resize=350%2C200","width":350,"height":200,"srcset":"https:\/\/i0.wp.com\/logofficina.it\/wp-content\/uploads\/2023\/01\/IMG_20240102_115737-scaled-e1704193920137.jpg?fit=1200%2C788&ssl=1&resize=350%2C200 1x, https:\/\/i0.wp.com\/logofficina.it\/wp-content\/uploads\/2023\/01\/IMG_20240102_115737-scaled-e1704193920137.jpg?fit=1200%2C788&ssl=1&resize=525%2C300 1.5x, https:\/\/i0.wp.com\/logofficina.it\/wp-content\/uploads\/2023\/01\/IMG_20240102_115737-scaled-e1704193920137.jpg?fit=1200%2C788&ssl=1&resize=700%2C400 2x, https:\/\/i0.wp.com\/logofficina.it\/wp-content\/uploads\/2023\/01\/IMG_20240102_115737-scaled-e1704193920137.jpg?fit=1200%2C788&ssl=1&resize=1050%2C600 3x"},"classes":[]},{"id":2961,"url":"https:\/\/logofficina.it\/de\/produkt\/volkswagen-vw-golf-6-mk6-coppia-stemma-logo-anteriore-posteriore-nero-opaco\/","url_meta":{"origin":1691,"position":3},"title":"Volkswagen VW Golf 6 MK6 \u2013 Logo Set \u2013 Vorne und Hinten \u2013 Schwarz Matt","author":"logofficina","date":"Januar 2, 2024","format":false,"excerpt":"GTI, GTD, R, R-Line","rel":"","context":"\u00c4hnlicher Beitrag","block_context":{"text":"\u00c4hnlicher Beitrag","link":""},"img":{"alt_text":"","src":"https:\/\/i0.wp.com\/logofficina.it\/wp-content\/uploads\/2024\/01\/IMG_20240102_114938-scaled-e1704193631345.jpg?fit=1200%2C766&ssl=1&resize=350%2C200","width":350,"height":200,"srcset":"https:\/\/i0.wp.com\/logofficina.it\/wp-content\/uploads\/2024\/01\/IMG_20240102_114938-scaled-e1704193631345.jpg?fit=1200%2C766&ssl=1&resize=350%2C200 1x, https:\/\/i0.wp.com\/logofficina.it\/wp-content\/uploads\/2024\/01\/IMG_20240102_114938-scaled-e1704193631345.jpg?fit=1200%2C766&ssl=1&resize=525%2C300 1.5x, https:\/\/i0.wp.com\/logofficina.it\/wp-content\/uploads\/2024\/01\/IMG_20240102_114938-scaled-e1704193631345.jpg?fit=1200%2C766&ssl=1&resize=700%2C400 2x, https:\/\/i0.wp.com\/logofficina.it\/wp-content\/uploads\/2024\/01\/IMG_20240102_114938-scaled-e1704193631345.jpg?fit=1200%2C766&ssl=1&resize=1050%2C600 3x"},"classes":[]},{"id":659,"url":"https:\/\/logofficina.it\/de\/produkt\/coppia-stemma-logo-anteriore-posteriore-volkswagen-vw-golf-5-mk5-nero\/","url_meta":{"origin":1691,"position":4},"title":"VW Golf 5 MK5 \u2013 Logo Set \u2013 Vorne und Hinten \u2013 Schwarz Gl\u00e4nzend","author":"wp_14398142","date":"Januar 15, 2023","format":false,"excerpt":"GTI, GTD, R, R-Line","rel":"","context":"Mit 1 Kommentar","block_context":{"text":"Mit 1 Kommentar","link":"https:\/\/logofficina.it\/de\/produkt\/coppia-stemma-logo-anteriore-posteriore-volkswagen-vw-golf-5-mk5-nero\/#comments"},"img":{"alt_text":"","src":"https:\/\/i0.wp.com\/logofficina.it\/wp-content\/uploads\/2024\/01\/IMG_20240102_155657-scaled-e1704207878702.jpg?fit=1200%2C824&ssl=1&resize=350%2C200","width":350,"height":200,"srcset":"https:\/\/i0.wp.com\/logofficina.it\/wp-content\/uploads\/2024\/01\/IMG_20240102_155657-scaled-e1704207878702.jpg?fit=1200%2C824&ssl=1&resize=350%2C200 1x, https:\/\/i0.wp.com\/logofficina.it\/wp-content\/uploads\/2024\/01\/IMG_20240102_155657-scaled-e1704207878702.jpg?fit=1200%2C824&ssl=1&resize=525%2C300 1.5x, https:\/\/i0.wp.com\/logofficina.it\/wp-content\/uploads\/2024\/01\/IMG_20240102_155657-scaled-e1704207878702.jpg?fit=1200%2C824&ssl=1&resize=700%2C400 2x, https:\/\/i0.wp.com\/logofficina.it\/wp-content\/uploads\/2024\/01\/IMG_20240102_155657-scaled-e1704207878702.jpg?fit=1200%2C824&ssl=1&resize=1050%2C600 3x"},"classes":[]},{"id":1660,"url":"https:\/\/logofficina.it\/de\/produkt\/vw-polo-5-6c-nero-opaco\/","url_meta":{"origin":1691,"position":5},"title":"VW Polo 5 (6C) 2014-17 \u2013 Logo Set \u2013 Vorne und Hinten \u2013 Schwarz Matt","author":"wp_14398142","date":"M\u00e4rz 20, 2023","format":false,"excerpt":"GTI, GTD, R, R-Line","rel":"","context":"Mit 1 Kommentar","block_context":{"text":"Mit 1 Kommentar","link":"https:\/\/logofficina.it\/de\/produkt\/vw-polo-5-6c-nero-opaco\/#comments"},"img":{"alt_text":"","src":"https:\/\/i0.wp.com\/logofficina.it\/wp-content\/uploads\/2023\/01\/1-12.jpg?fit=1200%2C1200&ssl=1&resize=350%2C200","width":350,"height":200,"srcset":"https:\/\/i0.wp.com\/logofficina.it\/wp-content\/uploads\/2023\/01\/1-12.jpg?fit=1200%2C1200&ssl=1&resize=350%2C200 1x, https:\/\/i0.wp.com\/logofficina.it\/wp-content\/uploads\/2023\/01\/1-12.jpg?fit=1200%2C1200&ssl=1&resize=525%2C300 1.5x, https:\/\/i0.wp.com\/logofficina.it\/wp-content\/uploads\/2023\/01\/1-12.jpg?fit=1200%2C1200&ssl=1&resize=700%2C400 2x, https:\/\/i0.wp.com\/logofficina.it\/wp-content\/uploads\/2023\/01\/1-12.jpg?fit=1200%2C1200&ssl=1&resize=1050%2C600 3x"},"classes":[]}],"_links":{"self":[{"href":"https:\/\/logofficina.it\/de\/wp-json\/wp\/v2\/product\/1691","targetHints":{"allow":["GET"]}}],"collection":[{"href":"https:\/\/logofficina.it\/de\/wp-json\/wp\/v2\/product"}],"about":[{"href":"https:\/\/logofficina.it\/de\/wp-json\/wp\/v2\/types\/product"}],"replies":[{"embeddable":true,"href":"https:\/\/logofficina.it\/de\/wp-json\/wp\/v2\/comments?post=1691"}],"wp:featuredmedia":[{"embeddable":true,"href":"https:\/\/logofficina.it\/de\/wp-json\/wp\/v2\/media\/1698"}],"wp:attachment":[{"href":"https:\/\/logofficina.it\/de\/wp-json\/wp\/v2\/media?parent=1691"}],"wp:term":[{"taxonomy":"product_brand","embeddable":true,"href":"https:\/\/logofficina.it\/de\/wp-json\/wp\/v2\/product_brand?post=1691"},{"taxonomy":"product_cat","embeddable":true,"href":"https:\/\/logofficina.it\/de\/wp-json\/wp\/v2\/product_cat?post=1691"},{"taxonomy":"product_tag","embeddable":true,"href":"https:\/\/logofficina.it\/de\/wp-json\/wp\/v2\/product_tag?post=1691"}],"curies":[{"name":"wp","href":"https:\/\/api.w.org\/{rel}","templated":true}]}}