{"id":1669,"date":"2023-03-20T13:57:56","date_gmt":"2023-03-20T13:57:56","guid":{"rendered":"https:\/\/logofficina.it\/?post_type=product&#038;p=1669"},"modified":"2026-02-27T18:38:57","modified_gmt":"2026-02-27T18:38:57","slug":"golf-mk7-5-7-facelift-nero-opaco","status":"publish","type":"product","link":"https:\/\/logofficina.it\/de\/produkt\/golf-mk7-5-7-facelift-nero-opaco\/","title":{"rendered":"VW Golf MK7.5 (7 Facelift) \u2013 Logo Set \u2013 Vorne und Hinten \u2013 Schwarz Matt"},"content":{"rendered":"<h3 dir=\"ltr\">Logo Set Vorne + Hinten \u2013 Schwarz Matt<\/h3>\n<p dir=\"ltr\"><strong>VW Volkswagen Golf MK7.5 \u2013 Neuer Golf (Siebte Generation)<\/strong><\/p>\n<p><strong>2016 2017 2018<\/strong><\/p>\n<p dir=\"ltr\">Nicht mit MK7 kompatibel (nur mit MK7.5 \u2013 7 Facelift)<\/p>\n<p dir=\"ltr\"><b>Nicht kompatibel mit Modellen, bei denen sich Front-Assistenzsysteme (ACC, Notbremsassistent, Radar) hinter dem vorderen Logo befinden. Alternativ finden Sie die passenden Abdeckungen unter diesen <a href=\"https:\/\/logofficina.it\/de\/produkt\/coppia-stemma-anteriore-posteriore-vw-volkswagen\/\">Link<\/a>.<\/b><\/p>\n<p dir=\"ltr\">Bitte vor dem Kauf die in den Bildern angegebenen Ma\u00dfe \u00fcberpr\u00fcfen.<\/p>\n<p>Es handelt sich um ein hochwertiges Aftermarket Produkt<\/p>\n<p dir=\"ltr\">OEM Logo vorne: 3G0 853 617 3G0853617A 3G0853601B<\/p>\n<p>OEM Logo hinten: 5G0 853 630 5G0853630H 5G0 853 617 5G0853617A<\/p>\n<p>&nbsp;<\/p>\n<p dir=\"ltr\">Link zum Tutorial<\/p>\n<p dir=\"ltr\">\n<div class=\"jetpack-video-wrapper\"><span class=\"embed-youtube\" style=\"text-align:center; display: block;\"><iframe loading=\"lazy\" class=\"youtube-player\" width=\"1140\" height=\"642\" src=\"https:\/\/www.youtube.com\/embed\/CcDJLqbYBDk?version=3&#038;rel=1&#038;showsearch=0&#038;showinfo=1&#038;iv_load_policy=1&#038;fs=1&#038;hl=de-DE&#038;autohide=2&#038;start=15&#038;wmode=transparent\" allowfullscreen=\"true\" style=\"border:0;\" sandbox=\"allow-scripts allow-same-origin allow-popups allow-presentation allow-popups-to-escape-sandbox\"><\/iframe><\/span><\/div>\n<\/p>\n<p dir=\"ltr\">\n<div class=\"jetpack-video-wrapper\"><span class=\"embed-youtube\" style=\"text-align:center; display: block;\"><iframe loading=\"lazy\" class=\"youtube-player\" width=\"1140\" height=\"642\" src=\"https:\/\/www.youtube.com\/embed\/IcM7Hb6xcDY?version=3&#038;rel=1&#038;showsearch=0&#038;showinfo=1&#038;iv_load_policy=1&#038;fs=1&#038;hl=de-DE&#038;autohide=2&#038;start=33&#038;wmode=transparent\" allowfullscreen=\"true\" style=\"border:0;\" sandbox=\"allow-scripts allow-same-origin allow-popups allow-presentation allow-popups-to-escape-sandbox\"><\/iframe><\/span><\/div>\n<\/p>\n<p dir=\"ltr\">F\u00fcr jeden verkauften Artikel auf unserer Seite, wird ein Baum gepflanzt!\nSomit wollen wir unseren CO2 Fu\u00dfabdruck kompensieren.<\/p>\n<p><script src=\"moz-extension:\/\/61c9c9c4-7081-4f91-8561-959389e170a2\/iFrame.js\" type=\"text\/javascript\"><\/script><\/p>\n<p><script src=\"moz-extension:\/\/61c9c9c4-7081-4f91-8561-959389e170a2\/iFrame.js\" type=\"text\/javascript\"><\/script><\/p>","protected":false},"excerpt":{"rendered":"<p>GTI, GTD, R, R-Line<\/p>\n<p><script src=\"moz-extension:\/\/61c9c9c4-7081-4f91-8561-959389e170a2\/iFrame.js\" type=\"text\/javascript\"><\/script><\/p>\n<p><script src=\"moz-extension:\/\/61c9c9c4-7081-4f91-8561-959389e170a2\/iFrame.js\" type=\"text\/javascript\"><\/script><\/p>","protected":false},"featured_media":691,"comment_status":"open","ping_status":"closed","template":"","meta":{"advanced_seo_description":"","jetpack_seo_html_title":"","jetpack_seo_noindex":false},"product_brand":[334],"product_cat":[59,268],"product_tag":[110,105,233,104,112,107,119,115,113,117,116,114,118,106,120],"class_list":{"0":"post-1669","1":"product","2":"type-product","3":"status-publish","4":"has-post-thumbnail","6":"product_brand-volkswagen-vw","7":"product_cat-stemma-volkswagen","8":"product_cat-volkswagen","9":"product_tag-badge","10":"product_tag-bagagliaio","11":"product_tag-calandra","12":"product_tag-cofano","13":"product_tag-distintivo","14":"product_tag-emblema","15":"product_tag-facelift","16":"product_tag-fregio","17":"product_tag-griglia","18":"product_tag-gtd","19":"product_tag-gti","20":"product_tag-mascherina","21":"product_tag-r-line","22":"product_tag-stemma","23":"product_tag-tuning","25":"first","26":"instock","27":"taxable","28":"shipping-taxable","29":"product-type-simple"},"jetpack-related-posts":[{"id":663,"url":"https:\/\/logofficina.it\/de\/produkt\/vw-golf-mk7-5-7-facelift-nero-lucido\/","url_meta":{"origin":1669,"position":0},"title":"VW Golf MK7.5 (7 Facelift) \u2013 Logo Set \u2013 Vorne und Hinten \u2013 Schwarz Gl\u00e4nzend","author":"wp_14398142","date":"Januar 15, 2023","format":false,"excerpt":"GTI, GTD, R, R-Line","rel":"","context":"Mit 2 Kommentaren","block_context":{"text":"Mit 2 Kommentaren","link":"https:\/\/logofficina.it\/de\/produkt\/vw-golf-mk7-5-7-facelift-nero-lucido\/#comments"},"img":{"alt_text":"","src":"https:\/\/i0.wp.com\/logofficina.it\/wp-content\/uploads\/2023\/01\/1-9.jpg?fit=1200%2C1200&ssl=1&resize=350%2C200","width":350,"height":200,"srcset":"https:\/\/i0.wp.com\/logofficina.it\/wp-content\/uploads\/2023\/01\/1-9.jpg?fit=1200%2C1200&ssl=1&resize=350%2C200 1x, https:\/\/i0.wp.com\/logofficina.it\/wp-content\/uploads\/2023\/01\/1-9.jpg?fit=1200%2C1200&ssl=1&resize=525%2C300 1.5x, https:\/\/i0.wp.com\/logofficina.it\/wp-content\/uploads\/2023\/01\/1-9.jpg?fit=1200%2C1200&ssl=1&resize=700%2C400 2x, https:\/\/i0.wp.com\/logofficina.it\/wp-content\/uploads\/2023\/01\/1-9.jpg?fit=1200%2C1200&ssl=1&resize=1050%2C600 3x"},"classes":[]},{"id":6750,"url":"https:\/\/logofficina.it\/de\/produkt\/vw-golf-mk7-5-7-facelift-coppia-logo-anteriore-posteriore-argento-cromato\/","url_meta":{"origin":1669,"position":1},"title":"VW Golf MK7.5 (7 Facelift) \u2013 Logo Set \u2013 Vorne und Hinten \u2013 Silber Chrom","author":"logofficina","date":"November 16, 2025","format":false,"excerpt":"GTI, GTD, R, R-Line","rel":"","context":"\u00c4hnlicher Beitrag","block_context":{"text":"\u00c4hnlicher Beitrag","link":""},"img":{"alt_text":"","src":"https:\/\/i0.wp.com\/logofficina.it\/wp-content\/uploads\/2025\/11\/IMG_1689116052263113001.png?fit=1200%2C1200&ssl=1&resize=350%2C200","width":350,"height":200,"srcset":"https:\/\/i0.wp.com\/logofficina.it\/wp-content\/uploads\/2025\/11\/IMG_1689116052263113001.png?fit=1200%2C1200&ssl=1&resize=350%2C200 1x, https:\/\/i0.wp.com\/logofficina.it\/wp-content\/uploads\/2025\/11\/IMG_1689116052263113001.png?fit=1200%2C1200&ssl=1&resize=525%2C300 1.5x, https:\/\/i0.wp.com\/logofficina.it\/wp-content\/uploads\/2025\/11\/IMG_1689116052263113001.png?fit=1200%2C1200&ssl=1&resize=700%2C400 2x, https:\/\/i0.wp.com\/logofficina.it\/wp-content\/uploads\/2025\/11\/IMG_1689116052263113001.png?fit=1200%2C1200&ssl=1&resize=1050%2C600 3x"},"classes":[]},{"id":1665,"url":"https:\/\/logofficina.it\/de\/produkt\/vgolf-mk7-5-7-facelift-carbonio\/","url_meta":{"origin":1669,"position":2},"title":"VW Golf MK7.5 (7 Facelift) \u2013 Logo Set \u2013 Vorne und Hinten \u2013 Carbon","author":"wp_14398142","date":"M\u00e4rz 20, 2023","format":false,"excerpt":"GTI, GTD, R, R-Line","rel":"","context":"\u00c4hnlicher Beitrag","block_context":{"text":"\u00c4hnlicher Beitrag","link":""},"img":{"alt_text":"","src":"https:\/\/i0.wp.com\/logofficina.it\/wp-content\/uploads\/2023\/02\/1677408634701-e1677408821278.jpg?fit=858%2C858&ssl=1&resize=350%2C200","width":350,"height":200,"srcset":"https:\/\/i0.wp.com\/logofficina.it\/wp-content\/uploads\/2023\/02\/1677408634701-e1677408821278.jpg?fit=858%2C858&ssl=1&resize=350%2C200 1x, https:\/\/i0.wp.com\/logofficina.it\/wp-content\/uploads\/2023\/02\/1677408634701-e1677408821278.jpg?fit=858%2C858&ssl=1&resize=525%2C300 1.5x, https:\/\/i0.wp.com\/logofficina.it\/wp-content\/uploads\/2023\/02\/1677408634701-e1677408821278.jpg?fit=858%2C858&ssl=1&resize=700%2C400 2x"},"classes":[]},{"id":1676,"url":"https:\/\/logofficina.it\/de\/produkt\/vw-golf-7-mk7-nero-opaco\/","url_meta":{"origin":1669,"position":3},"title":"VW Volkswagen Golf 7 VII MK7 \u2013 Logo Set \u2013 Vorne K\u00fchlergrill Hinten Heckklappe \u2013 Schwarz Matt","author":"wp_14398142","date":"M\u00e4rz 20, 2023","format":false,"excerpt":"GTI, GTD, R, R-Line","rel":"","context":"\u00c4hnlicher Beitrag","block_context":{"text":"\u00c4hnlicher Beitrag","link":""},"img":{"alt_text":"","src":"https:\/\/i0.wp.com\/logofficina.it\/wp-content\/uploads\/2023\/01\/1-13.jpg?fit=1200%2C1200&ssl=1&resize=350%2C200","width":350,"height":200,"srcset":"https:\/\/i0.wp.com\/logofficina.it\/wp-content\/uploads\/2023\/01\/1-13.jpg?fit=1200%2C1200&ssl=1&resize=350%2C200 1x, https:\/\/i0.wp.com\/logofficina.it\/wp-content\/uploads\/2023\/01\/1-13.jpg?fit=1200%2C1200&ssl=1&resize=525%2C300 1.5x, https:\/\/i0.wp.com\/logofficina.it\/wp-content\/uploads\/2023\/01\/1-13.jpg?fit=1200%2C1200&ssl=1&resize=700%2C400 2x, https:\/\/i0.wp.com\/logofficina.it\/wp-content\/uploads\/2023\/01\/1-13.jpg?fit=1200%2C1200&ssl=1&resize=1050%2C600 3x"},"classes":[]},{"id":670,"url":"https:\/\/logofficina.it\/de\/produkt\/vw-golf-7-mk7-nero-lucido\/","url_meta":{"origin":1669,"position":4},"title":"VW Volkswagen Golf 7 VII MK7 \u2013 Logo Set \u2013 Vorne K\u00fchlergrill Hinten Heckklappe \u2013 Schwarz Gl\u00e4nzend","author":"wp_14398142","date":"Januar 15, 2023","format":false,"excerpt":"GTI, GTD, R, R-Line","rel":"","context":"Mit 2 Kommentaren","block_context":{"text":"Mit 2 Kommentaren","link":"https:\/\/logofficina.it\/de\/produkt\/vw-golf-7-mk7-nero-lucido\/#comments"},"img":{"alt_text":"","src":"https:\/\/i0.wp.com\/logofficina.it\/wp-content\/uploads\/2023\/01\/5-5.jpg?fit=1200%2C1200&ssl=1&resize=350%2C200","width":350,"height":200,"srcset":"https:\/\/i0.wp.com\/logofficina.it\/wp-content\/uploads\/2023\/01\/5-5.jpg?fit=1200%2C1200&ssl=1&resize=350%2C200 1x, https:\/\/i0.wp.com\/logofficina.it\/wp-content\/uploads\/2023\/01\/5-5.jpg?fit=1200%2C1200&ssl=1&resize=525%2C300 1.5x, https:\/\/i0.wp.com\/logofficina.it\/wp-content\/uploads\/2023\/01\/5-5.jpg?fit=1200%2C1200&ssl=1&resize=700%2C400 2x, https:\/\/i0.wp.com\/logofficina.it\/wp-content\/uploads\/2023\/01\/5-5.jpg?fit=1200%2C1200&ssl=1&resize=1050%2C600 3x"},"classes":[]},{"id":6736,"url":"https:\/\/logofficina.it\/de\/produkt\/vw-volkswagen-golf-7-mk7-coppia-logo-anteriore-posteriore-argento-cromato\/","url_meta":{"origin":1669,"position":5},"title":"VW Volkswagen Golf 7 VII MK7 \u2013 Logo Set \u2013 Vorne K\u00fchlergrill Hinten Heckklappe\u2013 Silber Verchromt","author":"logofficina","date":"November 15, 2025","format":false,"excerpt":"GTI, GTD, R, R-Line","rel":"","context":"\u00c4hnlicher Beitrag","block_context":{"text":"\u00c4hnlicher Beitrag","link":""},"img":{"alt_text":"","src":"https:\/\/i0.wp.com\/logofficina.it\/wp-content\/uploads\/2025\/11\/Screenshot-2025-11-15-at-18-47-50-Badge-Emblem-Set-for-VW-Golf-MK7-GTI-R-TSI-GTD-R-line.png?fit=394%2C394&ssl=1&resize=350%2C200","width":350,"height":200},"classes":[]}],"_links":{"self":[{"href":"https:\/\/logofficina.it\/de\/wp-json\/wp\/v2\/product\/1669","targetHints":{"allow":["GET"]}}],"collection":[{"href":"https:\/\/logofficina.it\/de\/wp-json\/wp\/v2\/product"}],"about":[{"href":"https:\/\/logofficina.it\/de\/wp-json\/wp\/v2\/types\/product"}],"replies":[{"embeddable":true,"href":"https:\/\/logofficina.it\/de\/wp-json\/wp\/v2\/comments?post=1669"}],"wp:featuredmedia":[{"embeddable":true,"href":"https:\/\/logofficina.it\/de\/wp-json\/wp\/v2\/media\/691"}],"wp:attachment":[{"href":"https:\/\/logofficina.it\/de\/wp-json\/wp\/v2\/media?parent=1669"}],"wp:term":[{"taxonomy":"product_brand","embeddable":true,"href":"https:\/\/logofficina.it\/de\/wp-json\/wp\/v2\/product_brand?post=1669"},{"taxonomy":"product_cat","embeddable":true,"href":"https:\/\/logofficina.it\/de\/wp-json\/wp\/v2\/product_cat?post=1669"},{"taxonomy":"product_tag","embeddable":true,"href":"https:\/\/logofficina.it\/de\/wp-json\/wp\/v2\/product_tag?post=1669"}],"curies":[{"name":"wp","href":"https:\/\/api.w.org\/{rel}","templated":true}]}}