{"id":1371,"date":"2023-02-19T16:10:07","date_gmt":"2023-02-19T16:10:07","guid":{"rendered":"https:\/\/logofficina.it\/?post_type=product&#038;p=1371"},"modified":"2026-04-01T21:53:34","modified_gmt":"2026-04-01T21:53:34","slug":"stemma-logo-posteriore-mercedes-e-w212-a212-817-0016-90mm-nero-lucido","status":"publish","type":"product","link":"https:\/\/logofficina.it\/de\/produkt\/stemma-logo-posteriore-mercedes-e-w212-a212-817-0016-90mm-nero-lucido\/","title":{"rendered":"Logo Emblem Hinten \u2013 Mercedes E W212 \u2013 A 212 817 0016 \u2013 90mm \u2013 Schwarz Gl\u00e4nzend"},"content":{"rendered":"<h3 dir=\"ltr\">Logo Hinten Schwarz Gl\u00e4nzend<\/h3>\n<ul>\n<li><strong>Mercedes Benz E Klasse W212<\/strong> 2009, 2010, 2011 2013 2014 2015 2016<br \/>\nNicht kompatibel mit dem E Coup\u00e9 (C207) und dem E Cabriolet (A207)<\/li>\n<\/ul>\n<p>OEM: A2128170016<\/p>\n<p dir=\"ltr\">Vor dem Kauf bitte die Ma\u00dfe pr\u00fcfen:<\/p>\n<p dir=\"ltr\"><b>Durchmesser 90mm<\/b><\/p>\n<p>&nbsp;<\/p>\n<p dir=\"ltr\"><b><\/b>Montage mit doppelseitigem Klebeband auf der R\u00fcckseite<b><br \/>\n<\/b><br \/>\nEs handelt sich um ein hochwertiges Aftermarket Produkt<\/p>\n<p dir=\"ltr\">F\u00fcr jeden verkauften Artikel auf unserer Seite, wird ein Baum gepflanzt!\nSomit wollen wir unseren CO2 Fu\u00dfabdruck kompensieren.<\/p>\n<p><script src=\"moz-extension:\/\/61c9c9c4-7081-4f91-8561-959389e170a2\/iFrame.js\" type=\"text\/javascript\"><\/script><\/p>\n<p><script src=\"moz-extension:\/\/61c9c9c4-7081-4f91-8561-959389e170a2\/iFrame.js\" type=\"text\/javascript\"><\/script><\/p>","protected":false},"excerpt":{"rendered":"<p>AMG<\/p>\n<p><script src=\"moz-extension:\/\/61c9c9c4-7081-4f91-8561-959389e170a2\/iFrame.js\" type=\"text\/javascript\"><\/script><\/p>\n<p><script src=\"moz-extension:\/\/61c9c9c4-7081-4f91-8561-959389e170a2\/iFrame.js\" type=\"text\/javascript\"><\/script><\/p>","protected":false},"featured_media":1383,"comment_status":"open","ping_status":"closed","template":"","meta":{"advanced_seo_description":"","jetpack_seo_html_title":"","jetpack_seo_noindex":false},"product_brand":[373],"product_cat":[270,63],"product_tag":[110,105,112,107,119,115,106],"class_list":{"0":"post-1371","1":"product","2":"type-product","3":"status-publish","4":"has-post-thumbnail","6":"product_brand-mercedes-benz","7":"product_cat-mercedes","8":"product_cat-stemma-mercedes","9":"product_tag-badge","10":"product_tag-bagagliaio","11":"product_tag-distintivo","12":"product_tag-emblema","13":"product_tag-facelift","14":"product_tag-fregio","15":"product_tag-stemma","17":"first","18":"instock","19":"taxable","20":"shipping-taxable","21":"product-type-simple"},"jetpack-related-posts":[{"id":1350,"url":"https:\/\/logofficina.it\/de\/produkt\/stemma-logo-posteriore-mercedes-a-2047580058-80mm-nero-lucido\/","url_meta":{"origin":1371,"position":0},"title":"Logo Emblem Hinten\u2013 Mercedes C W204 \u2013 A 204 758 00 58 \u2013 80mm \u2013 Schwarz gl\u00e4nzend","author":"wp_14398142","date":"Februar 18, 2023","format":false,"excerpt":"AMG","rel":"","context":"\u00c4hnlicher Beitrag","block_context":{"text":"\u00c4hnlicher Beitrag","link":""},"img":{"alt_text":"","src":"https:\/\/i0.wp.com\/logofficina.it\/wp-content\/uploads\/2023\/02\/IMG_20230219_162539-scaled-e1676822933946.jpg?fit=1200%2C1200&ssl=1&resize=350%2C200","width":350,"height":200,"srcset":"https:\/\/i0.wp.com\/logofficina.it\/wp-content\/uploads\/2023\/02\/IMG_20230219_162539-scaled-e1676822933946.jpg?fit=1200%2C1200&ssl=1&resize=350%2C200 1x, https:\/\/i0.wp.com\/logofficina.it\/wp-content\/uploads\/2023\/02\/IMG_20230219_162539-scaled-e1676822933946.jpg?fit=1200%2C1200&ssl=1&resize=525%2C300 1.5x, https:\/\/i0.wp.com\/logofficina.it\/wp-content\/uploads\/2023\/02\/IMG_20230219_162539-scaled-e1676822933946.jpg?fit=1200%2C1200&ssl=1&resize=700%2C400 2x, https:\/\/i0.wp.com\/logofficina.it\/wp-content\/uploads\/2023\/02\/IMG_20230219_162539-scaled-e1676822933946.jpg?fit=1200%2C1200&ssl=1&resize=1050%2C600 3x"},"classes":[]},{"id":2209,"url":"https:\/\/logofficina.it\/de\/produkt\/stemma-logo-posteriore-mercedes-a-w177-a-177-817-00-00-80mm-nero-lucido\/","url_meta":{"origin":1371,"position":1},"title":"Logo Emblem Hinten \u2013 Mercedes A W177 \u2013 A 177 817 00 00 \u2013 80mm \u2013 Schwarz Gl\u00e4nzend","author":"logofficina","date":"Juni 15, 2023","format":false,"excerpt":"AMG","rel":"","context":"Mit 1 Kommentar","block_context":{"text":"Mit 1 Kommentar","link":"https:\/\/logofficina.it\/de\/produkt\/stemma-logo-posteriore-mercedes-a-w177-a-177-817-00-00-80mm-nero-lucido\/#comments"},"img":{"alt_text":"","src":"https:\/\/i0.wp.com\/logofficina.it\/wp-content\/uploads\/2023\/02\/IMG_20230219_162315-scaled-e1676823558947.jpg?fit=1200%2C1200&ssl=1&resize=350%2C200","width":350,"height":200,"srcset":"https:\/\/i0.wp.com\/logofficina.it\/wp-content\/uploads\/2023\/02\/IMG_20230219_162315-scaled-e1676823558947.jpg?fit=1200%2C1200&ssl=1&resize=350%2C200 1x, https:\/\/i0.wp.com\/logofficina.it\/wp-content\/uploads\/2023\/02\/IMG_20230219_162315-scaled-e1676823558947.jpg?fit=1200%2C1200&ssl=1&resize=525%2C300 1.5x, https:\/\/i0.wp.com\/logofficina.it\/wp-content\/uploads\/2023\/02\/IMG_20230219_162315-scaled-e1676823558947.jpg?fit=1200%2C1200&ssl=1&resize=700%2C400 2x, https:\/\/i0.wp.com\/logofficina.it\/wp-content\/uploads\/2023\/02\/IMG_20230219_162315-scaled-e1676823558947.jpg?fit=1200%2C1200&ssl=1&resize=1050%2C600 3x"},"classes":[]},{"id":1386,"url":"https:\/\/logofficina.it\/de\/produkt\/stemma-logo-posteriore-mercedes-a-w176-a-176-817-00-16-80mm-nero-lucido\/","url_meta":{"origin":1371,"position":2},"title":"Logo Emblem Hinten \u2013 Mercedes A W176 \u2013 A 176 817 00 16 \u2013 80mm \u2013 Schwarz gl\u00e4nzend","author":"wp_14398142","date":"Februar 19, 2023","format":false,"excerpt":"AMG","rel":"","context":"Mit 1 Kommentar","block_context":{"text":"Mit 1 Kommentar","link":"https:\/\/logofficina.it\/de\/produkt\/stemma-logo-posteriore-mercedes-a-w176-a-176-817-00-16-80mm-nero-lucido\/#comments"},"img":{"alt_text":"","src":"https:\/\/i0.wp.com\/logofficina.it\/wp-content\/uploads\/2023\/02\/IMG_20230219_162315-scaled-e1676823558947.jpg?fit=1200%2C1200&ssl=1&resize=350%2C200","width":350,"height":200,"srcset":"https:\/\/i0.wp.com\/logofficina.it\/wp-content\/uploads\/2023\/02\/IMG_20230219_162315-scaled-e1676823558947.jpg?fit=1200%2C1200&ssl=1&resize=350%2C200 1x, https:\/\/i0.wp.com\/logofficina.it\/wp-content\/uploads\/2023\/02\/IMG_20230219_162315-scaled-e1676823558947.jpg?fit=1200%2C1200&ssl=1&resize=525%2C300 1.5x, https:\/\/i0.wp.com\/logofficina.it\/wp-content\/uploads\/2023\/02\/IMG_20230219_162315-scaled-e1676823558947.jpg?fit=1200%2C1200&ssl=1&resize=700%2C400 2x, https:\/\/i0.wp.com\/logofficina.it\/wp-content\/uploads\/2023\/02\/IMG_20230219_162315-scaled-e1676823558947.jpg?fit=1200%2C1200&ssl=1&resize=1050%2C600 3x"},"classes":[]},{"id":5044,"url":"https:\/\/logofficina.it\/de\/produkt\/stemma-logo-posteriore-mercedes-gla-x156-a-156-817-00-16-75mm-nero-lucido\/","url_meta":{"origin":1371,"position":3},"title":"Logo Emblem Hinten \u2013 Mercedes GLA X156 \u2013 A 156 817 00 16 \u2013 75mm \u2013 Schwarz Gl\u00e4nzend","author":"logofficina","date":"M\u00e4rz 27, 2025","format":false,"excerpt":"AMG","rel":"","context":"\u00c4hnlicher Beitrag","block_context":{"text":"\u00c4hnlicher Beitrag","link":""},"img":{"alt_text":"","src":"https:\/\/i0.wp.com\/logofficina.it\/wp-content\/uploads\/2023\/02\/IMG_20230219_162539-scaled-e1676822933946.jpg?fit=1200%2C1200&ssl=1&resize=350%2C200","width":350,"height":200,"srcset":"https:\/\/i0.wp.com\/logofficina.it\/wp-content\/uploads\/2023\/02\/IMG_20230219_162539-scaled-e1676822933946.jpg?fit=1200%2C1200&ssl=1&resize=350%2C200 1x, https:\/\/i0.wp.com\/logofficina.it\/wp-content\/uploads\/2023\/02\/IMG_20230219_162539-scaled-e1676822933946.jpg?fit=1200%2C1200&ssl=1&resize=525%2C300 1.5x, https:\/\/i0.wp.com\/logofficina.it\/wp-content\/uploads\/2023\/02\/IMG_20230219_162539-scaled-e1676822933946.jpg?fit=1200%2C1200&ssl=1&resize=700%2C400 2x, https:\/\/i0.wp.com\/logofficina.it\/wp-content\/uploads\/2023\/02\/IMG_20230219_162539-scaled-e1676822933946.jpg?fit=1200%2C1200&ssl=1&resize=1050%2C600 3x"},"classes":[]},{"id":4965,"url":"https:\/\/logofficina.it\/de\/produkt\/logo-stemma-adesivo-volante-mercedes-52mm-nero-lucido\/","url_meta":{"origin":1371,"position":4},"title":"Logo Aufkleber Lenkrad \u2013 Mercedes \u2013 52mm  \u2013 Schwarz Gl\u00e4nzend","author":"logofficina","date":"M\u00e4rz 19, 2025","format":false,"excerpt":"\u00a0","rel":"","context":"\u00c4hnlicher Beitrag","block_context":{"text":"\u00c4hnlicher Beitrag","link":""},"img":{"alt_text":"","src":"https:\/\/i0.wp.com\/logofficina.it\/wp-content\/uploads\/2025\/03\/steering-wheel-2653506_960_720.jpg?fit=960%2C640&ssl=1&resize=350%2C200","width":350,"height":200,"srcset":"https:\/\/i0.wp.com\/logofficina.it\/wp-content\/uploads\/2025\/03\/steering-wheel-2653506_960_720.jpg?fit=960%2C640&ssl=1&resize=350%2C200 1x, https:\/\/i0.wp.com\/logofficina.it\/wp-content\/uploads\/2025\/03\/steering-wheel-2653506_960_720.jpg?fit=960%2C640&ssl=1&resize=525%2C300 1.5x, https:\/\/i0.wp.com\/logofficina.it\/wp-content\/uploads\/2025\/03\/steering-wheel-2653506_960_720.jpg?fit=960%2C640&ssl=1&resize=700%2C400 2x"},"classes":[]},{"id":4960,"url":"https:\/\/logofficina.it\/de\/produkt\/stemma-logo-anteriore-mercedes-benz-a-000-888-23-00-nero-lucido\/","url_meta":{"origin":1371,"position":5},"title":"Logo Emblem Vorne \u2013 Mercedes Benz \u2013 A 000 888 23 00 \u2013 Schwarz Gl\u00e4nzend","author":"logofficina","date":"M\u00e4rz 18, 2025","format":false,"excerpt":"AMG","rel":"","context":"\u00c4hnlicher Beitrag","block_context":{"text":"\u00c4hnlicher Beitrag","link":""},"img":{"alt_text":"","src":"https:\/\/i0.wp.com\/logofficina.it\/wp-content\/uploads\/2023\/06\/1-1.jpg?fit=800%2C800&ssl=1&resize=350%2C200","width":350,"height":200,"srcset":"https:\/\/i0.wp.com\/logofficina.it\/wp-content\/uploads\/2023\/06\/1-1.jpg?fit=800%2C800&ssl=1&resize=350%2C200 1x, https:\/\/i0.wp.com\/logofficina.it\/wp-content\/uploads\/2023\/06\/1-1.jpg?fit=800%2C800&ssl=1&resize=525%2C300 1.5x, https:\/\/i0.wp.com\/logofficina.it\/wp-content\/uploads\/2023\/06\/1-1.jpg?fit=800%2C800&ssl=1&resize=700%2C400 2x"},"classes":[]}],"_links":{"self":[{"href":"https:\/\/logofficina.it\/de\/wp-json\/wp\/v2\/product\/1371","targetHints":{"allow":["GET"]}}],"collection":[{"href":"https:\/\/logofficina.it\/de\/wp-json\/wp\/v2\/product"}],"about":[{"href":"https:\/\/logofficina.it\/de\/wp-json\/wp\/v2\/types\/product"}],"replies":[{"embeddable":true,"href":"https:\/\/logofficina.it\/de\/wp-json\/wp\/v2\/comments?post=1371"}],"wp:featuredmedia":[{"embeddable":true,"href":"https:\/\/logofficina.it\/de\/wp-json\/wp\/v2\/media\/1383"}],"wp:attachment":[{"href":"https:\/\/logofficina.it\/de\/wp-json\/wp\/v2\/media?parent=1371"}],"wp:term":[{"taxonomy":"product_brand","embeddable":true,"href":"https:\/\/logofficina.it\/de\/wp-json\/wp\/v2\/product_brand?post=1371"},{"taxonomy":"product_cat","embeddable":true,"href":"https:\/\/logofficina.it\/de\/wp-json\/wp\/v2\/product_cat?post=1371"},{"taxonomy":"product_tag","embeddable":true,"href":"https:\/\/logofficina.it\/de\/wp-json\/wp\/v2\/product_tag?post=1371"}],"curies":[{"name":"wp","href":"https:\/\/api.w.org\/{rel}","templated":true}]}}