{"id":775,"date":"2023-01-18T17:20:46","date_gmt":"2023-01-18T17:20:46","guid":{"rendered":"https:\/\/logofficina-1f9gtl7c4z.live-website.com\/?page_id=775"},"modified":"2025-10-24T13:27:46","modified_gmt":"2025-10-24T13:27:46","slug":"cookie-policy","status":"publish","type":"page","link":"https:\/\/logofficina.it\/de\/cookie-policy\/","title":{"rendered":"Datenschutz &amp; Cookies"},"content":{"rendered":"<p>Aufkl\u00e4rung \u00fcber die Datenverarbeitung im Sinne der EU-Richtlinie Nr. 679\/2016<\/p>\n\n\n\n<p>Das Einzelunternehmen Luca Accoto - LogOfficina informiert im Sinne der EU-Richtlinie Nr. 679\/2016 (im Folgenden DSGVO genannt), und unter Bezugnahme auf die personenbezogenen und sensiblen Daten, in deren Kenntnis sie gelangen wird, \u00fcber die Art, den Umfang und den Zweck ihrer Datenverarbeitung.<\/p>\n\n\n\n<p><strong>1. Verantwortlicher f\u00fcr die Datenverarbeitung<\/strong><br>Luca Accoto - LogOfficina<br>MwSt. Nr.: 03314590211 \u2013 Sarnserstra\u00dfe 2C \u2013 39042 \u2013 Brixen (BZ)<br>E-Mail Adresse: info@logofficina.it <a href=\"mailto:info@logofficina.it\">info@logofficina.it<\/a><br>PEC: logofficina@pec.it<br>Eingetragen in das Handelskammerregister mit der Nummer: BZ-249674<\/p>\n\n\n\n<p><strong>2. Arten der verarbeiteten Daten und betroffene Personen:<\/strong><\/p>\n\n\n\n<p>Es werden die personenbezogenen Daten von Kunden und Lieferanten, sowie Daten von Personen bearbeitet, die unserem Betrieb ihre Personalien willentlich (pers\u00f6nlich, telefonisch oder per E-Mail), sowie durch Registrierung auf unserer Webseite mitteilen, sowie von Personen, deren Daten durch Dritte, zum Beispiel bei der Erfassung von externen Daten f\u00fcr gesch\u00e4ftliche Informationen, \u00f6ffentliche Verzeichnisse usw. \u00fcbernommen wurden, wobei es sich auch im letzteren Fall ausschlie\u00dflich um einfache personenbezogene Daten handelt.<\/p>\n\n\n\n<p><strong>3. Zweck der Datenverarbeitung<\/strong><\/p>\n\n\n\n<p>Die Datenverarbeitung erfolgt ausschlie\u00dflich zu folgenden Zwecken:<br>a. Erf\u00fcllung der von geltenden Verordnungen und Gesetzen vorgesehenen Pflichten, unteranderem in steuerrechtlicher und buchhalterischer Hinsicht<br>b. Erf\u00fcllung von vertraglichen Verpflichtungen gegen\u00fcber den betroffenen Personen<br>c. Aus\u00fcbung der mit der Gesch\u00e4ftst\u00e4tigkeit unseres Betriebes zusammenh\u00e4ngende T\u00e4tigkeiten, wie das Verfassen von internen Statistiken, die Rechnungslegung, die F\u00fchrung von Kunden- und Lieferantenbuchhaltung<br>d. Erstellung eines Angebots<br>e. Versenden von Newslettern<br>f. Erstellung von internen Statistiken<\/p>\n\n\n\n<p><strong>4. Gesetzliche Grundlagen f\u00fcr die Datenverarbeitung:<\/strong><\/p>\n\n\n\n<p>Die Datenverarbeitung erfolgt unter Ber\u00fccksichtigung der gesetzlichen Vorgaben und basiert auf folgende Rechtsgrundlagen gem\u00e4\u00df Art. 6 und 7 DSGVO: Die Datenverarbeitung erfolgt zur Erf\u00fcllung der vereinbarten Leistungen, zur Durchf\u00fchrung von vertraglichen Ma\u00dfnahmen und zur Beantwortung von Anfragen, zur Erf\u00fcllung von rechtlichen Verpflichtungen und Wahrung von berechtigten Interessen, sowie auf Grundlage der Zustimmung der Betroffenen.<\/p>\n\n\n\n<h5 class=\"wp-block-heading\"><strong>5. Modalit\u00e4t der Datenverarbeitung:<\/strong><\/h5>\n\n\n\n<p>Die Datenverarbeitung kann mit oder ohne Hilfe elektronischer, auf jeden Fall automatischer Mittel erfolgen und umfasst Erhebung, Speicherung, Organisation, Aufbewahrung, Abfrage, Verarbeitung im engeren Sinn, \u00c4nderung, Auswahl, Auslese, Vergleichung, Verwendung, Verkn\u00fcpfung, Sperrung, \u00dcbermittlung, L\u00f6schung und Speicherung von Daten.<\/p>\n\n\n\n<p>Die Datenverarbeitung erfolgt sowohl durch den Verantwortlichen der Datenverarbeitung als auch durch Auftragsverarbeiter und Dritte, welche der Verantwortliche mit der Verarbeitung der Daten zur Erf\u00fcllung der unter Punkt 3 vorgesehenen Zwecke beauftragt hat oder in F\u00e4llen, in denen dies vom Gesetzgeregelt ist. Der Verantwortliche der Datenverarbeitung hat sich versichert, dass auch Auftragsverarbeiter und Dritte die personenbezogenen Daten gem\u00e4\u00df der DSGVO verarbeiten.<\/p>\n\n\n\n<p>Die Daten werden bei Bedarf an in- und\/oder ausl\u00e4ndische nat\u00fcrliche und\/oderjuristische Personen weitergegeben, sofern dies der Aus\u00fcbung der unter Punkt 3 vorgesehenen T\u00e4tigkeiten und Zwecke dient. Eine generelle Verbreitung personenbezogener Daten erfolgt jedoch nicht. <br>Im Spezifischen erfolgt die Datenverarbeitung mit folgenden Modalit\u00e4ten:<\/p>\n\n\n\n<p><strong>a. Nutzerkonto:<\/strong><\/p>\n\n\n\n<p>Die personenbezogenen Daten werden bei der Registrierung erfasst und f\u00fcr die Bereitstellung eines Nutzerkontos verarbeitet. Im Rahmen der Registrierungs- und Anmeldefunktion wird weiters die IP-Adresse und der Zeitpunkt der jeweiligen Nutzerhandlung gespeichert.<br>Diese Daten werden nach K\u00fcndigung des Nutzerkontos sofort gel\u00f6scht, sofern die Aufbewahrung nicht f\u00fcr steuerrechtliche oder buchhalterische Zwecke notwendig ist.<\/p>\n\n\n\n<h6 class=\"wp-block-heading\"><strong>b. Kontaktaufnahme:<\/strong><\/h6>\n\n\n\n<p>Bei der Kontaktaufnahme mit der Firma mittels Kontaktformular, E-Mail oder sozialer Medien werden die Angaben des Nutzers zur Bearbeitung der Kontaktanfrage und deren Abwicklung verarbeitet. Dabei k\u00f6nnen die Angaben in einem Customer-Relationship-Management System oder einer vergleichbaren Anfrageorganisation gespeichert werden.<br>Die Anfragen werden gel\u00f6scht, sobald diese nicht mehr erforderlich sind, sofern die Aufbewahrung der Daten nicht der Erf\u00fcllung gesetzlicher Pflichten dient.<\/p>\n\n\n\n<p><strong>c. GoogleTag Manager:<\/strong> <\/p>\n\n\n\n<p>GoogleTag Manager ist eine L\u00f6sung, mit der sog. Website-Tags \u00fcber eine Oberfl\u00e4che verwaltet werden k\u00f6nnen, um Google-Marketing-Dienste in das Onlineangebot einbinden zu k\u00f6nnen, und welcher auf dieser Webseite verwendet wird. Der Tag Manager selbst verarbeitet keine personenbezogenen Daten, f\u00fcr genauere Informationen wird auf die Nutzungsrichtlinien der Google Dienste verwiesen: https:\/\/www.google.com\/intl\/de\/tagmanager\/use-policy.html<\/p>\n\n\n\n<p><strong>d. Google Analytics:<\/strong><\/p>\n\n\n\n<p>Auf dieser Webseite werden zu Marketing- und Optimierungszwecken Analysetools von Google Inc. verwendet. Dabei werden Daten in anonymisierter Form gesammelt und gespeichert. Google Analytics verwendet Cookies, das sind Textdateien, welche auf dem Computer gespeichert werden und welche eine Analyse der Benutzung der Webseite durch den Betroffenen erm\u00f6glichen. Diese Daten werden an einen Server von Google in den USA \u00fcbertragen und dort gespeichert. Die im Rahmen von Google Analytics vom Browser des Betroffenen \u00fcbermittelte IP-Adresse wird nicht mit anderen Daten von Google zusammengef\u00fchrt. Au\u00dferdem wird im Code die \u201eanonymizeIP\u201c Funktion verwendet, welche die Maskierung der IP-Adresse garantiert, sodass alle Daten anonym erhoben werden. Nur in Ausnahmef\u00e4llen wird die volle IP-Adresse an einen Server von Google in den USA \u00fcbertragen und dort gek\u00fcrzt. Die erhobenen Daten werden nicht dazu genutzt, den Besucher dieser Webseite pers\u00f6nlich zu identifizieren, der einzelne Nutzer bleibt anonym, es werden keine Daten an Dritte weitergegeben. Google erstellt aus diesen Informationen im Auftrag des Betreibers der Webseite diverse Reports \u00fcber die Webseiten-Aktivit\u00e4ten.<br>In diesem Zusammenhang werden die Betroffenen auf eine Widerspruchsm\u00f6glichkeit hingewiesen, indem unter https:\/\/tools.google.com\/dlpage\/gaoptout?hl=de das Browser Plugin zur Deaktivierung von Google Analytics installiert wird.<\/p>\n\n\n\n<p><strong>e. Google Adwords und Conversion Messung:<\/strong><\/p>\n\n\n\n<p>Diese Webseite nutzt au\u00dferdem die Dienste der Google LLC, 1600 Amphitheatre Parkway,Mountain View, CA 94043, USA. Google ist unter dem Privacy-Shield-Abkommen zertifiziert und garantiert, das europ\u00e4ische Datenschutzrecht einzuhalten. Diese Webseite nutzt das Onlinemarketingverfahren Google Adwords um Anzeigen im Google-Werbe-Netzwerk zu platzieren, damit sie Nutzern angezeigt werden, die ein mutma\u00dfliches Interesse an den Anzeigen haben. Dies erlaubt es, Anzeigen f\u00fcr und innerhalb des Onlineangebotes dieser Webseite gezielter anzuzeigen, um Nutzern nur Anzeigen zu pr\u00e4sentieren, die potentiell deren Interessenentsprechen. Zu diesem Zweck wird bei Aufruf von Webseiten, auf denen das Google-Werbe-Netzwerk aktiv ist, unmittelbar durch Google ein Code von Google ausgef\u00fchrt und es werden sog. Marketing-Tags in die Webseite eingebunden, mit deren Hilfe auf dem Ger\u00e4t der Nutzer ein individuelles Cookie, d.h. eine kleine Datei abgespeichert wird. In dieser Datei wird vermerkt, welche Webseiten der Nutzer aufsucht, f\u00fcr welche Inhalte er sich interessiert, sowie technische Informationen zum Browser und Betriebssystem und Besuchszeit. Au\u00dferdem erstellt Google mit Hilfe von Conversion-Cookies Statistiken, mittels welcher die Gesamtanzahl der Nutzer, welche die Anzeige angesehen haben, ermittelt wird. Die Nutzer selbst k\u00f6nnen aber nicht pers\u00f6nlich identifiziert werden, sondern Google verarbeitet nur cookie-bezogene Daten innerhalb von anonymisierten Nutzerprofilen, au\u00dfer ein Nutzer erlaubt es Google ausdr\u00fccklich, die Daten ohne Anonymisierung zu verarbeiten. Weitere Informationen dar\u00fcber sind in der Datenschutzerkl\u00e4rung von Google nachlesbar(https:\/\/policies.google.com\/technologies\/ads).<\/p>\n\n\n\n<p><strong>f. Weitergabe von Daten an Domain-Registrierstellen:<\/strong><\/p>\n\n\n\n<p>F\u00fcr die Registrierung der jeweiligen Domains der Betroffenen, m\u00fcssen deren Daten an die jeweiligen nationalen und internationalen Registrierungsstellen der Domains weitergeleitet werden. Hierbei werden nur die absolut notwendigen Personendaten\u00fcbertragen. Die an die Registrare \u00fcbermittelten Daten k\u00f6nnen von Internetnutzern abgefragt und eingesehen werden. Die Registrierungsstellen untersagen eine kommerzielle und missbr\u00e4uchliche Nutzung.<\/p>\n\n\n\n<p><strong>g. Weitergabe von Daten an Zertifikatursteller:<\/strong><\/p>\n\n\n\n<p>F\u00fcr die Ausstellung eines SSL-Zertifikates werden personenbezogene Daten an den Zertifikataussteller \u00fcbermittelt. Hierbei werden nur die absolut notwendigen Daten \u00fcbertragen. Der Betroffene willigt ein, dass diese Daten bei der Erstellung des Zertifikats automatisch an den Zertifikataussteller \u00fcbertragen werden.<\/p>\n\n\n\n<p><strong>h. Betriebswirtschaftliche Analysen und Marktforschung:<\/strong> <\/p>\n\n\n\n<p>Um Markttendenzen sowie W\u00fcnsche der Vertragspartner und Nutzer erkennen zu k\u00f6nnen, werden die vorliegenden Daten zu Gesch\u00e4ftsvorg\u00e4ngen, Anfragen, Vertr\u00e4gen, etc. analysiert. Dabei werden Bestandsdaten, Kommunikationsdaten, Vertragsdaten, Zahlungsdaten, Nutzungsdaten und Metadaten von Vertragspartner, Interessenten, Kunden und Besucher des Onlineangebots verarbeitet. Die Analysen dienen zur Steigerung der Nutzerfreundlichkeit, der Optimierung des Angebots sowie der Betriebswirtschaftlichkeit und werden nicht extern offenbart.<\/p>\n\n\n\n<p><strong>i. Cookies:<\/strong><\/p>\n\n\n\n<p>Beim Besuch der vorliegenden Webseite werden Session Cookies erzeugt, welche nur w\u00e4hrend des Besuchs der Webseite g\u00fcltig sind. Es ist nicht m\u00f6glich, diese Cookies Domain-\u00fcbergreifend auszuwerten, wie es Werbenetzwerke tun und die Cookies dienen auch nicht der Auswertung des Nutzerverhaltens.<\/p>\n\n\n\n<p><strong>6. Bekanntgabe der Daten und Weigerung der Bekanntgabe:<\/strong><\/p>\n\n\n\n<p>Die Bekanntgabe der personenbezogenen Daten ist unverzichtbar f\u00fcr die Erf\u00fcllung der unter Punkt 3 vorgesehenen Zwecke, und die eventuelle Weigerung von Seiten der Betroffenen die Daten bekannt zu geben, hat zur Folge, dass die unter Punkt 3 vorgesehenen Zwecke nicht erf\u00fcllt werden k\u00f6nnen.<\/p>\n\n\n\n<p><strong>7. Speicherung der Daten:<\/strong><\/p>\n\n\n\n<p>Die verarbeiteten Daten werden, sofern in dieser Datenschutzerkl\u00e4rung nicht ausdr\u00fccklich anders angegeben, gel\u00f6scht, sobald sie f\u00fcr die unter Punkt 3 vorgesehenen Zwecke nicht mehr ben\u00f6tigt werden und keine gesetzlichen Aufbewahrungspflichten mehr bestehen. Im Allgemeinen werden die personenbezogenen Daten nicht l\u00e4nger als zwei Jahre aufbewahrt.<br>Sofern die L\u00f6schung aus gesetzlichen Gr\u00fcnden nicht m\u00f6glich ist, wird die Datenverarbeitung eingeschr\u00e4nkt, das hei\u00dft die Daten werden gesperrt und nicht f\u00fcr andere Zwecke verwendet.<\/p>\n\n\n\n<p><strong>8. Rechte des Betroffenen:<\/strong><\/p>\n\n\n\n<p>Die DSGVO erlaubt dem Betroffenen die Aus\u00fcbung spezifischer Rechte:<br>a. Recht auf Auskunft seitens des Verantwortlichen \u00fcber die betreffenden personenbezogenen Daten, sowie auf Berichtigung oder L\u00f6schung oder auf Einschr\u00e4nkung der Verarbeitung, und ein Widerspruchsrecht gegen die Verarbeitung;<br>b. Recht darauf, die eigenen Daten vom Verantwortlichen der Datenverarbeitung in einem strukturierten und verst\u00e4ndlichen Format zu erhalten, soweit m\u00f6glich, auch zum Zweck der Daten\u00fcbertragung an einen anderen Verantwortlichen;<br>c. Recht darauf, die Einwilligung zur Datenverarbeitung jederzeit widerrufen zu k\u00f6nnen, sofern die Gesetzm\u00e4\u00dfigkeit der Verarbeitung auf der Einwilligung des Betroffenen basiert, und ohne, dass die Rechtm\u00e4\u00dfigkeit der aufgrund der Einwilligung bis zum Widerruf erfolgten Verarbeitung ber\u00fchrt wird;<br>d. Recht eine Beschwerde bei der Aufsichtsbeh\u00f6rde f\u00fcr die Datenverarbeitung einzulegen.<\/p>\n\n\n\n<p>Die vorgesehenen Rechte k\u00f6nnen durch eine schriftliche Mitteilung mittels zertifizierter E-Mail an die Adresse logofficina@pec.it oder mittels Einschreiben an die Adresse Sarnserstra\u00dfe 2C, 39042 Bressanone, Bolzano, Italien ausge\u00fcbt werden.<\/p>","protected":false},"excerpt":{"rendered":"<p>Informazioni sul trattamento dei dati ai sensi della Direttiva UE n. 679\/2016 La ditta individuale Luca Accoto &#8211; LogOfficina informa sulla natura, l&#8217;ambito e le finalit\u00e0 del proprio trattamento dei [&hellip;]<\/p>\n","protected":false},"author":1,"featured_media":0,"parent":0,"menu_order":0,"comment_status":"closed","ping_status":"closed","template":"","meta":{"advanced_seo_description":"","jetpack_seo_html_title":"","jetpack_seo_noindex":true,"footnotes":""},"class_list":["post-775","page","type-page","status-publish","hentry"],"jetpack-related-posts":[{"id":750,"url":"https:\/\/logofficina.it\/de\/termini-e-condizioni\/","url_meta":{"origin":775,"position":0},"title":"Allgemeine Gesch\u00e4ftsbedingungen","author":"wp_14398142","date":"Januar 17, 2023","format":false,"excerpt":"1. Introduzione Le presenti Condizioni Generali di Vendita si applicano a tutte le vendite effettuate sul sito logofficina.it Le Condizioni Generali di Vendita possono essere modificate in ogni momento.Eventuali modifiche e\/o nuove condizioni saranno in vigore dal momento della loro pubblicazione nella sezione \u201cCondizioni di Vendita\u201d del Sito. Per questo\u2026","rel":"","context":"\u00c4hnlicher Beitrag","block_context":{"text":"\u00c4hnlicher Beitrag","link":""},"img":{"alt_text":"","src":"","width":0,"height":0},"classes":[]},{"id":7212,"url":"https:\/\/logofficina.it\/de\/","url_meta":{"origin":775,"position":1},"title":"Home","author":"logofficina","date":"Dezember 18, 2025","format":false,"excerpt":"Brand Trova tutti i loghi, stemmi, coprimozzi ed altri accessori per la tua auto Per iniziare seleziona il brand della tua auto... Skoda BMW Audi VW Mercedes Benz Alfa Romeo Cosa dicono di noi Ecco alcune delle ultime recensioni che ci hanno lasciato \"Prodotti di ottima fattura e qualit\u00e0 pari\u2026","rel":"","context":"\u00c4hnlicher Beitrag","block_context":{"text":"\u00c4hnlicher Beitrag","link":""},"img":{"alt_text":"","src":"https:\/\/i0.wp.com\/logofficina.it\/wp-content\/uploads\/2023\/02\/ab041223dcc24d5f8e9c647cfb7fa606.png?resize=350%2C200","width":350,"height":200,"srcset":"https:\/\/i0.wp.com\/logofficina.it\/wp-content\/uploads\/2023\/02\/ab041223dcc24d5f8e9c647cfb7fa606.png?resize=350%2C200 1x, https:\/\/i0.wp.com\/logofficina.it\/wp-content\/uploads\/2023\/02\/ab041223dcc24d5f8e9c647cfb7fa606.png?resize=525%2C300 1.5x, https:\/\/i0.wp.com\/logofficina.it\/wp-content\/uploads\/2023\/02\/ab041223dcc24d5f8e9c647cfb7fa606.png?resize=700%2C400 2x, https:\/\/i0.wp.com\/logofficina.it\/wp-content\/uploads\/2023\/02\/ab041223dcc24d5f8e9c647cfb7fa606.png?resize=1050%2C600 3x, https:\/\/i0.wp.com\/logofficina.it\/wp-content\/uploads\/2023\/02\/ab041223dcc24d5f8e9c647cfb7fa606.png?resize=1400%2C800 4x"},"classes":[]},{"id":531,"url":"https:\/\/logofficina.it\/de\/shop\/","url_meta":{"origin":775,"position":2},"title":"Shop","author":"wp_14398142","date":"Oktober 19, 2022","format":false,"excerpt":"Ecco tutti i logo, emblemi e accessori disponibili su LogOfficina Usa i filtri per trovare gli articoli compatibili con la tua auto o utilizza il campo di ricerca","rel":"","context":"\u00c4hnlicher Beitrag","block_context":{"text":"\u00c4hnlicher Beitrag","link":""},"img":{"alt_text":"","src":"","width":0,"height":0},"classes":[]},{"id":393,"url":"https:\/\/logofficina.it\/de\/aiuto-contatti\/","url_meta":{"origin":775,"position":3},"title":"Hilfe und Kontakt","author":"wp_14398142","date":"Oktober 19, 2022","format":false,"excerpt":"Contattaci Indirizzo Email MAIL:\u00a0info@logofficina.it Sei gi\u00e0 un utente LogOfficina? Se sei gi\u00e0 registrato su logofficina.it apri un ticket di supporto qui:\u00a0Invia Ticket","rel":"","context":"\u00c4hnlicher Beitrag","block_context":{"text":"\u00c4hnlicher Beitrag","link":""},"img":{"alt_text":"","src":"","width":0,"height":0},"classes":[]},{"id":532,"url":"https:\/\/logofficina.it\/de\/carrello\/","url_meta":{"origin":775,"position":4},"title":"Mein Warenkorb","author":"wp_14398142","date":"Oktober 19, 2022","format":false,"excerpt":"","rel":"","context":"\u00c4hnlicher Beitrag","block_context":{"text":"\u00c4hnlicher Beitrag","link":""},"img":{"alt_text":"","src":"","width":0,"height":0},"classes":[]},{"id":533,"url":"https:\/\/logofficina.it\/de\/checkout\/","url_meta":{"origin":775,"position":5},"title":"Checkout","author":"wp_14398142","date":"Oktober 19, 2022","format":false,"excerpt":"","rel":"","context":"\u00c4hnlicher Beitrag","block_context":{"text":"\u00c4hnlicher Beitrag","link":""},"img":{"alt_text":"","src":"","width":0,"height":0},"classes":[]}],"_links":{"self":[{"href":"https:\/\/logofficina.it\/de\/wp-json\/wp\/v2\/pages\/775","targetHints":{"allow":["GET"]}}],"collection":[{"href":"https:\/\/logofficina.it\/de\/wp-json\/wp\/v2\/pages"}],"about":[{"href":"https:\/\/logofficina.it\/de\/wp-json\/wp\/v2\/types\/page"}],"author":[{"embeddable":true,"href":"https:\/\/logofficina.it\/de\/wp-json\/wp\/v2\/users\/1"}],"replies":[{"embeddable":true,"href":"https:\/\/logofficina.it\/de\/wp-json\/wp\/v2\/comments?post=775"}],"version-history":[{"count":0,"href":"https:\/\/logofficina.it\/de\/wp-json\/wp\/v2\/pages\/775\/revisions"}],"wp:attachment":[{"href":"https:\/\/logofficina.it\/de\/wp-json\/wp\/v2\/media?parent=775"}],"curies":[{"name":"wp","href":"https:\/\/api.w.org\/{rel}","templated":true}]}}